{"id":3367,"date":"2022-03-07T08:34:09","date_gmt":"2022-03-07T08:34:09","guid":{"rendered":"https:\/\/hoteiproperties.es\/?page_id=3367"},"modified":"2025-12-02T17:47:58","modified_gmt":"2025-12-02T17:47:58","slug":"canal-de-etica-y-cumplimiento","status":"publish","type":"page","link":"https:\/\/hoteiproperties.es\/en\/compliance\/canal-de-etica-y-cumplimiento\/","title":{"rendered":"Ethics and Compliance Channel"},"content":{"rendered":"<div class=\"wp-block-cover alignfull is-light has-parallax imagenSeccion\"><div class=\"wp-block-cover__image-background wp-image-5116 has-parallax\" style=\"background-position:50% 50%;background-image:url(https:\/\/hoteiproperties.es\/wp-content\/uploads\/2023\/05\/mhre-header-image05.jpg)\"><\/div><span aria-hidden=\"true\" class=\"wp-block-cover__background has-background-dim-10 has-background-dim\"><\/span><div class=\"wp-block-cover__inner-container is-layout-flow wp-block-cover-is-layout-flow\">\n<h1 class=\"wp-block-heading has-text-align-center has-large-font-size\">Ethics and Compliance Channel<\/h1>\n<\/div><\/div>\n\n\n\n<div class=\"inherit-container-width wp-block-group infoSeccion is-layout-constrained wp-block-group-is-layout-constrained\">\n<p>The Ethics and Compliance Channel allows the people related to the company to formulate enquires or communicate possible breaches of the Code of Ethics and Conduct or the Crime Prevention Model. This web platform allows an external manager to receive these notifications, all while maximum confidentiality and the latest technical means are offered to ensure suitable security for the information gathered and stored through the completion of forms.<\/p>\n\n\n\n<p>Once a notification is received through this Channel, it will be sent to the internal control bodies for an immediate response or so they may proceed to implement the control or correction measures necessary.<\/p>\n\n\n\n<p>The Ethics and Compliance Channel can be accessed by clicking on the following link: <a href=\"https:\/\/canal-etico.net\/hoteiproperties\" target=\"_blank\" rel=\"noreferrer noopener\">Ethics and Compliance Channel<\/a><\/p>\n\n\n\n<p><a href=\"https:\/\/hoteiproperties.es\/wp-content\/uploads\/2023\/11\/normas_de_uso_del_canal_etico.pdf\" target=\"_blank\" rel=\"noreferrer noopener\">Operating Rules of Compliance Channel<br><\/a><a href=\"https:\/\/hoteiproperties.es\/wp-content\/uploads\/2023\/11\/reglamento_canal_etico_octubre_2023.pdf\" target=\"_blank\" rel=\"noreferrer noopener\">Rules of Compliance Channel<br><\/a><a href=\"https:\/\/hoteiproperties.es\/wp-content\/uploads\/2023\/11\/politica_de_privacidad.pdf\" target=\"_blank\" rel=\"noreferrer noopener\">Privacy policy of the Compliance Channel<\/a><\/p>\n<\/div>","protected":false},"excerpt":{"rendered":"<p>El Canal de \u00c9tica y Cumplimiento permite a las personas que se relacionen con la compa\u00f1\u00eda formular consultas o comunicar posibles incumplimientos del C\u00f3digo \u00c9tico y de Conducta y del Modelo de Prevenci\u00f3n de Delitos. Esta plataforma web permite que un gestor externo sea quien reciba las comunicaciones aportando m\u00e1xima confidencialidad y los mejores medios &hellip;<\/p>\n<p class=\"read-more\"> <a class=\"\" href=\"https:\/\/hoteiproperties.es\/en\/compliance\/canal-de-etica-y-cumplimiento\/\"> <span class=\"screen-reader-text\">Ethics and Compliance Channel<\/span> Read More &raquo;<\/a><\/p>","protected":false},"author":1,"featured_media":5116,"parent":4151,"menu_order":0,"comment_status":"closed","ping_status":"closed","template":"","meta":{"_acf_changed":false,"_uag_custom_page_level_css":"","site-sidebar-layout":"default","site-content-layout":"plain-container","ast-site-content-layout":"normal-width-container","site-content-style":"unboxed","site-sidebar-style":"unboxed","ast-global-header-display":"","ast-banner-title-visibility":"","ast-main-header-display":"","ast-hfb-above-header-display":"","ast-hfb-below-header-display":"","ast-hfb-mobile-header-display":"","site-post-title":"disabled","ast-breadcrumbs-content":"","ast-featured-img":"disabled","footer-sml-layout":"","theme-transparent-header-meta":"","adv-header-id-meta":"","stick-header-meta":"","header-above-stick-meta":"","header-main-stick-meta":"","header-below-stick-meta":"","astra-migrate-meta-layouts":"set","footnotes":"","_links_to":"","_links_to_target":""},"class_list":["post-3367","page","type-page","status-publish","has-post-thumbnail","hentry"],"acf":[],"uagb_featured_image_src":{"full":["https:\/\/hoteiproperties.es\/wp-content\/uploads\/2023\/05\/mhre-header-image05.jpg",1920,1200,false],"thumbnail":["https:\/\/hoteiproperties.es\/wp-content\/uploads\/2023\/05\/mhre-header-image05-150x150.jpg",150,150,true],"medium":["https:\/\/hoteiproperties.es\/wp-content\/uploads\/2023\/05\/mhre-header-image05-300x188.jpg",300,188,true],"medium_large":["https:\/\/hoteiproperties.es\/wp-content\/uploads\/2023\/05\/mhre-header-image05-768x480.jpg",768,480,true],"large":["https:\/\/hoteiproperties.es\/wp-content\/uploads\/2023\/05\/mhre-header-image05-1024x640.jpg",800,500,true],"1536x1536":["https:\/\/hoteiproperties.es\/wp-content\/uploads\/2023\/05\/mhre-header-image05-1536x960.jpg",1536,960,true],"2048x2048":["https:\/\/hoteiproperties.es\/wp-content\/uploads\/2023\/05\/mhre-header-image05.jpg",1920,1200,false],"trp-custom-language-flag":["https:\/\/hoteiproperties.es\/wp-content\/uploads\/2023\/05\/mhre-header-image05.jpg",18,12,false]},"uagb_author_info":{"display_name":"Alex","author_link":"https:\/\/hoteiproperties.es\/en\/author\/alex\/"},"uagb_comment_info":0,"uagb_excerpt":"El Canal de \u00c9tica y Cumplimiento permite a las personas que se relacionen con la compa\u00f1\u00eda formular consultas o comunicar posibles incumplimientos del C\u00f3digo \u00c9tico y de Conducta y del Modelo de Prevenci\u00f3n de Delitos. Esta plataforma web permite que un gestor externo sea quien reciba las comunicaciones aportando m\u00e1xima confidencialidad y los mejores medios&hellip;","_links":{"self":[{"href":"https:\/\/hoteiproperties.es\/en\/wp-json\/wp\/v2\/pages\/3367","targetHints":{"allow":["GET"]}}],"collection":[{"href":"https:\/\/hoteiproperties.es\/en\/wp-json\/wp\/v2\/pages"}],"about":[{"href":"https:\/\/hoteiproperties.es\/en\/wp-json\/wp\/v2\/types\/page"}],"author":[{"embeddable":true,"href":"https:\/\/hoteiproperties.es\/en\/wp-json\/wp\/v2\/users\/1"}],"replies":[{"embeddable":true,"href":"https:\/\/hoteiproperties.es\/en\/wp-json\/wp\/v2\/comments?post=3367"}],"version-history":[{"count":12,"href":"https:\/\/hoteiproperties.es\/en\/wp-json\/wp\/v2\/pages\/3367\/revisions"}],"predecessor-version":[{"id":8851,"href":"https:\/\/hoteiproperties.es\/en\/wp-json\/wp\/v2\/pages\/3367\/revisions\/8851"}],"up":[{"embeddable":true,"href":"https:\/\/hoteiproperties.es\/en\/wp-json\/wp\/v2\/pages\/4151"}],"wp:featuredmedia":[{"embeddable":true,"href":"https:\/\/hoteiproperties.es\/en\/wp-json\/wp\/v2\/media\/5116"}],"wp:attachment":[{"href":"https:\/\/hoteiproperties.es\/en\/wp-json\/wp\/v2\/media?parent=3367"}],"curies":[{"name":"wp","href":"https:\/\/api.w.org\/{rel}","templated":true}]}}