{"id":3368,"date":"2022-03-07T08:34:12","date_gmt":"2022-03-07T08:34:12","guid":{"rendered":"https:\/\/hoteiproperties.es\/?page_id=3368"},"modified":"2025-04-21T14:44:32","modified_gmt":"2025-04-21T14:44:32","slug":"codigo-etico-y-de-conducta","status":"publish","type":"page","link":"https:\/\/hoteiproperties.es\/en\/compliance\/codigo-etico-y-de-conducta\/","title":{"rendered":"Code of Ethics and Conduct"},"content":{"rendered":"<div class=\"wp-block-cover alignfull is-light has-parallax imagenSeccion\"><div class=\"wp-block-cover__image-background wp-image-5117 has-parallax\" style=\"background-position:50% 50%;background-image:url(https:\/\/hoteiproperties.es\/wp-content\/uploads\/2023\/05\/mhre-header-image02.jpg)\"><\/div><span aria-hidden=\"true\" class=\"wp-block-cover__background has-background-dim-10 has-background-dim\"><\/span><div class=\"wp-block-cover__inner-container is-layout-flow wp-block-cover-is-layout-flow\">\n<h1 class=\"wp-block-heading has-text-align-center has-large-font-size\">Code of Ethics and Conduct<\/h1>\n<\/div><\/div>\n\n\n\n<div class=\"inherit-container-width wp-block-group infoSeccion is-layout-constrained wp-block-group-is-layout-constrained\">\n<p>With the intention of bolstering our values and principles that act as the business culture\u2019s pillars and which underpin the activities of Hotei Properties SOCIMI, the Board of Directors has approved a Code of Ethics and Conduct and established a Crime Prevention Model. In doing so, the company underlines its firm commitment to adapt to and respect current legal standards in addition to the ethical and behavioural principles detailed in internal regulations.<\/p>\n\n\n\n<p>Safeguarding the rights of our employees, monitoring information transparency and preventing corruption are some of the aspects detailed in the Code of Ethics and Conduct, compliance with which is mandatory to guarantee ethical, responsible relationships with our different stakeholders.<\/p>\n\n\n\n<p><a href=\"https:\/\/hoteiproperties.es\/wp-content\/uploads\/2022\/05\/codigo_etico_y_de_conducta_mhre_2022.pdf\" target=\"_blank\" rel=\"noopener noreferrer\">Code of Ethics and Conduct<\/a><\/p>\n<\/div>","protected":false},"excerpt":{"rendered":"<p>Con la finalidad de reafirmar los valores y principios que act\u00faan como pilares de la cultura empresarial y fundamentan las actividades de Hotei Properties SOCIMI, el Consejo de Administraci\u00f3n ha aprobado un C\u00f3digo \u00c9tico y de Conducta, as\u00ed como el establecimiento de un Modelo de Prevenci\u00f3n de Delitos. Con ello la compa\u00f1\u00eda adquiere el firme &hellip;<\/p>\n<p class=\"read-more\"> <a class=\"\" href=\"https:\/\/hoteiproperties.es\/en\/compliance\/codigo-etico-y-de-conducta\/\"> <span class=\"screen-reader-text\">Code of Ethics and Conduct<\/span> Read More &raquo;<\/a><\/p>","protected":false},"author":1,"featured_media":5117,"parent":4151,"menu_order":0,"comment_status":"closed","ping_status":"closed","template":"","meta":{"_acf_changed":false,"_uag_custom_page_level_css":"","site-sidebar-layout":"default","site-content-layout":"plain-container","ast-site-content-layout":"normal-width-container","site-content-style":"unboxed","site-sidebar-style":"unboxed","ast-global-header-display":"","ast-banner-title-visibility":"","ast-main-header-display":"","ast-hfb-above-header-display":"","ast-hfb-below-header-display":"","ast-hfb-mobile-header-display":"","site-post-title":"disabled","ast-breadcrumbs-content":"","ast-featured-img":"disabled","footer-sml-layout":"","theme-transparent-header-meta":"","adv-header-id-meta":"","stick-header-meta":"","header-above-stick-meta":"","header-main-stick-meta":"","header-below-stick-meta":"","astra-migrate-meta-layouts":"set","footnotes":"","_links_to":"","_links_to_target":""},"class_list":["post-3368","page","type-page","status-publish","has-post-thumbnail","hentry"],"acf":[],"uagb_featured_image_src":{"full":["https:\/\/hoteiproperties.es\/wp-content\/uploads\/2023\/05\/mhre-header-image02.jpg",1920,1200,false],"thumbnail":["https:\/\/hoteiproperties.es\/wp-content\/uploads\/2023\/05\/mhre-header-image02-150x150.jpg",150,150,true],"medium":["https:\/\/hoteiproperties.es\/wp-content\/uploads\/2023\/05\/mhre-header-image02-300x188.jpg",300,188,true],"medium_large":["https:\/\/hoteiproperties.es\/wp-content\/uploads\/2023\/05\/mhre-header-image02-768x480.jpg",768,480,true],"large":["https:\/\/hoteiproperties.es\/wp-content\/uploads\/2023\/05\/mhre-header-image02-1024x640.jpg",800,500,true],"1536x1536":["https:\/\/hoteiproperties.es\/wp-content\/uploads\/2023\/05\/mhre-header-image02-1536x960.jpg",1536,960,true],"2048x2048":["https:\/\/hoteiproperties.es\/wp-content\/uploads\/2023\/05\/mhre-header-image02.jpg",1920,1200,false],"trp-custom-language-flag":["https:\/\/hoteiproperties.es\/wp-content\/uploads\/2023\/05\/mhre-header-image02.jpg",18,12,false]},"uagb_author_info":{"display_name":"Alex","author_link":"https:\/\/hoteiproperties.es\/en\/author\/alex\/"},"uagb_comment_info":0,"uagb_excerpt":"Con la finalidad de reafirmar los valores y principios que act\u00faan como pilares de la cultura empresarial y fundamentan las actividades de Hotei Properties SOCIMI, el Consejo de Administraci\u00f3n ha aprobado un C\u00f3digo \u00c9tico y de Conducta, as\u00ed como el establecimiento de un Modelo de Prevenci\u00f3n de Delitos. Con ello la compa\u00f1\u00eda adquiere el firme&hellip;","_links":{"self":[{"href":"https:\/\/hoteiproperties.es\/en\/wp-json\/wp\/v2\/pages\/3368","targetHints":{"allow":["GET"]}}],"collection":[{"href":"https:\/\/hoteiproperties.es\/en\/wp-json\/wp\/v2\/pages"}],"about":[{"href":"https:\/\/hoteiproperties.es\/en\/wp-json\/wp\/v2\/types\/page"}],"author":[{"embeddable":true,"href":"https:\/\/hoteiproperties.es\/en\/wp-json\/wp\/v2\/users\/1"}],"replies":[{"embeddable":true,"href":"https:\/\/hoteiproperties.es\/en\/wp-json\/wp\/v2\/comments?post=3368"}],"version-history":[{"count":13,"href":"https:\/\/hoteiproperties.es\/en\/wp-json\/wp\/v2\/pages\/3368\/revisions"}],"predecessor-version":[{"id":8507,"href":"https:\/\/hoteiproperties.es\/en\/wp-json\/wp\/v2\/pages\/3368\/revisions\/8507"}],"up":[{"embeddable":true,"href":"https:\/\/hoteiproperties.es\/en\/wp-json\/wp\/v2\/pages\/4151"}],"wp:featuredmedia":[{"embeddable":true,"href":"https:\/\/hoteiproperties.es\/en\/wp-json\/wp\/v2\/media\/5117"}],"wp:attachment":[{"href":"https:\/\/hoteiproperties.es\/en\/wp-json\/wp\/v2\/media?parent=3368"}],"curies":[{"name":"wp","href":"https:\/\/api.w.org\/{rel}","templated":true}]}}