{"id":4014,"date":"2019-01-14T11:59:07","date_gmt":"2019-01-14T10:59:07","guid":{"rendered":"https:\/\/hoteiproperties.es\/?page_id=92"},"modified":"2025-04-21T13:59:03","modified_gmt":"2025-04-21T13:59:03","slug":"estrategia","status":"publish","type":"page","link":"https:\/\/hoteiproperties.es\/en\/estrategia\/","title":{"rendered":"Strategy"},"content":{"rendered":"<div class=\"wp-block-cover alignfull is-light has-parallax imagenSeccion\"><div class=\"wp-block-cover__image-background wp-image-5117 has-parallax\" style=\"background-position:50% 50%;background-image:url(https:\/\/hoteiproperties.es\/wp-content\/uploads\/2023\/05\/mhre-header-image02.jpg)\"><\/div><span aria-hidden=\"true\" class=\"wp-block-cover__background has-background-dim-10 has-background-dim\"><\/span><div class=\"wp-block-cover__inner-container is-layout-flow wp-block-cover-is-layout-flow\">\n<h1 class=\"wp-block-heading has-text-align-center has-large-font-size\">Strategy<\/h1>\n<\/div><\/div>\n\n\n\n<div class=\"inherit-container-width wp-block-group alignwide is-layout-constrained wp-block-group-is-layout-constrained\">\n<div class=\"wp-block-media-text alignwide is-stacked-on-mobile is-vertically-aligned-top is-image-fill-element\"><figure class=\"wp-block-media-text__media\"><img loading=\"lazy\" decoding=\"async\" width=\"600\" height=\"600\" src=\"https:\/\/hoteiproperties.es\/wp-content\/uploads\/2023\/06\/foto-estrategia.jpg\" alt=\"estrategia mhre\" class=\"wp-image-5886 size-full\" style=\"object-position:50% 50%\" srcset=\"https:\/\/hoteiproperties.es\/wp-content\/uploads\/2023\/06\/foto-estrategia.jpg 600w, https:\/\/hoteiproperties.es\/wp-content\/uploads\/2023\/06\/foto-estrategia-300x300.jpg 300w, https:\/\/hoteiproperties.es\/wp-content\/uploads\/2023\/06\/foto-estrategia-150x150.jpg 150w, https:\/\/hoteiproperties.es\/wp-content\/uploads\/2023\/06\/foto-estrategia-12x12.jpg 12w\" sizes=\"auto, (max-width: 600px) 100vw, 600px\" \/><\/figure><div class=\"wp-block-media-text__content\">\n<p>HOTEI's strategy is based on generating value through the acquisition of hotel assets for their transformation and repositioning into 5-star hotels.<\/p>\n\n\n\n<p>Our experience shows that landmark real estate assets generate significant additional returns, both in terms of the yields obtained during their operation and in terms of their intrinsic value if, after careful selection of the locations, and the correct approach to the necessary investment, unique buildings are projected through design, interior design and the search for quality and exclusivity.<\/p>\n\n\n\n<p>HOTEI's targeted return is based on shareholder remuneration consisting of the annual distribution of dividends and the creation of value.<\/p>\n\n\n\n<div class=\"wp-block-buttons is-content-justification-center is-layout-flex wp-container-core-buttons-is-layout-a89b3969 wp-block-buttons-is-layout-flex\">\n<div class=\"wp-block-button\"><a class=\"wp-block-button__link wp-element-button\" href=\"https:\/\/hoteiproperties.es\/en\/mhre\/quienes-somos\/\">Who are we?<\/a><\/div>\n<\/div>\n<\/div><\/div>\n<\/div>","protected":false},"excerpt":{"rendered":"<p>La estrategia de HOTEI se basa en la generaci\u00f3n de valor mediante la adquisici\u00f3n de activos hoteleros para su transformaci\u00f3n y reposicionamiento en hoteles de 5 estrellas. Nuestra experiencia demuestra que los activos inmobiliarios&nbsp;emblem\u00e1ticos generan importantes retornos adicionales, tanto en los rendimientos obtenidos durante su explotaci\u00f3n como en el valor intr\u00ednseco de los mismos, si &hellip;<\/p>\n<p class=\"read-more\"> <a class=\"\" href=\"https:\/\/hoteiproperties.es\/en\/estrategia\/\"> <span class=\"screen-reader-text\">Strategy<\/span> Read More &raquo;<\/a><\/p>","protected":false},"author":1,"featured_media":0,"parent":0,"menu_order":0,"comment_status":"closed","ping_status":"closed","template":"template-interior.php","meta":{"_acf_changed":false,"_uag_custom_page_level_css":"","site-sidebar-layout":"default","site-content-layout":"plain-container","ast-site-content-layout":"normal-width-container","site-content-style":"unboxed","site-sidebar-style":"unboxed","ast-global-header-display":"","ast-banner-title-visibility":"","ast-main-header-display":"","ast-hfb-above-header-display":"","ast-hfb-below-header-display":"","ast-hfb-mobile-header-display":"","site-post-title":"disabled","ast-breadcrumbs-content":"","ast-featured-img":"","footer-sml-layout":"","theme-transparent-header-meta":"","adv-header-id-meta":"","stick-header-meta":"","header-above-stick-meta":"","header-main-stick-meta":"","header-below-stick-meta":"","astra-migrate-meta-layouts":"set","footnotes":"","_links_to":"","_links_to_target":""},"class_list":["post-4014","page","type-page","status-publish","hentry"],"acf":[],"uagb_featured_image_src":{"full":false,"thumbnail":false,"medium":false,"medium_large":false,"large":false,"1536x1536":false,"2048x2048":false,"trp-custom-language-flag":false},"uagb_author_info":{"display_name":"Alex","author_link":"https:\/\/hoteiproperties.es\/en\/author\/alex\/"},"uagb_comment_info":0,"uagb_excerpt":"La estrategia de HOTEI se basa en la generaci\u00f3n de valor mediante la adquisici\u00f3n de activos hoteleros para su transformaci\u00f3n y reposicionamiento en hoteles de 5 estrellas. Nuestra experiencia demuestra que los activos inmobiliarios&nbsp;emblem\u00e1ticos generan importantes retornos adicionales, tanto en los rendimientos obtenidos durante su explotaci\u00f3n como en el valor intr\u00ednseco de los mismos, si&hellip;","_links":{"self":[{"href":"https:\/\/hoteiproperties.es\/en\/wp-json\/wp\/v2\/pages\/4014","targetHints":{"allow":["GET"]}}],"collection":[{"href":"https:\/\/hoteiproperties.es\/en\/wp-json\/wp\/v2\/pages"}],"about":[{"href":"https:\/\/hoteiproperties.es\/en\/wp-json\/wp\/v2\/types\/page"}],"author":[{"embeddable":true,"href":"https:\/\/hoteiproperties.es\/en\/wp-json\/wp\/v2\/users\/1"}],"replies":[{"embeddable":true,"href":"https:\/\/hoteiproperties.es\/en\/wp-json\/wp\/v2\/comments?post=4014"}],"version-history":[{"count":29,"href":"https:\/\/hoteiproperties.es\/en\/wp-json\/wp\/v2\/pages\/4014\/revisions"}],"predecessor-version":[{"id":8496,"href":"https:\/\/hoteiproperties.es\/en\/wp-json\/wp\/v2\/pages\/4014\/revisions\/8496"}],"wp:attachment":[{"href":"https:\/\/hoteiproperties.es\/en\/wp-json\/wp\/v2\/media?parent=4014"}],"curies":[{"name":"wp","href":"https:\/\/api.w.org\/{rel}","templated":true}]}}