{"id":4015,"date":"2019-01-14T12:00:50","date_gmt":"2019-01-14T11:00:50","guid":{"rendered":"https:\/\/hoteiproperties.es\/?page_id=96"},"modified":"2026-01-13T13:46:02","modified_gmt":"2026-01-13T13:46:02","slug":"consejo-administracion","status":"publish","type":"page","link":"https:\/\/hoteiproperties.es\/en\/consejo-administracion\/","title":{"rendered":"Board of Directors"},"content":{"rendered":"<div class=\"wp-block-cover alignfull is-light imagenSeccion\"><img loading=\"lazy\" decoding=\"async\" width=\"1920\" height=\"1200\" class=\"wp-block-cover__image-background wp-image-5889\" alt=\"Accionistas\" src=\"https:\/\/hoteiproperties.es\/wp-content\/uploads\/2023\/06\/header-accionistas.jpg\" data-object-fit=\"cover\" srcset=\"https:\/\/hoteiproperties.es\/wp-content\/uploads\/2023\/06\/header-accionistas.jpg 1920w, https:\/\/hoteiproperties.es\/wp-content\/uploads\/2023\/06\/header-accionistas-300x188.jpg 300w, https:\/\/hoteiproperties.es\/wp-content\/uploads\/2023\/06\/header-accionistas-1024x640.jpg 1024w, https:\/\/hoteiproperties.es\/wp-content\/uploads\/2023\/06\/header-accionistas-768x480.jpg 768w, https:\/\/hoteiproperties.es\/wp-content\/uploads\/2023\/06\/header-accionistas-1536x960.jpg 1536w, https:\/\/hoteiproperties.es\/wp-content\/uploads\/2023\/06\/header-accionistas-18x12.jpg 18w\" sizes=\"auto, (max-width: 1920px) 100vw, 1920px\" \/><span aria-hidden=\"true\" class=\"wp-block-cover__background has-background-dim-20 has-background-dim\"><\/span><div class=\"wp-block-cover__inner-container is-layout-flow wp-block-cover-is-layout-flow\">\n<h1 class=\"wp-block-heading has-text-align-center has-large-font-size\">Board of Directors<\/h1>\n<\/div><\/div>\n\n\n\n<div class=\"wp-block-columns fichaConsejero is-layout-flex wp-container-core-columns-is-layout-28f84493 wp-block-columns-is-layout-flex\">\n<div class=\"wp-block-column is-layout-flow wp-block-column-is-layout-flow\">\n<h2 class=\"wp-block-heading\">Javier Mart\u00ednez-Piqueras<\/h2>\n\n\n\n<h3 class=\"wp-block-heading\">Non executive Chairman<\/h3>\n<\/div>\n\n\n\n<div class=\"wp-block-column is-layout-flow wp-block-column-is-layout-flow\">\n<p><span>Date of appointment:<\/span><br>29th July 2021<\/p>\n\n\n\n<p><span>End-of-Term:<\/span><br>13th of November of 2027<\/p>\n<\/div>\n<\/div>\n\n\n\n<p>Javier has spent his professional career in international investment banking for the last 22 years. Initially at Bank of America Merrill Lynch as Managing Director, responsible for the Equity Capital Markets and Corporate Equity Derivatives area for Spain and Portugal. Later, at UBS, he held various positions of responsibility, being the head for Europe, Africa and the Middle East of Equity Capital Markets, member of the Management Committee and of the Operating Committee of the Investment Banking Area in Europe. Subsequently, the Global Head of Equity Capital Markets, Convertibles and Strategic Solutions for Variable Income clients until December 2019. During these years he has advised and led the implementation of more than 500 operations on the capital markets of Europe, Asia, America, the Middle East and Australia for listed companies in transactions for a total amount of more than 500 billion US dollars as a whole.<\/p>\n\n\n\n<p>Javier Mart\u00ednez-Piqueras has a Law Degree and a Degree in Economic &amp; Business Sciences from Universidad Pontificia de Comillas, ICADE (E-3)<\/p>\n\n\n\n<div class=\"wp-block-columns fichaConsejero is-layout-flex wp-container-core-columns-is-layout-28f84493 wp-block-columns-is-layout-flex\">\n<div class=\"wp-block-column is-layout-flow wp-block-column-is-layout-flow\">\n<h2 class=\"wp-block-heading\">Borja Escalada Jim\u00e9nez<\/h2>\n\n\n\n<h3 class=\"wp-block-heading\">Executive Director<\/h3>\n<\/div>\n\n\n\n<div class=\"wp-block-column is-layout-flow wp-block-column-is-layout-flow\">\n<p><span>Date of appointment:<\/span><br>16 of December 2024<\/p>\n\n\n\n<p><span>End-of-Term:<\/span><br>16 of December 2028<\/p>\n<\/div>\n<\/div>\n\n\n\n<p>Borja Escalada Jim\u00e9nez is a graduate in Business Administration and Management from Colegio Universitario de Estudios Financieros (CUNEF).<\/p>\n\n\n\n<p>Borja started his career in the Capital Markets area at Arthur Andersen (now Deloitte). In 2007, he founded Vector Cuatro, a firm specialising in the investment and asset management of renewable energy assets worldwide, having led investments worth USD 4 billion and the asset management of more than 1,200 MW. Subsequently, between 2016 and 2023, he held the position of CEO of RLH Properties, a Mexican listed company in the luxury and ultra-luxury hotel sector. He has also held various executive positions with different funds and entities operating in different sectors, with a particular focus on the hotel sector.<\/p>\n\n\n\n<p>He is managing partner of the Sancus Capital fund, which invests mainly in the hotel, real estate, private equity, energy and venture capital sectors in Spain and Mexico. He is also a member of the governing bodies of various entities in these sectors, and is a director of the companies that own and operate the Rosewood Villa Magna and Bless Madrid hotels.<\/p>\n\n\n\n<div class=\"wp-block-columns fichaConsejero is-layout-flex wp-container-core-columns-is-layout-28f84493 wp-block-columns-is-layout-flex\">\n<div class=\"wp-block-column is-layout-flow wp-block-column-is-layout-flow\">\n<h2 class=\"wp-block-heading\">Ricardo de Armas<\/h2>\n\n\n\n<h3 class=\"wp-block-heading\">Proprietary Director<\/h3>\n<\/div>\n\n\n\n<div class=\"wp-block-column is-layout-flow wp-block-column-is-layout-flow\">\n<p><span>Date of appointment:<\/span><br>13th of November of 2023<\/p>\n\n\n\n<p><span>End-of-Term:<\/span><br>13th of November of 2027<\/p>\n<\/div>\n<\/div>\n\n\n\n<p>Ricardo de Armas is a Managing Director at Castlelake, where he heads the Workouts team. Previously, he was part of Castlelake\u2019s Asset-Backed Direct Lending team and Special Situations team, focused on investments in emerging markets. Prior to joining Castlelake, Ricardo held a senior investment role at an opportunistic family office, where he focused on deep value investments, restructuring and financial advisory. Prior to that, Ricardo was a principal at a private investment firm, where he focused on special situations investments in emerging markets. Earlier in his career, Ricardo was an investment banker with Citigroup\u2019s Latin American group in New York, where he advised companies in a wide range of industry sectors on financial and strategic matters, and a financial analyst and cost manager at Procter &amp; Gamble in Caracas, Venezuela.<\/p>\n\n\n\n<p>Ricardo received his M.B.A. from Harvard Business School and a B.S. from Universidad Metropolitana in business administration. He is bilingual in Spanish and English.<\/p>\n\n\n\n<div class=\"wp-block-columns fichaConsejero is-layout-flex wp-container-core-columns-is-layout-28f84493 wp-block-columns-is-layout-flex\">\n<div class=\"wp-block-column is-layout-flow wp-block-column-is-layout-flow\">\n<h2 class=\"wp-block-heading\">Pablo Castellano<\/h2>\n\n\n\n<h3 class=\"wp-block-heading\">Proprietary Director<\/h3>\n<\/div>\n\n\n\n<div class=\"wp-block-column is-layout-flow wp-block-column-is-layout-flow\">\n<p><span>Date of appointment:<\/span><br>22nd of March of 2024<\/p>\n\n\n\n<p><span>End-of-Term:<\/span><br>27th  of May 2027<\/p>\n<\/div>\n<\/div>\n\n\n\n<p>Pablo Castellano V\u00e1zquez holds a Bachelor's Degree in Business Administration from Pepperdine University in Malibu, California (USA) and a Master's Degree in Business Administration (E-Business) from the Instituto de Empresas (IE) in Madrid.\n\nHe is currently a consultant for Greenalia S.A. and Dolnai Technology. In addition, Pablo is Chairman of the Family Office Nakadama Group, an entity that offers investment and financial asset management services to its clients, one of its main pillars being the real estate sector, where it makes numerous strategic investments in all kinds of properties. Pablo is also Chairman of Alazady Espa\u00f1a S.L., a company specialised in the development of residential, commercial and industrial real estate projects, as well as property management.<\/p>\n\n\n\n<p>Pablo is fluent in English and Spanish, and has an advanced level of French and Portuguese.<\/p>\n\n\n\n<div class=\"wp-block-columns fichaConsejero is-layout-flex wp-container-core-columns-is-layout-28f84493 wp-block-columns-is-layout-flex\">\n<div class=\"wp-block-column is-layout-flow wp-block-column-is-layout-flow\">\n<h2 class=\"wp-block-heading\">Isabel Dutilh<\/h2>\n\n\n\n<h3 class=\"wp-block-heading\">Independent Director<\/h3>\n<\/div>\n\n\n\n<div class=\"wp-block-column is-layout-flow wp-block-column-is-layout-flow\">\n<p><span>Date of appointment:<\/span><br>10 May 2019<\/p>\n\n\n\n<p><span>End-of-Term:<\/span><br>30 May 2027<\/p>\n<\/div>\n<\/div>\n\n\n\n<p>Isabel Dutilh is a founding partner of the law firm specialised in mergers and acquisitions Argali Abogados and is a member of Elecnor's Board of Directors as an Independent (member of the Audit Committee and the Appointments, Remunerations and Sustainability Committee). She is a member of the Board of Directors of Banco de Alcal\u00e1 S.A. as an Independent (Chairman of the Appointments and Remunerations\u2019 Committee and a member of the Supervisory and Audit Committee).<\/p>\n\n\n\n<p>She also chairs the Legal Security working group of the C\u00edrculo de Empresarios, an organisation whereof she was the Deputy Chairman between March 2015 and March 2021.<\/p>\n\n\n\n<p>Isabel has a Law Degree from San Pablo CEU University, two master's degrees, one in Maritime Business from ICADE\/Instituto Mar\u00edtimo Espa\u00f1ol and the second in Maritime Law from the University of Wales. She completed the Leadership in Law Firms program at Harvard University.<\/p>\n\n\n\n<div class=\"wp-block-columns fichaConsejero is-layout-flex wp-container-core-columns-is-layout-28f84493 wp-block-columns-is-layout-flex\">\n<div class=\"wp-block-column is-layout-flow wp-block-column-is-layout-flow\">\n<h2 class=\"wp-block-heading\">Pilar Mu\u00f1oz<\/h2>\n\n\n\n<h3 class=\"wp-block-heading\">Independent Director<\/h3>\n<\/div>\n\n\n\n<div class=\"wp-block-column is-layout-flow wp-block-column-is-layout-flow\">\n<p><span>Date of appointment:<\/span><br>22 June 2022<\/p>\n\n\n\n<p><span>End-of-Term:<\/span><br>21 June 2026<\/p>\n<\/div>\n<\/div>\n\n\n\n<p>Pilar Mu\u00f1oz Sanz has a degree in Law and Economic and Business Sciences from Universidad Pontificia de Comillas (E3) and a Master's in Taxation from the Centro de Estudios Garrigues in Madrid. At present, she is the director of the Internal Tax Advisory Area of Ur\u00eda y Men\u00e9ndez, a firm where she has spent practically her entire professional career. Pilar is also a professor at the Francisco de Vitoria University and the Villanueva University, both in Madrid.<\/p>\n\n\n\n<p>Pilar is fluent in English and Spanish and has an advanced level of French and German.<\/p>","protected":false},"excerpt":{"rendered":"<p>Javier Mart\u00ednez-Piqueras Presidente no Ejecutivo Nombramiento:28 de julio de 2020 Finalizaci\u00f3n:13 de noviembre de 2027 Javier ha desempe\u00f1ado su carrera profesional en la banca de inversi\u00f3n internacional durante los \u00faltimos 22 a\u00f1os. Inicialmente en Bank of Am\u00e9rica Merrill Lynch como Managing Director, responsable del \u00e1rea de Equity Capital Markets y Corporate Equity Derivatives para Espa\u00f1a &hellip;<\/p>\n<p class=\"read-more\"> <a class=\"\" href=\"https:\/\/hoteiproperties.es\/en\/consejo-administracion\/\"> <span class=\"screen-reader-text\">Board of Directors<\/span> Read More &raquo;<\/a><\/p>","protected":false},"author":1,"featured_media":0,"parent":0,"menu_order":0,"comment_status":"closed","ping_status":"closed","template":"template-interior.php","meta":{"_acf_changed":false,"_uag_custom_page_level_css":"","site-sidebar-layout":"default","site-content-layout":"plain-container","ast-site-content-layout":"normal-width-container","site-content-style":"unboxed","site-sidebar-style":"unboxed","ast-global-header-display":"","ast-banner-title-visibility":"","ast-main-header-display":"","ast-hfb-above-header-display":"","ast-hfb-below-header-display":"","ast-hfb-mobile-header-display":"","site-post-title":"disabled","ast-breadcrumbs-content":"","ast-featured-img":"","footer-sml-layout":"","theme-transparent-header-meta":"","adv-header-id-meta":"","stick-header-meta":"","header-above-stick-meta":"","header-main-stick-meta":"","header-below-stick-meta":"","astra-migrate-meta-layouts":"set","footnotes":"","_links_to":"","_links_to_target":""},"class_list":["post-4015","page","type-page","status-publish","hentry"],"acf":[],"uagb_featured_image_src":{"full":false,"thumbnail":false,"medium":false,"medium_large":false,"large":false,"1536x1536":false,"2048x2048":false,"trp-custom-language-flag":false},"uagb_author_info":{"display_name":"Alex","author_link":"https:\/\/hoteiproperties.es\/en\/author\/alex\/"},"uagb_comment_info":0,"uagb_excerpt":"Javier Mart\u00ednez-Piqueras Presidente no Ejecutivo Nombramiento:28 de julio de 2020 Finalizaci\u00f3n:13 de noviembre de 2027 Javier ha desempe\u00f1ado su carrera profesional en la banca de inversi\u00f3n internacional durante los \u00faltimos 22 a\u00f1os. Inicialmente en Bank of Am\u00e9rica Merrill Lynch como Managing Director, responsable del \u00e1rea de Equity Capital Markets y Corporate Equity Derivatives para Espa\u00f1a&hellip;","_links":{"self":[{"href":"https:\/\/hoteiproperties.es\/en\/wp-json\/wp\/v2\/pages\/4015","targetHints":{"allow":["GET"]}}],"collection":[{"href":"https:\/\/hoteiproperties.es\/en\/wp-json\/wp\/v2\/pages"}],"about":[{"href":"https:\/\/hoteiproperties.es\/en\/wp-json\/wp\/v2\/types\/page"}],"author":[{"embeddable":true,"href":"https:\/\/hoteiproperties.es\/en\/wp-json\/wp\/v2\/users\/1"}],"replies":[{"embeddable":true,"href":"https:\/\/hoteiproperties.es\/en\/wp-json\/wp\/v2\/comments?post=4015"}],"version-history":[{"count":73,"href":"https:\/\/hoteiproperties.es\/en\/wp-json\/wp\/v2\/pages\/4015\/revisions"}],"predecessor-version":[{"id":8866,"href":"https:\/\/hoteiproperties.es\/en\/wp-json\/wp\/v2\/pages\/4015\/revisions\/8866"}],"wp:attachment":[{"href":"https:\/\/hoteiproperties.es\/en\/wp-json\/wp\/v2\/media?parent=4015"}],"curies":[{"name":"wp","href":"https:\/\/api.w.org\/{rel}","templated":true}]}}