{"id":4016,"date":"2022-01-20T12:01:00","date_gmt":"2022-01-20T12:01:00","guid":{"rendered":"https:\/\/hoteiproperties.es\/?page_id=98"},"modified":"2026-04-07T23:20:47","modified_gmt":"2026-04-07T21:20:47","slug":"equipo-directivo","status":"publish","type":"page","link":"https:\/\/hoteiproperties.es\/en\/equipo-directivo\/","title":{"rendered":"Leadership team"},"content":{"rendered":"<div class=\"wp-block-cover alignfull is-light has-parallax imagenSeccion\"><div class=\"wp-block-cover__image-background wp-image-5119 has-parallax\" style=\"background-position:50% 50%;background-image:url(https:\/\/hoteiproperties.es\/wp-content\/uploads\/2023\/05\/mhre-header-image04.jpg)\"><\/div><span aria-hidden=\"true\" class=\"wp-block-cover__background has-background-dim-10 has-background-dim\"><\/span><div class=\"wp-block-cover__inner-container is-layout-flow wp-block-cover-is-layout-flow\">\n<h1 class=\"wp-block-heading has-text-align-center has-large-font-size\">Leadership team<\/h1>\n<\/div><\/div>\n\n\n\n<div class=\"wp-block-columns alignfull contEquipo is-layout-flex wp-container-core-columns-is-layout-28f84493 wp-block-columns-is-layout-flex\">\n<div class=\"wp-block-column is-layout-flow wp-block-column-is-layout-flow\">\n<div class=\"wp-block-uagb-image uagb-block-190cf5ce wp-block-uagb-image--layout-default wp-block-uagb-image--effect-static wp-block-uagb-image--align-none\"><figure class=\"wp-block-uagb-image__figure\"><img decoding=\"async\" srcset=\"https:\/\/hoteiproperties.es\/wp-content\/uploads\/2024\/12\/borjac.png ,https:\/\/hoteiproperties.es\/wp-content\/uploads\/2024\/12\/borjac.png 780w, https:\/\/hoteiproperties.es\/wp-content\/uploads\/2024\/12\/borjac.png 360w\" sizes=\"auto, (max-width: 480px) 150px\" src=\"https:\/\/hoteiproperties.es\/wp-content\/uploads\/2024\/12\/borjac.png\" alt=\"\" class=\"uag-image-8139\" width=\"800\" height=\"800\" title=\"borjac\" loading=\"lazy\" role=\"img\"\/><\/figure><\/div>\n\n\n\n<p><a href=\"#linkBorja\"><strong>Borja Escalada Jimenez<\/strong><\/a><br><em>CEO<\/em><\/p>\n<\/div>\n\n\n\n<div class=\"wp-block-column is-layout-flow wp-block-column-is-layout-flow\">\n<figure class=\"wp-block-image size-full\"><a href=\"#linkMaria\"><img loading=\"lazy\" decoding=\"async\" width=\"800\" height=\"800\" src=\"https:\/\/hoteiproperties.es\/wp-content\/uploads\/2023\/07\/maria-pardo.jpg\" alt=\"Mar\u00eda Pardo - Director of Investor Relation and Corporate Communication\" class=\"wp-image-6839\" srcset=\"https:\/\/hoteiproperties.es\/wp-content\/uploads\/2023\/07\/maria-pardo.jpg 800w, https:\/\/hoteiproperties.es\/wp-content\/uploads\/2023\/07\/maria-pardo-300x300.jpg 300w, https:\/\/hoteiproperties.es\/wp-content\/uploads\/2023\/07\/maria-pardo-150x150.jpg 150w, https:\/\/hoteiproperties.es\/wp-content\/uploads\/2023\/07\/maria-pardo-768x768.jpg 768w, https:\/\/hoteiproperties.es\/wp-content\/uploads\/2023\/07\/maria-pardo-12x12.jpg 12w\" sizes=\"auto, (max-width: 800px) 100vw, 800px\" \/><\/a><\/figure>\n\n\n\n<p><strong><a href=\"#linkMaria\">Mar\u00eda Pardo Mart\u00ednez<br><\/a><\/strong><em>Director of Investor Relation, Corporate Communication &amp; Compliance<\/em><\/p>\n<\/div>\n\n\n\n<div class=\"wp-block-column is-layout-flow wp-block-column-is-layout-flow\">\n<figure class=\"wp-block-image size-full\"><a href=\"#linkPedro\"><img loading=\"lazy\" decoding=\"async\" width=\"800\" height=\"800\" src=\"https:\/\/hoteiproperties.es\/wp-content\/uploads\/2023\/07\/pedro-maestre.jpg\" alt=\"Pedro Maestre - CIO\" class=\"wp-image-6844\" srcset=\"https:\/\/hoteiproperties.es\/wp-content\/uploads\/2023\/07\/pedro-maestre.jpg 800w, https:\/\/hoteiproperties.es\/wp-content\/uploads\/2023\/07\/pedro-maestre-300x300.jpg 300w, https:\/\/hoteiproperties.es\/wp-content\/uploads\/2023\/07\/pedro-maestre-150x150.jpg 150w, https:\/\/hoteiproperties.es\/wp-content\/uploads\/2023\/07\/pedro-maestre-768x768.jpg 768w, https:\/\/hoteiproperties.es\/wp-content\/uploads\/2023\/07\/pedro-maestre-12x12.jpg 12w\" sizes=\"auto, (max-width: 800px) 100vw, 800px\" \/><\/a><\/figure>\n\n\n\n<p><strong><a href=\"#linkPedro\">Pedro Maestre Rodr\u00edguez- Vizca\u00edno<br><\/a><\/strong><em>Chief Investment Officer (CIO)<\/em><\/p>\n<\/div>\n\n\n\n<div class=\"wp-block-column is-layout-flow wp-block-column-is-layout-flow\">\n<figure class=\"wp-block-image size-full\"><a href=\"#linkJoseBenito\"><img loading=\"lazy\" decoding=\"async\" width=\"671\" height=\"671\" src=\"https:\/\/hoteiproperties.es\/wp-content\/uploads\/2025\/02\/JOseBnCl.png\" alt=\"\" class=\"wp-image-8322\" style=\"object-fit:cover\" srcset=\"https:\/\/hoteiproperties.es\/wp-content\/uploads\/2025\/02\/JOseBnCl.png 671w, https:\/\/hoteiproperties.es\/wp-content\/uploads\/2025\/02\/JOseBnCl-300x300.png 300w, https:\/\/hoteiproperties.es\/wp-content\/uploads\/2025\/02\/JOseBnCl-500x500.png 500w, https:\/\/hoteiproperties.es\/wp-content\/uploads\/2025\/02\/JOseBnCl-150x150.png 150w, https:\/\/hoteiproperties.es\/wp-content\/uploads\/2025\/02\/JOseBnCl-12x12.png 12w\" sizes=\"auto, (max-width: 671px) 100vw, 671px\" \/><\/a><\/figure>\n\n\n\n<p><a href=\"#linkJoseBenito\" data-type=\"internal\" data-id=\"#linkJoseBenito\"><strong>Jos\u00e9 Mar\u00eda Benito<\/strong><\/a><br><em> Chief Financial Officer (CFO)<\/em><\/p>\n\n\n\n<p><\/p>\n<\/div>\n<\/div>\n\n\n\n<div class=\"inherit-container-width wp-block-group alignwide oculto is-layout-constrained wp-block-group-is-layout-constrained\">\n<div class=\"wp-block-media-text alignwide is-stacked-on-mobile\"><figure class=\"wp-block-media-text__media\"><img loading=\"lazy\" decoding=\"async\" width=\"500\" height=\"500\" src=\"https:\/\/hoteiproperties.es\/wp-content\/uploads\/2024\/01\/luis-basagoiti-2-500x500.jpg\" alt=\"\" class=\"wp-image-7364 size-full\" srcset=\"https:\/\/hoteiproperties.es\/wp-content\/uploads\/2024\/01\/luis-basagoiti-2-500x500.jpg 500w, https:\/\/hoteiproperties.es\/wp-content\/uploads\/2024\/01\/luis-basagoiti-2-300x300.jpg 300w, https:\/\/hoteiproperties.es\/wp-content\/uploads\/2024\/01\/luis-basagoiti-2-150x150.jpg 150w, https:\/\/hoteiproperties.es\/wp-content\/uploads\/2024\/01\/luis-basagoiti-2-768x768.jpg 768w, https:\/\/hoteiproperties.es\/wp-content\/uploads\/2024\/01\/luis-basagoiti-2-12x12.jpg 12w, https:\/\/hoteiproperties.es\/wp-content\/uploads\/2024\/01\/luis-basagoiti-2.jpg 800w\" sizes=\"auto, (max-width: 500px) 100vw, 500px\" \/><\/figure><div class=\"wp-block-media-text__content\">\n<div class=\"inherit-container-width wp-block-group fichaConsejero directivo is-layout-constrained wp-block-group-is-layout-constrained\">\n<h2 class=\"wp-block-heading\"><strong> Luis Basagoiti <\/strong><\/h2>\n\n\n\n<h3 class=\"wp-block-heading\"><strong>Chairman &amp; CEO<\/strong><\/h3>\n<\/div>\n\n\n\n<p>Luis Basagoiti is a renowned professional with more than 35 years of experience in positions of responsibility in the real estate field.<\/p>\n\n\n\n<p>With a degree in Architecture from the Polytechnic University of Madrid, specialising in Structures, and a PhD in Architecture (Cum Laude) from the same university, Luis Basagoiti also holds an MBA in International Business Management from the Universidad Aut\u00f3noma of Madrid and another in Construction and Real Estate Management from the Polytechnic University. He is also an \u201cad honorem\u201d professor at the Higher Technical School of Architecture of Madrid (UPM) and was a researcher in light industrialized prefabrication.<\/p>\n\n\n\n<p>During his extensive professional career, he has held numerous positions of responsibility as CEO and general manager in different companies, including Mapfre Inmuebles (1987-1994 and 2005-2020), Iberdrola Inmobiliaria (1994-2001), Metrovacesa (2001-2003) and Reyal (2003-2005), as well as director and chairman of subsidiaries of these companies.<\/p>\n\n\n\n<p>Currently, Luis Basagoiti is director at MHRE and advisor to the board of Gavari Properties Socimi, position which he will combine with that of executive chairman at MHRE.<\/p>\n<\/div><\/div>\n<\/div>\n\n\n\n<figure class=\"wp-block-image alignfull size-full\" id=\"linkBorja\"><img loading=\"lazy\" decoding=\"async\" width=\"950\" height=\"300\" src=\"https:\/\/hoteiproperties.es\/wp-content\/uploads\/2024\/12\/borjar.png\" alt=\"\" class=\"wp-image-8141\" srcset=\"https:\/\/hoteiproperties.es\/wp-content\/uploads\/2024\/12\/borjar.png 950w, https:\/\/hoteiproperties.es\/wp-content\/uploads\/2024\/12\/borjar-300x95.png 300w, https:\/\/hoteiproperties.es\/wp-content\/uploads\/2024\/12\/borjar-768x243.png 768w, https:\/\/hoteiproperties.es\/wp-content\/uploads\/2024\/12\/borjar-18x6.png 18w\" sizes=\"auto, (max-width: 950px) 100vw, 950px\" \/><\/figure>\n\n\n\n<div class=\"inherit-container-width wp-block-group fichaConsejero directivo is-layout-constrained wp-block-group-is-layout-constrained\">\n<h2 class=\"wp-block-heading\">Borja Escalada Jimenez<\/h2>\n\n\n\n<h3 class=\"wp-block-heading\"><strong>CEO<\/strong><\/h3>\n<\/div>\n\n\n\n<p>Borja Escalada Jim\u00e9nez is a graduate in Business Administration and Management from Colegio Universitario de Estudios Financieros (CUNEF).<\/p>\n\n\n\n<p>Borja started his career in the Capital Markets area at Arthur Andersen (now Deloitte). In 2007, he founded Vector Cuatro, a firm specialising in the investment and asset management of renewable energy assets worldwide, having led investments worth USD 4 billion and the asset management of more than 1,200 MW. Subsequently, between 2016 and 2023, he held the position of CEO of RLH Properties, a Mexican listed company in the luxury and ultra-luxury hotel sector. He has also held various executive positions with different funds and entities operating in different sectors, with a particular focus on the hotel sector.<\/p>\n\n\n\n<p>He is managing partner of the Sancus Capital fund, which invests mainly in the hotel, real estate, private equity, energy and venture capital sectors in Spain and Mexico. He is also a member of the governing bodies of various entities in these sectors, and is a director of the companies that own and operate the Rosewood Villa Magna and Bless Madrid hotels.<\/p>\n\n\n\n<figure class=\"wp-block-image alignfull size-full\" id=\"linkMaria\"><img loading=\"lazy\" decoding=\"async\" width=\"995\" height=\"350\" src=\"https:\/\/hoteiproperties.es\/wp-content\/uploads\/2023\/07\/maria_pardo_responsive.jpg\" alt=\"Mar\u00eda Pardo - Director of Investor Relation and Corporate Communication\" class=\"wp-image-6849\" srcset=\"https:\/\/hoteiproperties.es\/wp-content\/uploads\/2023\/07\/maria_pardo_responsive.jpg 995w, https:\/\/hoteiproperties.es\/wp-content\/uploads\/2023\/07\/maria_pardo_responsive-300x106.jpg 300w, https:\/\/hoteiproperties.es\/wp-content\/uploads\/2023\/07\/maria_pardo_responsive-768x270.jpg 768w, https:\/\/hoteiproperties.es\/wp-content\/uploads\/2023\/07\/maria_pardo_responsive-18x6.jpg 18w\" sizes=\"auto, (max-width: 995px) 100vw, 995px\" \/><\/figure>\n\n\n\n<div class=\"inherit-container-width wp-block-group fichaConsejero directivo is-layout-constrained wp-block-group-is-layout-constrained\">\n<h2 class=\"wp-block-heading\"><strong>Mar\u00eda Pardo Mart\u00ednez<\/strong><\/h2>\n\n\n\n<h3 class=\"wp-block-heading\"><strong>Director of Investor Relation, Corporate Communication &amp; Compliance<\/strong><\/h3>\n<\/div>\n\n\n\n<p>She holds a Degree in Economic and Business Sciences from CUNEF and a Master's in Tax and Fiscal Law at the Centre for Financial Studies. She began her professional career as a Corporate Finance consultant at Price Waterhouse Coopers (PWC). Subsequently, she worked as a Variable Income Financial Analyst at Eurosafei and Bankinter.<\/p>\n\n\n\n<p>From 2007 to 2018 she was the Director of Investor Relations, first at Eurocofin and later at Tinkle. She joined Naturhouse Health SA in 2014 at the time of its IPO in 2015. Combining this last position with that of Director of Investments of Kiluva SA.<\/p>\n\n\n\n<p>Mar\u00eda has also been a Collaborating Professor of the International MBA of Universidad San Pablo CEU and she wrote the prologue to the book \u201cWinning the trust of the shareholders\u201d, by the professor of the University of New York, Baruch Lev.<\/p>\n\n\n\n<figure class=\"wp-block-image alignfull size-full\" id=\"linkPedro\"><img loading=\"lazy\" decoding=\"async\" width=\"995\" height=\"350\" src=\"https:\/\/hoteiproperties.es\/wp-content\/uploads\/2022\/05\/pedro_maestre_responsive.jpg\" alt=\"\" class=\"wp-image-3677\" srcset=\"https:\/\/hoteiproperties.es\/wp-content\/uploads\/2022\/05\/pedro_maestre_responsive.jpg 995w, https:\/\/hoteiproperties.es\/wp-content\/uploads\/2022\/05\/pedro_maestre_responsive-300x106.jpg 300w, https:\/\/hoteiproperties.es\/wp-content\/uploads\/2022\/05\/pedro_maestre_responsive-768x270.jpg 768w\" sizes=\"auto, (max-width: 995px) 100vw, 995px\" \/><\/figure>\n\n\n\n<div class=\"inherit-container-width wp-block-group fichaConsejero directivo is-layout-constrained wp-block-group-is-layout-constrained\">\n<h2 class=\"wp-block-heading\">Pedro Maestre Rodr\u00edguez- Vizca\u00edno<\/h2>\n\n\n\n<h3 class=\"wp-block-heading\"><strong>Chief Investment Officer (CIO)<\/strong><\/h3>\n<\/div>\n\n\n\n<p>Pedro has a degree in Economic and Business Sciences from CUNEF, a Postgraduate Degree in Finance from the University of California, Berkeley, and an MBA with academic distinction from IE Business School.<\/p>\n\n\n\n<p>Before joining Millenium Hospitality Real Estate and, between September 2015 and November 2021, Pedro held the position of Director of Strategic Planning at the NH Hotel Group head offices. During that time he worked on the definition, development and implementation of the Group's 5-year Plan and its strategic initiatives (Brand &amp; Experience, Operations, Digital and Asset Management &amp; Development). He led key complex strategic projects such as the redefinition of NH's operating model, obtaining significant structural savings for the company; the Integration office between NH Hotel Group and Minor International; chain\/portfolio integration processes such as Dedica Anthology and Tivoli Hotels within NH; as well as in the evaluation of synergies on M&amp;A projects, also playing a role as an internal consultant in other operating projects.<\/p>\n\n\n\n<p>Since 2011 and, before joining NH in September 2015, Pedro worked for Vodafone as a Senior Analyst for Business Planning and Strategy, specialising in processes budgeting and forecasting costs of customer acquisition and retention. Pedro began his career at KPMG in the Corporate Finance department.<\/p>\n\n\n\n<p>Pedro is also the co-founder and member of the Board of Directors of Miller &amp; Marc, a fast-growing chain of designer opticians born in 2016, which today operates 11 stores in the main capitals of Spain.<\/p>\n\n\n\n<figure class=\"wp-block-image alignfull size-full\" id=\"linkJoseBenito\"><img loading=\"lazy\" decoding=\"async\" width=\"995\" height=\"350\" src=\"https:\/\/hoteiproperties.es\/wp-content\/uploads\/2025\/02\/JOseLargo.png\" alt=\"\" class=\"wp-image-8303\" srcset=\"https:\/\/hoteiproperties.es\/wp-content\/uploads\/2025\/02\/JOseLargo.png 995w, https:\/\/hoteiproperties.es\/wp-content\/uploads\/2025\/02\/JOseLargo-300x106.png 300w, https:\/\/hoteiproperties.es\/wp-content\/uploads\/2025\/02\/JOseLargo-768x270.png 768w, https:\/\/hoteiproperties.es\/wp-content\/uploads\/2025\/02\/JOseLargo-18x6.png 18w\" sizes=\"auto, (max-width: 995px) 100vw, 995px\" \/><\/figure>\n\n\n\n<div class=\"inherit-container-width wp-block-group fichaConsejero directivo is-layout-constrained wp-block-group-is-layout-constrained\">\n<h2 class=\"wp-block-heading\">Jos\u00e9 Mar\u00eda Benito S\u00e1nchez<\/h2>\n\n\n\n<h3 class=\"wp-block-heading\"><strong>Chief Financial Officer (CFO)<\/strong><\/h3>\n<\/div>\n\n\n\n<p>Jos\u00e9 Mar\u00eda holds a degree in Economics from the University of Salamanca and spent an academic year at the University of Galway in Ireland. He subsequently completed a Master's in Business Administration, specialising in financial management and auditing, at Pompeu Fabra University in Barcelona.<\/p>\n\n\n\n<p>He began his career in 2011 at Ernst &amp; Young (EY) in Madrid, working as an auditor and eventually reaching the position of Senior Audit Manager, a role he held for the last four years of his time at the firm. Before joining MHRE, he provided audit services to top-tier national and international companies across various sectors, including Real Estate, with some being publicly listed.&nbsp;<\/p>\n\n\n\n<p>Since 2023, when he left EY, he has been the Director of Controlling and Reporting at MHRE.<\/p>","protected":false},"excerpt":{"rendered":"<p>Borja Escalada JimenezCEO Mar\u00eda Pardo Mart\u00ednezDirectora de Relaci\u00f3n con Inversores, Comunicaci\u00f3n Corporativa y Cumplimiento Normativo Pedro Maestre Rodr\u00edguez- Vizca\u00ednoDirector de Inversiones (CIO) Jos\u00e9 Mar\u00eda Benito Director Financiero (CFO) Luis Basagoiti Chairman &amp; CEO Luis Basagoiti es un profesional de reconocido prestigio que cuenta con m\u00e1s de 35 a\u00f1os de experiencia en cargos de responsabilidad en &hellip;<\/p>\n<p class=\"read-more\"> <a class=\"\" href=\"https:\/\/hoteiproperties.es\/en\/equipo-directivo\/\"> <span class=\"screen-reader-text\">Leadership team<\/span> Read More &raquo;<\/a><\/p>","protected":false},"author":1,"featured_media":0,"parent":0,"menu_order":0,"comment_status":"closed","ping_status":"closed","template":"template-interior.php","meta":{"_acf_changed":false,"_uag_custom_page_level_css":"","site-sidebar-layout":"default","site-content-layout":"plain-container","ast-site-content-layout":"normal-width-container","site-content-style":"unboxed","site-sidebar-style":"unboxed","ast-global-header-display":"","ast-banner-title-visibility":"","ast-main-header-display":"","ast-hfb-above-header-display":"","ast-hfb-below-header-display":"","ast-hfb-mobile-header-display":"","site-post-title":"disabled","ast-breadcrumbs-content":"","ast-featured-img":"","footer-sml-layout":"","theme-transparent-header-meta":"","adv-header-id-meta":"","stick-header-meta":"","header-above-stick-meta":"","header-main-stick-meta":"","header-below-stick-meta":"","astra-migrate-meta-layouts":"set","footnotes":"","_links_to":"","_links_to_target":""},"class_list":["post-4016","page","type-page","status-publish","hentry"],"acf":[],"uagb_featured_image_src":{"full":false,"thumbnail":false,"medium":false,"medium_large":false,"large":false,"1536x1536":false,"2048x2048":false,"trp-custom-language-flag":false},"uagb_author_info":{"display_name":"Alex","author_link":"https:\/\/hoteiproperties.es\/en\/author\/alex\/"},"uagb_comment_info":0,"uagb_excerpt":"Borja Escalada JimenezCEO Mar\u00eda Pardo Mart\u00ednezDirectora de Relaci\u00f3n con Inversores, Comunicaci\u00f3n Corporativa y Cumplimiento Normativo Pedro Maestre Rodr\u00edguez- Vizca\u00ednoDirector de Inversiones (CIO) Jos\u00e9 Mar\u00eda Benito Director Financiero (CFO) Luis Basagoiti Chairman &amp; CEO Luis Basagoiti es un profesional de reconocido prestigio que cuenta con m\u00e1s de 35 a\u00f1os de experiencia en cargos de responsabilidad en&hellip;","_links":{"self":[{"href":"https:\/\/hoteiproperties.es\/en\/wp-json\/wp\/v2\/pages\/4016","targetHints":{"allow":["GET"]}}],"collection":[{"href":"https:\/\/hoteiproperties.es\/en\/wp-json\/wp\/v2\/pages"}],"about":[{"href":"https:\/\/hoteiproperties.es\/en\/wp-json\/wp\/v2\/types\/page"}],"author":[{"embeddable":true,"href":"https:\/\/hoteiproperties.es\/en\/wp-json\/wp\/v2\/users\/1"}],"replies":[{"embeddable":true,"href":"https:\/\/hoteiproperties.es\/en\/wp-json\/wp\/v2\/comments?post=4016"}],"version-history":[{"count":136,"href":"https:\/\/hoteiproperties.es\/en\/wp-json\/wp\/v2\/pages\/4016\/revisions"}],"predecessor-version":[{"id":8888,"href":"https:\/\/hoteiproperties.es\/en\/wp-json\/wp\/v2\/pages\/4016\/revisions\/8888"}],"wp:attachment":[{"href":"https:\/\/hoteiproperties.es\/en\/wp-json\/wp\/v2\/media?parent=4016"}],"curies":[{"name":"wp","href":"https:\/\/api.w.org\/{rel}","templated":true}]}}