{"id":5327,"date":"2023-06-06T12:59:00","date_gmt":"2023-06-06T12:59:00","guid":{"rendered":"https:\/\/hoteiproperties.es\/?page_id=5327"},"modified":"2023-07-25T14:25:07","modified_gmt":"2023-07-25T14:25:07","slug":"golf-fairmont-la-hacienda","status":"publish","type":"page","link":"https:\/\/hoteiproperties.es\/en\/activos-hoteles\/golf-fairmont-la-hacienda\/","title":{"rendered":"Golf &#8211; Fairmont La Hacienda"},"content":{"rendered":"<div class=\"inherit-container-width wp-block-group contVideo is-layout-constrained wp-block-group-is-layout-constrained\"><div class=\"n2_clear\"><ss3-force-full-width data-overflow-x=\"body\" data-horizontal-selector=\"body\"><div class=\"n2-section-smartslider fitvidsignore  n2_clear\" data-ssid=\"9\"><div id=\"n2-ss-9-align\" class=\"n2-ss-align\"><div class=\"n2-padding\"><div id=\"n2-ss-9\" data-creator=\"Smart Slider 3\" data-responsive=\"fullwidth\" class=\"n2-ss-slider n2-ow n2-has-hover n2notransition\">\n        <div class=\"n2-ss-slider-1 n2-ow\">\n            <div class=\"n2-ss-slider-2 n2-ow\">\n                <div class=\"n2-ss-slide-backgrounds n2-ow-all\"><div class=\"n2-ss-slide-background\" data-public-id=\"1\" data-mode=\"fill\"><div data-color=\"RGBA(255,255,255,0)\" style=\"background-color: RGBA(255,255,255,0);\" class=\"n2-ss-slide-background-color\"><\/div><\/div><\/div>                <div class=\"n2-ss-slider-3 n2-ow\">\n                    <svg xmlns=\"http:\/\/www.w3.org\/2000\/svg\" viewbox=\"0 0 1920 800\" data-related-device=\"desktopPortrait\" class=\"n2-ow n2-ss-preserve-size n2-ss-preserve-size--slider n2-ss-slide-limiter\"><\/svg><div data-first=\"1\" data-slide-duration=\"0\" data-id=\"33\" data-slide-public-id=\"1\" data-title=\"Fairmont La Hacienda - Golf\" class=\"n2-ss-slide n2-ow  n2-ss-slide-33\"><div role=\"note\" class=\"n2-ss-slide--focus\" tabindex=\"-1\">Fairmont La Hacienda &#8211; Golf<\/div><div class=\"n2-ss-layers-container n2-ss-slide-limiter n2-ow\"><div class=\"n2-ss-layer n2-ow n-uc-7QrQhbeZXtrv\" data-sstype=\"slide\" data-pm=\"default\"><div class=\"n2-ss-layer n2-ow n-uc-JOIephfrNX3i\" data-pm=\"default\" data-sstype=\"content\" data-hasbackground=\"0\"><div class=\"n2-ss-section-main-content n2-ss-layer-with-background n2-ss-layer-content n2-ow n-uc-JOIephfrNX3i-inner\"><div class=\"n2-ss-layer n2-ow n-uc-qOxSvCp8ykCG\" data-pm=\"normal\" data-sstype=\"layer\"><div id=\"n2-ss-9item1\" class=\"n2_ss_video_player n2-ss-item-content n2-ow-all\" data-aspect-ratio=\"16:9\"><div class=\"n2_ss_video_player__placeholder\" ><\/div><div id=\"n2-ss-9item1-frame\"><\/div><div class=\"n2_ss_video_player__cover\" data-force-pointer=\"\"><picture class=\"n2-ow-all skip-lazy\" data-skip-lazy=\"1\"><img loading=\"lazy\" decoding=\"async\" class=\"n2_ss_video_cover skip-lazy\" alt=\"Play\" width=\"1920\" height=\"1200\" data-skip-lazy=\"1\" src=\"\/\/hoteiproperties.es\/wp-content\/uploads\/2023\/06\/header-fairmont_la_hacienda_golf.jpg\" \/><\/picture><\/div><\/div><\/div><\/div><\/div><\/div><\/div><\/div>                <\/div>\n                            <\/div>\n        <\/div>\n        <\/div><ss3-loader><\/ss3-loader><\/div><\/div><div class=\"n2_clear\"><\/div><\/div><\/ss3-force-full-width><\/div><\/div>\n\n\n\n<div class=\"wp-block-cover alignfull is-light has-parallax imagenSeccion oculto\"><span aria-hidden=\"true\" class=\"wp-block-cover__background has-background-dim-0 has-background-dim\"><\/span><div role=\"img\" class=\"wp-block-cover__image-background wp-image-5325 has-parallax\" style=\"background-position:50% 50%;background-image:url(https:\/\/hoteiproperties.es\/wp-content\/uploads\/2023\/06\/header-fairmont_la_hacienda_golf.jpg)\"><\/div><div class=\"wp-block-cover__inner-container is-layout-flow wp-block-cover-is-layout-flow\">\n<h1 class=\"wp-block-heading has-text-align-center has-large-font-size\">La Hacienda Links Golf<\/h1>\n<\/div><\/div>\n\n\n\n<div class=\"inherit-container-width wp-block-group alignfull fichaActivo fairmont-lahacienda-golf is-layout-constrained wp-block-group-is-layout-constrained\">\n<div class=\"wp-block-columns is-layout-flex wp-container-core-columns-is-layout-28f84493 wp-block-columns-is-layout-flex\">\n<div class=\"wp-block-column is-layout-flow wp-block-column-is-layout-flow\"><\/div>\n\n\n\n<div class=\"wp-block-column colFicha is-layout-flow wp-block-column-is-layout-flow\">\n<h2 class=\"wp-block-heading\">LA HACIENDA LINKS GOLF<\/h2>\n\n\n\n<ul class=\"wp-block-list\">\n<li>Location: C\u00e1diz<\/li>\n\n\n\n<li>Courses:\n<ul class=\"wp-block-list\">\n<li>Links Golf Course<\/li>\n\n\n\n<li>Heathland Golf Course<\/li>\n<\/ul>\n<\/li>\n\n\n\n<li>Status: In operation<\/li>\n\n\n\n<li>Address: Avenida del Golf s\/n. San Roque, C\u00e1diz<\/li>\n\n\n\n<li><a href=\"https:\/\/www.lahaciendagolf.com\/es\/\" target=\"_blank\" rel=\"noreferrer noopener\">Web Site<\/a><\/li>\n<\/ul>\n<\/div>\n<\/div>\n<\/div>\n\n\n\n<div class=\"inherit-container-width wp-block-group infoSeccion is-layout-constrained wp-block-group-is-layout-constrained\">\n<p>Located in some of the most privileged surroundings on the&nbsp;<strong>Costa del Sol<\/strong>and very close to such iconic destinations as&nbsp;<strong>Valderrama<\/strong>&nbsp;and&nbsp;<strong>Sotogrande.<\/strong><br>\u201cLa Hacienda Links Golf Resort\u201d is an exclusive&nbsp;<strong>Golf Club<\/strong>&nbsp;that offers the chance to enjoy two world-class golf courses,&nbsp;<strong>LINKS<\/strong>&nbsp;(the only Links course in southern Europe) and&nbsp;<strong>HEATHLAND,<\/strong>&nbsp;for a total of 36 holes. These courses have already become a benchmark in the world of golf due to both their designs and their impressive views of the sea, Gibraltar and Africa.<\/p>\n\n\n\n<p class=\"translation-block\"><a rel=\"noreferrer noopener\" href=\"https:\/\/www.europeantourdestinations.com\/\" target=\"_blank\"><strong>EUROPEAN TOUR DESTINATION<\/strong><\/a>\u00a0recently accepted \u201cLa Hacienda Links Golf Resort\u201d as a member, a distinction only given to the best Golf Clubs in the world.<\/p>\n<\/div>\n\n\n\n<div class=\"inherit-container-width wp-block-group alignfull contGaleria is-layout-constrained wp-block-group-is-layout-constrained\">\n<figure class=\"wp-block-gallery has-nested-images columns-default uag-masonry uagb-block-74523de1 wp-block-gallery-1 is-layout-flex wp-block-gallery-is-layout-flex\">\n<figure class=\"wp-block-image size-large\"><a href=\"https:\/\/hoteiproperties.es\/wp-content\/uploads\/2023\/06\/fairmont_la_hacienda-golf11.jpg\"><img loading=\"lazy\" decoding=\"async\" width=\"913\" height=\"1024\" data-id=\"5809\" src=\"https:\/\/hoteiproperties.es\/wp-content\/uploads\/2023\/06\/fairmont_la_hacienda-golf11-913x1024.jpg\" alt=\"Campos de golf Fairmont La Hacienda\" class=\"wp-image-5809\" srcset=\"https:\/\/hoteiproperties.es\/wp-content\/uploads\/2023\/06\/fairmont_la_hacienda-golf11-913x1024.jpg 913w, https:\/\/hoteiproperties.es\/wp-content\/uploads\/2023\/06\/fairmont_la_hacienda-golf11-268x300.jpg 268w, https:\/\/hoteiproperties.es\/wp-content\/uploads\/2023\/06\/fairmont_la_hacienda-golf11-768x861.jpg 768w, https:\/\/hoteiproperties.es\/wp-content\/uploads\/2023\/06\/fairmont_la_hacienda-golf11-11x12.jpg 11w, https:\/\/hoteiproperties.es\/wp-content\/uploads\/2023\/06\/fairmont_la_hacienda-golf11.jpg 1024w\" sizes=\"auto, (max-width: 913px) 100vw, 913px\" \/><\/a><\/figure>\n\n\n\n<figure class=\"wp-block-image size-large\"><a href=\"https:\/\/hoteiproperties.es\/wp-content\/uploads\/2023\/06\/fairmont_la_hacienda-golf09.jpg\"><img loading=\"lazy\" decoding=\"async\" width=\"1024\" height=\"640\" data-id=\"5807\" src=\"https:\/\/hoteiproperties.es\/wp-content\/uploads\/2023\/06\/fairmont_la_hacienda-golf09.jpg\" alt=\"Campos de golf Fairmont La Hacienda\" class=\"wp-image-5807\" srcset=\"https:\/\/hoteiproperties.es\/wp-content\/uploads\/2023\/06\/fairmont_la_hacienda-golf09.jpg 1024w, https:\/\/hoteiproperties.es\/wp-content\/uploads\/2023\/06\/fairmont_la_hacienda-golf09-300x188.jpg 300w, https:\/\/hoteiproperties.es\/wp-content\/uploads\/2023\/06\/fairmont_la_hacienda-golf09-768x480.jpg 768w, https:\/\/hoteiproperties.es\/wp-content\/uploads\/2023\/06\/fairmont_la_hacienda-golf09-18x12.jpg 18w\" sizes=\"auto, (max-width: 1024px) 100vw, 1024px\" \/><\/a><\/figure>\n\n\n\n<figure class=\"wp-block-image size-large\"><a href=\"https:\/\/hoteiproperties.es\/wp-content\/uploads\/2023\/06\/fairmont_la_hacienda-golf08.jpg\"><img loading=\"lazy\" decoding=\"async\" width=\"1024\" height=\"640\" data-id=\"5806\" src=\"https:\/\/hoteiproperties.es\/wp-content\/uploads\/2023\/06\/fairmont_la_hacienda-golf08.jpg\" alt=\"Campos de golf Fairmont La Hacienda\" class=\"wp-image-5806\" srcset=\"https:\/\/hoteiproperties.es\/wp-content\/uploads\/2023\/06\/fairmont_la_hacienda-golf08.jpg 1024w, https:\/\/hoteiproperties.es\/wp-content\/uploads\/2023\/06\/fairmont_la_hacienda-golf08-300x188.jpg 300w, https:\/\/hoteiproperties.es\/wp-content\/uploads\/2023\/06\/fairmont_la_hacienda-golf08-768x480.jpg 768w, https:\/\/hoteiproperties.es\/wp-content\/uploads\/2023\/06\/fairmont_la_hacienda-golf08-18x12.jpg 18w\" sizes=\"auto, (max-width: 1024px) 100vw, 1024px\" \/><\/a><\/figure>\n\n\n\n<figure class=\"wp-block-image size-large\"><a href=\"https:\/\/hoteiproperties.es\/wp-content\/uploads\/2023\/06\/fairmont_la_hacienda-golf10.jpg\"><img loading=\"lazy\" decoding=\"async\" width=\"1024\" height=\"418\" data-id=\"5808\" src=\"https:\/\/hoteiproperties.es\/wp-content\/uploads\/2023\/06\/fairmont_la_hacienda-golf10-1024x418.jpg\" alt=\"Campos de golf Fairmont La Hacienda\" class=\"wp-image-5808\" srcset=\"https:\/\/hoteiproperties.es\/wp-content\/uploads\/2023\/06\/fairmont_la_hacienda-golf10-1024x418.jpg 1024w, https:\/\/hoteiproperties.es\/wp-content\/uploads\/2023\/06\/fairmont_la_hacienda-golf10-300x123.jpg 300w, https:\/\/hoteiproperties.es\/wp-content\/uploads\/2023\/06\/fairmont_la_hacienda-golf10-768x314.jpg 768w, https:\/\/hoteiproperties.es\/wp-content\/uploads\/2023\/06\/fairmont_la_hacienda-golf10-18x7.jpg 18w, https:\/\/hoteiproperties.es\/wp-content\/uploads\/2023\/06\/fairmont_la_hacienda-golf10.jpg 1033w\" sizes=\"auto, (max-width: 1024px) 100vw, 1024px\" \/><\/a><\/figure>\n\n\n\n<figure class=\"wp-block-image size-large\"><a href=\"https:\/\/hoteiproperties.es\/wp-content\/uploads\/2023\/06\/fairmont_la_hacienda-golf07.jpg\"><img loading=\"lazy\" decoding=\"async\" width=\"767\" height=\"1024\" data-id=\"5596\" src=\"https:\/\/hoteiproperties.es\/wp-content\/uploads\/2023\/06\/fairmont_la_hacienda-golf07-767x1024.jpg\" alt=\"Campos de golf Fairmont La Hacienda\" class=\"wp-image-5596\" srcset=\"https:\/\/hoteiproperties.es\/wp-content\/uploads\/2023\/06\/fairmont_la_hacienda-golf07-767x1024.jpg 767w, https:\/\/hoteiproperties.es\/wp-content\/uploads\/2023\/06\/fairmont_la_hacienda-golf07-225x300.jpg 225w, https:\/\/hoteiproperties.es\/wp-content\/uploads\/2023\/06\/fairmont_la_hacienda-golf07-768x1025.jpg 768w, https:\/\/hoteiproperties.es\/wp-content\/uploads\/2023\/06\/fairmont_la_hacienda-golf07.jpg 899w\" sizes=\"auto, (max-width: 767px) 100vw, 767px\" \/><\/a><\/figure>\n\n\n\n<figure class=\"wp-block-image size-large\"><a href=\"https:\/\/hoteiproperties.es\/wp-content\/uploads\/2023\/06\/fairmont_la_hacienda-golf05.jpg\"><img loading=\"lazy\" decoding=\"async\" width=\"1024\" height=\"640\" data-id=\"5594\" src=\"https:\/\/hoteiproperties.es\/wp-content\/uploads\/2023\/06\/fairmont_la_hacienda-golf05.jpg\" alt=\"Campos de golf Fairmont La Hacienda\" class=\"wp-image-5594\" srcset=\"https:\/\/hoteiproperties.es\/wp-content\/uploads\/2023\/06\/fairmont_la_hacienda-golf05.jpg 1024w, https:\/\/hoteiproperties.es\/wp-content\/uploads\/2023\/06\/fairmont_la_hacienda-golf05-300x188.jpg 300w, https:\/\/hoteiproperties.es\/wp-content\/uploads\/2023\/06\/fairmont_la_hacienda-golf05-768x480.jpg 768w\" sizes=\"auto, (max-width: 1024px) 100vw, 1024px\" \/><\/a><\/figure>\n\n\n\n<figure class=\"wp-block-image size-large\"><a href=\"https:\/\/hoteiproperties.es\/wp-content\/uploads\/2023\/06\/fairmont_la_hacienda-golf04.jpg\"><img loading=\"lazy\" decoding=\"async\" width=\"1024\" height=\"640\" data-id=\"5593\" src=\"https:\/\/hoteiproperties.es\/wp-content\/uploads\/2023\/06\/fairmont_la_hacienda-golf04.jpg\" alt=\"Campos de golf Fairmont La Hacienda\" class=\"wp-image-5593\" srcset=\"https:\/\/hoteiproperties.es\/wp-content\/uploads\/2023\/06\/fairmont_la_hacienda-golf04.jpg 1024w, https:\/\/hoteiproperties.es\/wp-content\/uploads\/2023\/06\/fairmont_la_hacienda-golf04-300x188.jpg 300w, https:\/\/hoteiproperties.es\/wp-content\/uploads\/2023\/06\/fairmont_la_hacienda-golf04-768x480.jpg 768w\" sizes=\"auto, (max-width: 1024px) 100vw, 1024px\" \/><\/a><\/figure>\n\n\n\n<figure class=\"wp-block-image size-large\"><a href=\"https:\/\/hoteiproperties.es\/wp-content\/uploads\/2023\/06\/fairmont_la_hacienda-golf03.jpg\"><img loading=\"lazy\" decoding=\"async\" width=\"1024\" height=\"640\" data-id=\"5592\" src=\"https:\/\/hoteiproperties.es\/wp-content\/uploads\/2023\/06\/fairmont_la_hacienda-golf03.jpg\" alt=\"Campos de golf Fairmont La Hacienda\" class=\"wp-image-5592\" srcset=\"https:\/\/hoteiproperties.es\/wp-content\/uploads\/2023\/06\/fairmont_la_hacienda-golf03.jpg 1024w, https:\/\/hoteiproperties.es\/wp-content\/uploads\/2023\/06\/fairmont_la_hacienda-golf03-300x188.jpg 300w, https:\/\/hoteiproperties.es\/wp-content\/uploads\/2023\/06\/fairmont_la_hacienda-golf03-768x480.jpg 768w\" sizes=\"auto, (max-width: 1024px) 100vw, 1024px\" \/><\/a><\/figure>\n\n\n\n<figure class=\"wp-block-image size-large\"><a href=\"https:\/\/hoteiproperties.es\/wp-content\/uploads\/2023\/06\/fairmont_la_hacienda-golf02.jpg\"><img loading=\"lazy\" decoding=\"async\" width=\"1024\" height=\"640\" data-id=\"5591\" src=\"https:\/\/hoteiproperties.es\/wp-content\/uploads\/2023\/06\/fairmont_la_hacienda-golf02.jpg\" alt=\"Campos de golf Fairmont La Hacienda\" class=\"wp-image-5591\" srcset=\"https:\/\/hoteiproperties.es\/wp-content\/uploads\/2023\/06\/fairmont_la_hacienda-golf02.jpg 1024w, https:\/\/hoteiproperties.es\/wp-content\/uploads\/2023\/06\/fairmont_la_hacienda-golf02-300x188.jpg 300w, https:\/\/hoteiproperties.es\/wp-content\/uploads\/2023\/06\/fairmont_la_hacienda-golf02-768x480.jpg 768w\" sizes=\"auto, (max-width: 1024px) 100vw, 1024px\" \/><\/a><\/figure>\n\n\n\n<figure class=\"wp-block-image size-large\"><a href=\"https:\/\/hoteiproperties.es\/wp-content\/uploads\/2023\/06\/fairmont_la_hacienda-golf06.jpg\"><img loading=\"lazy\" decoding=\"async\" width=\"603\" height=\"1024\" data-id=\"5595\" src=\"https:\/\/hoteiproperties.es\/wp-content\/uploads\/2023\/06\/fairmont_la_hacienda-golf06-603x1024.jpg\" alt=\"Campos de golf Fairmont La Hacienda\" class=\"wp-image-5595\" srcset=\"https:\/\/hoteiproperties.es\/wp-content\/uploads\/2023\/06\/fairmont_la_hacienda-golf06-603x1024.jpg 603w, https:\/\/hoteiproperties.es\/wp-content\/uploads\/2023\/06\/fairmont_la_hacienda-golf06-177x300.jpg 177w, https:\/\/hoteiproperties.es\/wp-content\/uploads\/2023\/06\/fairmont_la_hacienda-golf06.jpg 707w\" sizes=\"auto, (max-width: 603px) 100vw, 603px\" \/><\/a><\/figure>\n\n\n\n<figure class=\"wp-block-image size-large\"><a href=\"https:\/\/hoteiproperties.es\/wp-content\/uploads\/2023\/06\/fairmont_la_hacienda-golf01.jpg\"><img loading=\"lazy\" decoding=\"async\" width=\"1024\" height=\"640\" data-id=\"5590\" src=\"https:\/\/hoteiproperties.es\/wp-content\/uploads\/2023\/06\/fairmont_la_hacienda-golf01.jpg\" alt=\"Campos de golf Fairmont La Hacienda\" class=\"wp-image-5590\" srcset=\"https:\/\/hoteiproperties.es\/wp-content\/uploads\/2023\/06\/fairmont_la_hacienda-golf01.jpg 1024w, https:\/\/hoteiproperties.es\/wp-content\/uploads\/2023\/06\/fairmont_la_hacienda-golf01-300x188.jpg 300w, https:\/\/hoteiproperties.es\/wp-content\/uploads\/2023\/06\/fairmont_la_hacienda-golf01-768x480.jpg 768w\" sizes=\"auto, (max-width: 1024px) 100vw, 1024px\" \/><\/a><\/figure>\n<\/figure>\n<\/div>\n\n\n\n<div class=\"wp-block-buttons is-content-justification-center is-layout-flex wp-container-core-buttons-is-layout-a89b3969 wp-block-buttons-is-layout-flex\">\n<div class=\"wp-block-button\"><a class=\"wp-block-button__link wp-element-button\" href=\"https:\/\/hoteiproperties.es\/en\/activos-hoteles\/\">HOTELS<\/a><\/div>\n\n\n\n<div class=\"wp-block-button\"><a class=\"wp-block-button__link wp-element-button\" href=\"https:\/\/hoteiproperties.es\/en\/activos-hoteles\/fairmont-la-hacienda\/\">fairmont la hacienda<\/a><\/div>\n<\/div>","protected":false},"excerpt":{"rendered":"<p>LA HACIENDA LINKS GOLF Situado en uno de los enclaves m\u00e1s privilegiados de la&nbsp;Costa del Sol, muy cerca de lugares emblem\u00e1ticos c\u00f3mo&nbsp;Valderrama&nbsp;o&nbsp;Sotogrande.\u201cLa Hacienda Links Golf Resort\u201d es un exclusivo&nbsp;Club de Golf&nbsp;que ofrece la oportunidad de disfrutar de dos campos de golf de clase mundial,&nbsp;LINKS&nbsp;(\u00fanico campo Links del sur de Europa) y&nbsp;HEATHLAND,&nbsp;un total de 36 hoyos &hellip;<\/p>\n<p class=\"read-more\"> <a class=\"\" href=\"https:\/\/hoteiproperties.es\/en\/activos-hoteles\/golf-fairmont-la-hacienda\/\"> <span class=\"screen-reader-text\">Golf &#8211; Fairmont La Hacienda<\/span> Read More &raquo;<\/a><\/p>","protected":false},"author":1,"featured_media":5325,"parent":12,"menu_order":0,"comment_status":"closed","ping_status":"closed","template":"","meta":{"_acf_changed":false,"_uag_custom_page_level_css":"","site-sidebar-layout":"default","site-content-layout":"","ast-site-content-layout":"","site-content-style":"default","site-sidebar-style":"default","ast-global-header-display":"","ast-banner-title-visibility":"","ast-main-header-display":"","ast-hfb-above-header-display":"","ast-hfb-below-header-display":"","ast-hfb-mobile-header-display":"","site-post-title":"disabled","ast-breadcrumbs-content":"","ast-featured-img":"disabled","footer-sml-layout":"","theme-transparent-header-meta":"","adv-header-id-meta":"","stick-header-meta":"","header-above-stick-meta":"","header-main-stick-meta":"","header-below-stick-meta":"","astra-migrate-meta-layouts":"","footnotes":"","_links_to":"","_links_to_target":""},"class_list":["post-5327","page","type-page","status-publish","has-post-thumbnail","hentry"],"acf":[],"uagb_featured_image_src":{"full":["https:\/\/hoteiproperties.es\/wp-content\/uploads\/2023\/06\/header-fairmont_la_hacienda_golf.jpg",1920,1200,false],"thumbnail":["https:\/\/hoteiproperties.es\/wp-content\/uploads\/2023\/06\/header-fairmont_la_hacienda_golf-150x150.jpg",150,150,true],"medium":["https:\/\/hoteiproperties.es\/wp-content\/uploads\/2023\/06\/header-fairmont_la_hacienda_golf-300x188.jpg",300,188,true],"medium_large":["https:\/\/hoteiproperties.es\/wp-content\/uploads\/2023\/06\/header-fairmont_la_hacienda_golf-768x480.jpg",768,480,true],"large":["https:\/\/hoteiproperties.es\/wp-content\/uploads\/2023\/06\/header-fairmont_la_hacienda_golf-1024x640.jpg",800,500,true],"1536x1536":["https:\/\/hoteiproperties.es\/wp-content\/uploads\/2023\/06\/header-fairmont_la_hacienda_golf-1536x960.jpg",1536,960,true],"2048x2048":["https:\/\/hoteiproperties.es\/wp-content\/uploads\/2023\/06\/header-fairmont_la_hacienda_golf.jpg",1920,1200,false],"trp-custom-language-flag":["https:\/\/hoteiproperties.es\/wp-content\/uploads\/2023\/06\/header-fairmont_la_hacienda_golf.jpg",18,12,false]},"uagb_author_info":{"display_name":"Alex","author_link":"https:\/\/hoteiproperties.es\/en\/author\/alex\/"},"uagb_comment_info":0,"uagb_excerpt":"LA HACIENDA LINKS GOLF Situado en uno de los enclaves m\u00e1s privilegiados de la&nbsp;Costa del Sol, muy cerca de lugares emblem\u00e1ticos c\u00f3mo&nbsp;Valderrama&nbsp;o&nbsp;Sotogrande.\u201cLa Hacienda Links Golf Resort\u201d es un exclusivo&nbsp;Club de Golf&nbsp;que ofrece la oportunidad de disfrutar de dos campos de golf de clase mundial,&nbsp;LINKS&nbsp;(\u00fanico campo Links del sur de Europa) y&nbsp;HEATHLAND,&nbsp;un total de 36 hoyos&hellip;","_links":{"self":[{"href":"https:\/\/hoteiproperties.es\/en\/wp-json\/wp\/v2\/pages\/5327","targetHints":{"allow":["GET"]}}],"collection":[{"href":"https:\/\/hoteiproperties.es\/en\/wp-json\/wp\/v2\/pages"}],"about":[{"href":"https:\/\/hoteiproperties.es\/en\/wp-json\/wp\/v2\/types\/page"}],"author":[{"embeddable":true,"href":"https:\/\/hoteiproperties.es\/en\/wp-json\/wp\/v2\/users\/1"}],"replies":[{"embeddable":true,"href":"https:\/\/hoteiproperties.es\/en\/wp-json\/wp\/v2\/comments?post=5327"}],"version-history":[{"count":34,"href":"https:\/\/hoteiproperties.es\/en\/wp-json\/wp\/v2\/pages\/5327\/revisions"}],"predecessor-version":[{"id":7046,"href":"https:\/\/hoteiproperties.es\/en\/wp-json\/wp\/v2\/pages\/5327\/revisions\/7046"}],"up":[{"embeddable":true,"href":"https:\/\/hoteiproperties.es\/en\/wp-json\/wp\/v2\/pages\/12"}],"wp:featuredmedia":[{"embeddable":true,"href":"https:\/\/hoteiproperties.es\/en\/wp-json\/wp\/v2\/media\/5325"}],"wp:attachment":[{"href":"https:\/\/hoteiproperties.es\/en\/wp-json\/wp\/v2\/media?parent=5327"}],"curies":[{"name":"wp","href":"https:\/\/api.w.org\/{rel}","templated":true}]}}