{"id":535,"date":"2019-04-01T11:54:26","date_gmt":"2019-04-01T10:54:26","guid":{"rendered":"https:\/\/hoteiproperties.es\/?page_id=535"},"modified":"2025-04-21T14:19:18","modified_gmt":"2025-04-21T14:19:18","slug":"documento-de-incorporacion-al-mab","status":"publish","type":"page","link":"https:\/\/hoteiproperties.es\/en\/accionistas-e-inversores\/documento-de-incorporacion-al-mab\/","title":{"rendered":"Documents about listing on the MAB"},"content":{"rendered":"<div class=\"wp-block-cover alignfull is-light has-parallax imagenSeccion\"><div class=\"wp-block-cover__image-background wp-image-5889 has-parallax\" style=\"background-position:50% 50%;background-image:url(https:\/\/hoteiproperties.es\/wp-content\/uploads\/2023\/06\/header-accionistas.jpg)\"><\/div><span aria-hidden=\"true\" class=\"wp-block-cover__background has-background-dim-10 has-background-dim\"><\/span><div class=\"wp-block-cover__inner-container is-layout-flow wp-block-cover-is-layout-flow\">\n<h1 class=\"wp-block-heading has-text-align-center has-large-font-size\">Documents about listing on the MAB<\/h1>\n<\/div><\/div>\n\n\n\n<div class=\"inherit-container-width wp-block-group infoSeccion is-layout-constrained wp-block-group-is-layout-constrained\">\n<p><a href=\"https:\/\/hoteiproperties.es\/wp-content\/uploads\/2025\/04\/05407_Folleto_20190607_1baja.pdf\" target=\"_blank\" rel=\"noreferrer noopener\">Documents about listing on the MAB (DIIM)<\/a><\/p>\n\n\n\n<p><a class=\"link-box\" rel=\"noopener noreferrer\" href=\"https:\/\/hoteiproperties.es\/wp-content\/uploads\/2019\/06\/05407_folleto_20190627-1.pdf\" target=\"_blank\">Complement of Documents about listing on the MAB (DIIM)<\/a><\/p>\n<\/div>\n\n\n\n<p><\/p>","protected":false},"excerpt":{"rendered":"<p>Documentaci\u00f3n de incorporaci\u00f3n al MAB (DIIM) Complemento del Documento de incorproaci\u00f3n al MAB (DIIM)<\/p>","protected":false},"author":1,"featured_media":0,"parent":4007,"menu_order":0,"comment_status":"closed","ping_status":"closed","template":"template-interior.php","meta":{"_acf_changed":false,"_uag_custom_page_level_css":"","site-sidebar-layout":"no-sidebar","site-content-layout":"plain-container","ast-site-content-layout":"normal-width-container","site-content-style":"unboxed","site-sidebar-style":"unboxed","ast-global-header-display":"","ast-banner-title-visibility":"","ast-main-header-display":"","ast-hfb-above-header-display":"","ast-hfb-below-header-display":"","ast-hfb-mobile-header-display":"","site-post-title":"disabled","ast-breadcrumbs-content":"","ast-featured-img":"","footer-sml-layout":"","theme-transparent-header-meta":"","adv-header-id-meta":"","stick-header-meta":"","header-above-stick-meta":"","header-main-stick-meta":"","header-below-stick-meta":"","astra-migrate-meta-layouts":"set","footnotes":"","_links_to":"","_links_to_target":""},"class_list":["post-535","page","type-page","status-publish","hentry"],"acf":[],"uagb_featured_image_src":{"full":false,"thumbnail":false,"medium":false,"medium_large":false,"large":false,"1536x1536":false,"2048x2048":false,"trp-custom-language-flag":false},"uagb_author_info":{"display_name":"Alex","author_link":"https:\/\/hoteiproperties.es\/en\/author\/alex\/"},"uagb_comment_info":0,"uagb_excerpt":"Documentaci\u00f3n de incorporaci\u00f3n al MAB (DIIM) Complemento del Documento de incorproaci\u00f3n al MAB (DIIM)","_links":{"self":[{"href":"https:\/\/hoteiproperties.es\/en\/wp-json\/wp\/v2\/pages\/535","targetHints":{"allow":["GET"]}}],"collection":[{"href":"https:\/\/hoteiproperties.es\/en\/wp-json\/wp\/v2\/pages"}],"about":[{"href":"https:\/\/hoteiproperties.es\/en\/wp-json\/wp\/v2\/types\/page"}],"author":[{"embeddable":true,"href":"https:\/\/hoteiproperties.es\/en\/wp-json\/wp\/v2\/users\/1"}],"replies":[{"embeddable":true,"href":"https:\/\/hoteiproperties.es\/en\/wp-json\/wp\/v2\/comments?post=535"}],"version-history":[{"count":17,"href":"https:\/\/hoteiproperties.es\/en\/wp-json\/wp\/v2\/pages\/535\/revisions"}],"predecessor-version":[{"id":8502,"href":"https:\/\/hoteiproperties.es\/en\/wp-json\/wp\/v2\/pages\/535\/revisions\/8502"}],"up":[{"embeddable":true,"href":"https:\/\/hoteiproperties.es\/en\/wp-json\/wp\/v2\/pages\/4007"}],"wp:attachment":[{"href":"https:\/\/hoteiproperties.es\/en\/wp-json\/wp\/v2\/media?parent=535"}],"curies":[{"name":"wp","href":"https:\/\/api.w.org\/{rel}","templated":true}]}}