{"id":568,"date":"2019-04-08T09:01:46","date_gmt":"2019-04-08T08:01:46","guid":{"rendered":"https:\/\/hoteiproperties.es\/?page_id=568"},"modified":"2025-04-21T14:22:19","modified_gmt":"2025-04-21T14:22:19","slug":"evolucion-del-valor-en-bolsa","status":"publish","type":"page","link":"https:\/\/hoteiproperties.es\/en\/accionistas-e-inversores\/evolucion-del-valor-en-bolsa\/","title":{"rendered":"Stock market information"},"content":{"rendered":"<div class=\"wp-block-cover alignfull is-light has-parallax imagenSeccion\"><div class=\"wp-block-cover__image-background wp-image-5945 has-parallax\" style=\"background-position:50% 50%;background-image:url(https:\/\/hoteiproperties.es\/wp-content\/uploads\/2023\/06\/header-compliance.jpg)\"><\/div><span aria-hidden=\"true\" class=\"wp-block-cover__background has-background-dim-10 has-background-dim\"><\/span><div class=\"wp-block-cover__inner-container is-layout-flow wp-block-cover-is-layout-flow\">\n<h1 class=\"wp-block-heading has-text-align-center has-large-font-size\">Stock market information<\/h1>\n<\/div><\/div>\n\n\n\n<div class=\"inherit-container-width wp-block-group infoSeccion is-layout-constrained wp-block-group-is-layout-constrained\">\n<p>The shares of HOTEI have been listed on the BME Growth since 4 July 2019.<\/p>\n\n\n\n<p>For further information, see the website of: <a rel=\"noreferrer noopener\" href=\"https:\/\/www.bmegrowth.es\/esp\/Home.aspx\" target=\"_blank\"><strong>BME GROWTH<\/strong><\/a><\/p>\n<\/div>","protected":false},"excerpt":{"rendered":"<p>HOTEI cotizan en el BME Growth desde el d\u00eda 4 de julio de 2019. Para m\u00e1s informaci\u00f3n consulte el sitio web de BME GROWTH<\/p>","protected":false},"author":1,"featured_media":0,"parent":4007,"menu_order":0,"comment_status":"closed","ping_status":"closed","template":"template-interior.php","meta":{"_acf_changed":false,"_uag_custom_page_level_css":"","site-sidebar-layout":"no-sidebar","site-content-layout":"plain-container","ast-site-content-layout":"normal-width-container","site-content-style":"unboxed","site-sidebar-style":"unboxed","ast-global-header-display":"","ast-banner-title-visibility":"","ast-main-header-display":"","ast-hfb-above-header-display":"","ast-hfb-below-header-display":"","ast-hfb-mobile-header-display":"","site-post-title":"disabled","ast-breadcrumbs-content":"","ast-featured-img":"","footer-sml-layout":"","theme-transparent-header-meta":"","adv-header-id-meta":"","stick-header-meta":"","header-above-stick-meta":"","header-main-stick-meta":"","header-below-stick-meta":"","astra-migrate-meta-layouts":"set","footnotes":"","_links_to":"","_links_to_target":""},"class_list":["post-568","page","type-page","status-publish","hentry"],"acf":[],"uagb_featured_image_src":{"full":false,"thumbnail":false,"medium":false,"medium_large":false,"large":false,"1536x1536":false,"2048x2048":false,"trp-custom-language-flag":false},"uagb_author_info":{"display_name":"Alex","author_link":"https:\/\/hoteiproperties.es\/en\/author\/alex\/"},"uagb_comment_info":0,"uagb_excerpt":"HOTEI cotizan en el BME Growth desde el d\u00eda 4 de julio de 2019. Para m\u00e1s informaci\u00f3n consulte el sitio web de BME GROWTH","_links":{"self":[{"href":"https:\/\/hoteiproperties.es\/en\/wp-json\/wp\/v2\/pages\/568","targetHints":{"allow":["GET"]}}],"collection":[{"href":"https:\/\/hoteiproperties.es\/en\/wp-json\/wp\/v2\/pages"}],"about":[{"href":"https:\/\/hoteiproperties.es\/en\/wp-json\/wp\/v2\/types\/page"}],"author":[{"embeddable":true,"href":"https:\/\/hoteiproperties.es\/en\/wp-json\/wp\/v2\/users\/1"}],"replies":[{"embeddable":true,"href":"https:\/\/hoteiproperties.es\/en\/wp-json\/wp\/v2\/comments?post=568"}],"version-history":[{"count":10,"href":"https:\/\/hoteiproperties.es\/en\/wp-json\/wp\/v2\/pages\/568\/revisions"}],"predecessor-version":[{"id":8503,"href":"https:\/\/hoteiproperties.es\/en\/wp-json\/wp\/v2\/pages\/568\/revisions\/8503"}],"up":[{"embeddable":true,"href":"https:\/\/hoteiproperties.es\/en\/wp-json\/wp\/v2\/pages\/4007"}],"wp:attachment":[{"href":"https:\/\/hoteiproperties.es\/en\/wp-json\/wp\/v2\/media?parent=568"}],"curies":[{"name":"wp","href":"https:\/\/api.w.org\/{rel}","templated":true}]}}