{"id":5689,"date":"2023-06-12T13:03:34","date_gmt":"2023-06-12T13:03:34","guid":{"rendered":"https:\/\/hoteiproperties.es\/?page_id=5689"},"modified":"2025-06-10T06:21:37","modified_gmt":"2025-06-10T06:21:37","slug":"politica-de-cookies","status":"publish","type":"page","link":"https:\/\/hoteiproperties.es\/en\/politica-de-cookies\/","title":{"rendered":"Cookies' policy"},"content":{"rendered":"\n<p>Este sitio web (en adelante, la \u201c<strong>Web<\/strong>\u201d), del que es responsable Hotei Properties Group, SOCIMI, S.A. (en adelante \u201c<strong>Hotei Properties<\/strong>\u201d o el \u201c<strong>Titular<\/strong>\u201d), con domicilio en Calle de Vel\u00e1zquez 47, 4\u00b0 planta, c\u00f3digo postal 28001, Madrid, Espa\u00f1a, con N.I.F. A87846028 inscrita en el Registro Mercantil de Madrid, Hoja 649563, Folio 17, Libro 36150 de Sociedades, inscripci\u00f3n 1, utiliza cookies con las finalidades que se establecen en la presente pol\u00edtica. A continuaci\u00f3n podr\u00e1 encontrar m\u00e1s informaci\u00f3n respecto a las cookies utilizadas en esta Web, c\u00f3mo revocar el consentimiento prestado e informaci\u00f3n adicional relativa al tratamiento de datos personales derivado del uso de cookies por parte del Titular.<\/p>\n\n\n\n<h3 class=\"wp-block-heading\">1. Responsable del tratamiento<\/h3>\n\n\n\n<p>El Titular de esta Web y responsable del tratamiento de los datos personales obtenidos a trav\u00e9s del uso de cookies es Hotei Properties Group, SOCIMI, S.A. con domicilio en Calle de Vel\u00e1zquez 47, 4\u00b0 planta, c\u00f3digo postal 28001, Madrid, Espa\u00f1a. Sus datos de contacto son los siguientes:<\/p>\n\n\n\n<ul class=\"wp-block-list\">\n<li>Tel\u00e9fono<strong>:<\/strong>&nbsp;+34 91 185 17 10<\/li>\n\n\n\n<li>Direcci\u00f3n de Correo Electr\u00f3nico : dpd@hoteiproperties.es<\/li>\n<\/ul>\n\n\n\n<h3 class=\"wp-block-heading\">2. \u00bfQu\u00e9 es una cookie?<\/h3>\n\n\n\n<p>Una cookie es un fichero que se descarga en el ordenador o en el dispositivo del usuario (p.ej., m\u00f3vil o tablet) al acceder a determinadas p\u00e1ginas web para almacenar y recuperar informaci\u00f3n (incluyendo datos personales como la direcci\u00f3n IP) sobre la navegaci\u00f3n que se efect\u00faa desde dicho equipo. Su finalidad principal es reconocer al usuario cada vez que acceda a la Web y crear perfiles basados en los h\u00e1bitos de navegaci\u00f3n del usuario en Internet.<\/p>\n\n\n\n<p>Dependiendo de cu\u00e1l sea la entidad que gestione el dominio desde donde se env\u00edan las cookies y trate los datos que se obtengan se pueden distinguir dos tipos:&nbsp;cookies propias y cookies de terceros.<\/p>\n\n\n\n<p>Existe tambi\u00e9n una segunda clasificaci\u00f3n seg\u00fan el plazo de tiempo que permanecen almacenadas en el navegador del usuario, pudiendo tratarse de&nbsp;cookies de sesi\u00f3n o cookies persistentes.<\/p>\n\n\n\n<p>Por \u00faltimo, existe otra clasificaci\u00f3n con cinco tipos de cookies seg\u00fan la finalidad para la que se traten los datos obtenidos:<\/p>\n\n\n\n<p>\u201c<strong>Cookies&nbsp;t\u00e9cnicas<\/strong>\u201d: Son aqu\u00e9llas que permiten al usuario la navegaci\u00f3n a trav\u00e9s de una p\u00e1gina web, plataforma o aplicaci\u00f3n, y la utilizaci\u00f3n de las diferentes opciones o servicios que en ella existan. Por ejemplo, controlar el tr\u00e1fico y la comunicaci\u00f3n de datos, identificar la sesi\u00f3n, acceder a partes de acceso restringido, recordar los elementos que integran un pedido, realizar el proceso de compra de un pedido, realizar la solicitud de inscripci\u00f3n o participaci\u00f3n en un evento, utilizar elementos de seguridad durante la navegaci\u00f3n, o almacenar contenidos para la difusi\u00f3n de videos o sonido o compartir contenidos a trav\u00e9s de redes sociales.<\/p>\n\n\n\n<p>\u201c<strong>Cookies&nbsp;de personalizaci\u00f3n<\/strong>\u201d: Son aqu\u00e9llas que permiten al usuario acceder al servicio con algunas caracter\u00edsticas de car\u00e1cter general predefinidas en funci\u00f3n de una serie de criterios en el terminal del usuario como por ejemplo serian el idioma, el tipo de navegador a trav\u00e9s del cual accede al servicio, la configuraci\u00f3n regional desde donde accede al servicio, etc.<\/p>\n\n\n\n<p>\u201c<strong>Cookies de an\u00e1lisis<\/strong>\u201d: Son aqu\u00e9llas que bien tratadas por nosotros o por terceros, nos permiten cuantificar el n\u00famero de usuarios y as\u00ed realizar la medici\u00f3n y an\u00e1lisis estad\u00edstico de la utilizaci\u00f3n que hacen los usuarios del servicio ofertado. Para ello se analiza su navegaci\u00f3n en nuestra p\u00e1gina web con el fin de mejorar la oferta de productos o servicios que le ofrecemos.<\/p>\n\n\n\n<p>\u201c<strong>Cookies publicitarias<\/strong>\u201d: Son aqu\u00e9llas que, bien tratadas por nosotros o por terceros, nos permiten gestionar de la forma m\u00e1s eficaz posible la oferta de los espacios publicitarios que hay en la p\u00e1gina web, adecuando el contenido del anuncio al contenido del servicio solicitado o al uso que realice de nuestra p\u00e1gina web. Para ello podemos analizar sus h\u00e1bitos de navegaci\u00f3n en Internet y podemos mostrarle publicidad relacionada con su perfil de navegaci\u00f3n.<\/p>\n\n\n\n<p>\u201c<strong>Cookies de&nbsp;publicidad comportamental<\/strong>\u201d: Son aqu\u00e9llas que permiten la gesti\u00f3n, de la forma m\u00e1s eficaz posible, de los espacios publicitarios que, en su caso, el editor haya incluido en una p\u00e1gina web, aplicaci\u00f3n o plataforma desde la que presta el servicio solicitado. Estas cookies almacenan informaci\u00f3n del comportamiento de los usuarios obtenida a trav\u00e9s de la observaci\u00f3n continuada de sus h\u00e1bitos de navegaci\u00f3n, lo que permite desarrollar un perfil espec\u00edfico para mostrar publicidad en funci\u00f3n del mismo.<\/p>\n\n\n\n<h3 class=\"wp-block-heading\">3. Tipos de cookies utilizadas en esta web<\/h3>\n\n\n\n<p>En este sitio web se permiten \u00fanicamente la utilizaci\u00f3n de las siguientes cookies:<\/p>\n\n\n<div class=\"cky-audit-table-element\">&nbsp;<\/div>\n\n\n<p>En cuanto a las&nbsp;<strong>finalidades<\/strong>&nbsp;de las cookies anteriormente indicadas, son las siguientes:<\/p>\n\n\n\n<ul class=\"wp-block-list\">\n<li>PHPSESSID: es una cookie [funcional] propia del Titular que tiene como finalidad guardar datos de sesi\u00f3n del usuario como por ejemplo la preferencia de idioma (no guarda ning\u00fan dato personal).<\/li>\n\n\n\n<li>\u00ab_ga\u00bb y \u00abNid identificador de canal\u00bb: son cookies anal\u00edticas de Google que captan las interacciones de los usuarios en la Web (hora de la visita, si el usuario ha estado antes en el sitio, qu\u00e9 sitio ha recomendado al usuario visitar la p\u00e1gina web en cuesti\u00f3n, direcci\u00f3n IP, etc.), con la finalidad de analizar el uso que hacen los usuarios del sitio.<\/li>\n\n\n\n<li>GDPR: Se utiliza para cumplir con las directivas de protecci\u00f3n de datos, para conocer sus preferencias a la hora de aceptar o rechazar cookies.<\/li>\n<\/ul>\n\n\n\n<p>La cookies Google Analytics se rigen por las <a rel=\"noreferrer noopener\" href=\"http:\/\/www.google.com\/analytics\/tos.html\" target=\"_blank\">condiciones generales de Google<\/a>  y las <a rel=\"noreferrer noopener\" href=\"http:\/\/www.google.com\/intl\/es\/policies\/privacy\/\" target=\"_blank\">pol\u00edticas de privacidad de Google.<\/a><\/p>\n\n\n\n<p>En todo caso, el Titular no se hace responsable del contenido y veracidad de las pol\u00edticas de privacidad de los componentes de terceros incluidos en este sitio web.<\/p>\n\n\n\n<h3 class=\"wp-block-heading\">4. Base Jur\u00eddica<\/h3>\n\n\n\n<p>El tratamiento de sus datos personales es necesario para las finalidades indicadas anteriormente, y su base jur\u00eddica es el consentimiento del usuario, que otorga cuando hace click en el bot\u00f3n \u201cAceptar\u201d que se encuentra en el banner informativo.<\/p>\n\n\n\n<p>Cuando navega por nuestro sitio web Ud. est\u00e1 prestando su consentimiento para el uso de cookies.<\/p>\n\n\n\n<h3 class=\"wp-block-heading\">5.&nbsp; Cesiones y transferencias internacionales de datos<\/h3>\n\n\n\n<p>Las cookies de terceros utilizadas en esta p\u00e1gina web pertenecen a Google, situado en Estados Unidos, fuera del Espacio Econ\u00f3mico Europeo. Google est\u00e1 adherido al Marco del Escudo de Privacidad U.E.-EE.UU., por lo que la comunicaci\u00f3n de sus datos a dicha entidad cumple con las garant\u00edas exigidas por la normativa de protecci\u00f3n de datos de la UE en materia de transferencias internacionales.<\/p>\n\n\n\n<p>Asimismo, sus datos podr\u00e1n ser comunicados a autoridades competentes en el ejercicio de sus funciones.<\/p>\n\n\n\n<h3 class=\"wp-block-heading\">6. Desactivaci\u00f3n de cookies<\/h3>\n\n\n\n<p>Esta Web es accesible sin necesidad de que las cookies est\u00e9n activadas, si bien, la desactivaci\u00f3n de las cookies con finalidades de mejora de la funcionalidad de la Web puede impedir el correcto funcionamiento de la misma.<\/p>\n\n\n\n<p>Adem\u00e1s del bot\u00f3n de desactivaci\u00f3n de cookies incluido anteriormente, el usuario podr\u00e1, en cualquier momento, desactivar las cookies de Google Analytics, mediante el sistema de opt-out de Google Analytics:&nbsp;<a href=\"https:\/\/tools.google.com\/dlpage\/gaoptout?hl=es\">https:\/\/tools.google.com\/dlpage\/gaoptout?hl=es<\/a>.<\/p>\n\n\n\n<p>Por otra parte, tambi\u00e9n se podr\u00e1 revocar el consentimiento prestado y configurar las cookies con el fin de rechazarlas mediante la utilizaci\u00f3n de las opciones de configuraci\u00f3n disponibles en el navegador que el usuario est\u00e9 utilizando. El procedimiento para la revocaci\u00f3n y eliminaci\u00f3n de las cookies puede consultarse a trav\u00e9s de los siguientes enlaces a los sitos de soporte oficiales de los principales navegadores para que el usuario pueda decidir si desea aceptar el uso de cookies, rechazarlo o bien configurar las cookies:<\/p>\n\n\n\n<ul class=\"wp-block-list\">\n<li>Firefox:&nbsp;<a href=\"https:\/\/support.mozilla.org\/es\/search?q=deshabilitar+cookies\">https:\/\/support.mozilla.org\/es\/search?q=deshabilitar+cookies<\/a><\/li>\n\n\n\n<li>Chrome:&nbsp;<a href=\"http:\/\/support.google.com\/chrome\/bin\/answer.py?hl=es&amp;answer=95647\">http:\/\/support.google.com\/chrome\/bin\/answer.py?hl=es&amp;answer=95647<\/a><\/li>\n\n\n\n<li>Explorer:<a href=\"https:\/\/support.microsoft.com\/es-es\/help\/17442\/windows-internet-explorer-delete-manage-cookies\">https:\/\/support.microsoft.com\/es-es\/help\/17442\/windows-internet-explorer-delete-manage-cookies<\/a><\/li>\n\n\n\n<li>Safari:&nbsp;<a href=\"https:\/\/support.apple.com\/es-es\/HT201265\">https:\/\/support.apple.com\/es-es\/HT201265<\/a><\/li>\n\n\n\n<li>Opera:&nbsp;<a href=\"http:\/\/help.opera.com\/Windows\/11.50\/es-ES\/cookies.html\">http:\/\/help.opera.com\/Windows\/11.50\/es-ES\/cookies.html<\/a><\/li>\n<\/ul>\n\n\n\n<p>Asimismo, puede ver los v\u00eddeos desarrollados por la Agencia Espa\u00f1ola de Protecci\u00f3n de Datos con la finalidad de explicar c\u00f3mo configurar las opciones de privacidad desde diferentes plataformas y equipos:&nbsp;<a href=\"https:\/\/www.aepd.es\/areas\/internet\/protege-tu-privacidad.html\">https:\/\/www.aepd.es\/areas\/internet\/protege-tu-privacidad.html<\/a><\/p>\n\n\n\n<h3 class=\"wp-block-heading\">7. Derechos de los usuarios<\/h3>\n\n\n\n<p>El usuario puede ejercitar los derechos de acceso, rectificaci\u00f3n, supresi\u00f3n, oposici\u00f3n al tratamiento, limitaci\u00f3n del tratamiento, revocaci\u00f3n del consentimiento prestado y portabilidad, cuando correspondan, respecto del tratamiento del que es responsable el Titular, mediante escrito (acreditando su identidad) dirigido a dpd@hoteiproperties.es o mediante carta dirigida al domicilio social del Titular. Asimismo, el usuario tiene derecho a presentar una reclamaci\u00f3n ante la autoridad de control competente en materia de protecci\u00f3n de datos, en Espa\u00f1a, es la Agencia Espa\u00f1ola de Protecci\u00f3n de Datos (<a href=\"http:\/\/www.aepd.es\/\">www.aepd.es<\/a>).<\/p>\n\n\n\n<h3 class=\"wp-block-heading\">8. Revisi\u00f3n y actualizaci\u00f3n de esta pol\u00edtica<\/h3>\n\n\n\n<p>Hotei Properties modificar\u00e1 esta&nbsp;Pol\u00edtica de cookies&nbsp;en funci\u00f3n de los cambios normativos y tambi\u00e9n para adaptarla a las recomendaciones del Comit\u00e9 Europeo de Protecci\u00f3n de Datos y la Agencia Espa\u00f1ola de Protecci\u00f3n de Datos y a las resoluciones que sobre materia de cookies puedan ir dictando en el futuro los Tribunales de Justicia.<\/p>\n","protected":false},"excerpt":{"rendered":"<p>Este sitio web (en adelante, la \u201cWeb\u201d), del que es responsable Hotei Properties Group, SOCIMI, S.A. (en adelante \u201cHotei Properties\u201d o el \u201cTitular\u201d), con domicilio en Calle de Vel\u00e1zquez 47, 4\u00b0 planta, c\u00f3digo postal 28001, Madrid, Espa\u00f1a, con N.I.F. A87846028 inscrita en el Registro Mercantil de Madrid, Hoja 649563, Folio 17, Libro 36150 de Sociedades, &hellip;<\/p>\n<p class=\"read-more\"> <a class=\"\" href=\"https:\/\/hoteiproperties.es\/en\/politica-de-cookies\/\"> <span class=\"screen-reader-text\">Cookies' policy<\/span> Read More &raquo;<\/a><\/p>","protected":false},"author":1,"featured_media":0,"parent":0,"menu_order":0,"comment_status":"closed","ping_status":"closed","template":"","meta":{"_acf_changed":false,"_uag_custom_page_level_css":"","site-sidebar-layout":"no-sidebar","site-content-layout":"content-boxed-container","ast-site-content-layout":"normal-width-container","site-content-style":"boxed","site-sidebar-style":"unboxed","ast-global-header-display":"","ast-banner-title-visibility":"","ast-main-header-display":"","ast-hfb-above-header-display":"","ast-hfb-below-header-display":"","ast-hfb-mobile-header-display":"","site-post-title":"","ast-breadcrumbs-content":"","ast-featured-img":"","footer-sml-layout":"","theme-transparent-header-meta":"","adv-header-id-meta":"","stick-header-meta":"","header-above-stick-meta":"","header-main-stick-meta":"","header-below-stick-meta":"","astra-migrate-meta-layouts":"set","footnotes":"","_links_to":"","_links_to_target":""},"class_list":["post-5689","page","type-page","status-publish","hentry"],"acf":[],"uagb_featured_image_src":{"full":false,"thumbnail":false,"medium":false,"medium_large":false,"large":false,"1536x1536":false,"2048x2048":false,"trp-custom-language-flag":false},"uagb_author_info":{"display_name":"Alex","author_link":"https:\/\/hoteiproperties.es\/en\/author\/alex\/"},"uagb_comment_info":0,"uagb_excerpt":"Este sitio web (en adelante, la \u201cWeb\u201d), del que es responsable Hotei Properties Group, SOCIMI, S.A. (en adelante \u201cHotei Properties\u201d o el \u201cTitular\u201d), con domicilio en Calle de Vel\u00e1zquez 47, 4\u00b0 planta, c\u00f3digo postal 28001, Madrid, Espa\u00f1a, con N.I.F. A87846028 inscrita en el Registro Mercantil de Madrid, Hoja 649563, Folio 17, Libro 36150 de Sociedades,&hellip;","_links":{"self":[{"href":"https:\/\/hoteiproperties.es\/en\/wp-json\/wp\/v2\/pages\/5689","targetHints":{"allow":["GET"]}}],"collection":[{"href":"https:\/\/hoteiproperties.es\/en\/wp-json\/wp\/v2\/pages"}],"about":[{"href":"https:\/\/hoteiproperties.es\/en\/wp-json\/wp\/v2\/types\/page"}],"author":[{"embeddable":true,"href":"https:\/\/hoteiproperties.es\/en\/wp-json\/wp\/v2\/users\/1"}],"replies":[{"embeddable":true,"href":"https:\/\/hoteiproperties.es\/en\/wp-json\/wp\/v2\/comments?post=5689"}],"version-history":[{"count":15,"href":"https:\/\/hoteiproperties.es\/en\/wp-json\/wp\/v2\/pages\/5689\/revisions"}],"predecessor-version":[{"id":8685,"href":"https:\/\/hoteiproperties.es\/en\/wp-json\/wp\/v2\/pages\/5689\/revisions\/8685"}],"wp:attachment":[{"href":"https:\/\/hoteiproperties.es\/en\/wp-json\/wp\/v2\/media?parent=5689"}],"curies":[{"name":"wp","href":"https:\/\/api.w.org\/{rel}","templated":true}]}}