{"id":586,"date":"2019-04-08T09:41:39","date_gmt":"2019-04-08T08:41:39","guid":{"rendered":"https:\/\/hoteiproperties.es\/?page_id=586"},"modified":"2026-04-07T23:55:05","modified_gmt":"2026-04-07T21:55:05","slug":"informes-de-valoracion","status":"publish","type":"page","link":"https:\/\/hoteiproperties.es\/en\/accionistas-e-inversores\/informes-de-valoracion\/","title":{"rendered":"Valuation reports"},"content":{"rendered":"<div class=\"wp-block-cover alignfull is-light has-parallax imagenSeccion\"><div class=\"wp-block-cover__image-background wp-image-5124 has-parallax\" style=\"background-position:50% 50%;background-image:url(https:\/\/hoteiproperties.es\/wp-content\/uploads\/2023\/05\/mhre-header-image10.jpg)\"><\/div><span aria-hidden=\"true\" class=\"wp-block-cover__background has-background-dim-10 has-background-dim\"><\/span><div class=\"wp-block-cover__inner-container is-layout-flow wp-block-cover-is-layout-flow\">\n<h1 class=\"wp-block-heading has-text-align-center has-large-font-size\">Valuation reports<\/h1>\n<\/div><\/div>\n\n\n\n<div class=\"inherit-container-width wp-block-group infoSeccion is-layout-constrained wp-block-group-is-layout-constrained\">\n<p><a href=\"https:\/\/hoteiproperties.es\/wp-content\/uploads\/2026\/04\/OIP-valoracion-cartera-31-12-2025_Ingles.pdf\" target=\"_blank\" rel=\"noreferrer noopener\">Portfolio Valuation 31 of December 2025<\/a><\/p>\n\n\n\n<p><a href=\"https:\/\/hoteiproperties.es\/wp-content\/uploads\/2025\/10\/OIR-valoracion-cartera-junio-2025-INGLES.pdf\" target=\"_blank\" rel=\"noreferrer noopener\">Portfolio Valuation 30 of June 2025<\/a><\/p>\n\n\n\n<p><a href=\"https:\/\/hoteiproperties.es\/wp-content\/uploads\/2025\/03\/OIR-Valoracion-cartera-31-12-2024_Ingles.pdf\" target=\"_blank\" rel=\"noreferrer noopener\">Valuation Report 31 December 2024<\/a><\/p>\n\n\n\n<p><a href=\"https:\/\/hoteiproperties.es\/wp-content\/uploads\/2024\/09\/OIP-valoracion-cartera-30.6.24_Ingles.pdf\" target=\"_blank\" rel=\"noreferrer noopener\">Portfolio Valuation 30 of June 2024<\/a><\/p>\n\n\n\n<p><a href=\"https:\/\/hoteiproperties.es\/wp-content\/uploads\/2024\/04\/OIP-valoracion-cartera-31-12-2023_Ingles.pdf\" data-type=\"link\" data-id=\"https:\/\/hoteiproperties.es\/wp-content\/uploads\/2024\/04\/OIP-valoracion-cartera-31-12-2023-.pdf\" target=\"_blank\" rel=\"noreferrer noopener nofollow\">Valuation Report 31 December 2023<\/a><\/p>\n\n\n\n<p><a href=\"https:\/\/hoteiproperties.es\/wp-content\/uploads\/2024\/04\/OIP-valoracion-cartera-31-12-2023_Ingles.pdf\" target=\"_blank\" rel=\"noreferrer noopener\">Valuation Report 30 June 2023<\/a><\/p>\n\n\n\n<p><a href=\"https:\/\/hoteiproperties.es\/wp-content\/uploads\/2023\/03\/oip-valoracion-cartera-31-de-diciembre-de-2022_ingleses.pdf\" target=\"_blank\" rel=\"noreferrer noopener\">Valuation Report 31 December 2022<\/a><\/p>\n\n\n\n<p><a rel=\"noopener noreferrer\" href=\"https:\/\/hoteiproperties.es\/wp-content\/uploads\/2022\/10\/oip-valoracion-cartera-30-de-junio-de-2022-.pdf\" target=\"_blank\">Valuation Report 30 June 2022<\/a><\/p>\n\n\n\n<p><a rel=\"noopener noreferrer\" href=\"https:\/\/hoteiproperties.es\/wp-content\/uploads\/2022\/03\/portfolio-valuation-reports-31-12-2021.pdf\" target=\"_blank\"><\/a><a rel=\"noreferrer noopener\" href=\"https:\/\/hoteiproperties.es\/wp-content\/uploads\/2022\/03\/portfolio-valuation-reports-31-12-2021.pdf\" target=\"_blank\">Valuation Report 31 December 2021<\/a><\/p>\n\n\n\n<p><a rel=\"noopener noreferrer\" href=\"https:\/\/hoteiproperties.es\/wp-content\/uploads\/2021\/03\/hecho-relevante-valoracion-cartera-2020.pdf\" target=\"_blank\"><\/a><a rel=\"noreferrer noopener\" href=\"https:\/\/hoteiproperties.es\/wp-content\/uploads\/2021\/03\/hecho-relevante-valoracion-cartera-2020.pdf\" target=\"_blank\">Valuation Report 17 March 2020<\/a><\/p>\n\n\n\n<p><a href=\"https:\/\/hoteiproperties.es\/wp-content\/uploads\/2020\/03\/hecho-relevante-valoracion-31-de-dicv-de-2019.pdf\"><\/a><a href=\"https:\/\/hoteiproperties.es\/wp-content\/uploads\/2020\/03\/hecho-relevante-valoracion-31-de-dicv-de-2019.pdf\" target=\"_blank\" rel=\"noreferrer noopener\">Valuation Report 4 March 2019<\/a><\/p>\n\n\n\n<p><a rel=\"noopener noreferrer\" href=\"https:\/\/hoteiproperties.es\/wp-content\/uploads\/2019\/06\/condensed-valuation-report-millenium-portfolio-cbre-29-may-2019-1.pdf\" target=\"_blank\">Valuation Report 29 May 2019<\/a><\/p>\n<\/div>","protected":false},"excerpt":{"rendered":"<p>Valoraci\u00f3n cartera a 31 de diciembre de 2025 Valoraci\u00f3n cartera a 30 de junio de 2025 Informe de valoraci\u00f3n 31 de diciembre de 2024 Valoraci\u00f3n cartera &nbsp;a 30 de junio de 2024 Informe de Valoraci\u00f3n a 31 de diciembre de 2023 Informe de Valoraci\u00f3n a 30 de junio de 2023 Informe de valoraci\u00f3n a 31 &hellip;<\/p>\n<p class=\"read-more\"> <a class=\"\" href=\"https:\/\/hoteiproperties.es\/en\/accionistas-e-inversores\/informes-de-valoracion\/\"> <span class=\"screen-reader-text\">Valuation reports<\/span> Read More &raquo;<\/a><\/p>","protected":false},"author":1,"featured_media":0,"parent":4007,"menu_order":0,"comment_status":"closed","ping_status":"closed","template":"template-interior.php","meta":{"_acf_changed":false,"_uag_custom_page_level_css":"","site-sidebar-layout":"no-sidebar","site-content-layout":"plain-container","ast-site-content-layout":"normal-width-container","site-content-style":"unboxed","site-sidebar-style":"unboxed","ast-global-header-display":"","ast-banner-title-visibility":"","ast-main-header-display":"","ast-hfb-above-header-display":"","ast-hfb-below-header-display":"","ast-hfb-mobile-header-display":"","site-post-title":"disabled","ast-breadcrumbs-content":"","ast-featured-img":"","footer-sml-layout":"","theme-transparent-header-meta":"","adv-header-id-meta":"","stick-header-meta":"","header-above-stick-meta":"","header-main-stick-meta":"","header-below-stick-meta":"","astra-migrate-meta-layouts":"set","footnotes":"","_links_to":"","_links_to_target":""},"class_list":["post-586","page","type-page","status-publish","hentry"],"acf":[],"uagb_featured_image_src":{"full":false,"thumbnail":false,"medium":false,"medium_large":false,"large":false,"1536x1536":false,"2048x2048":false,"trp-custom-language-flag":false},"uagb_author_info":{"display_name":"Alex","author_link":"https:\/\/hoteiproperties.es\/en\/author\/alex\/"},"uagb_comment_info":0,"uagb_excerpt":"Valoraci\u00f3n cartera a 31 de diciembre de 2025 Valoraci\u00f3n cartera a 30 de junio de 2025 Informe de valoraci\u00f3n 31 de diciembre de 2024 Valoraci\u00f3n cartera &nbsp;a 30 de junio de 2024 Informe de Valoraci\u00f3n a 31 de diciembre de 2023 Informe de Valoraci\u00f3n a 30 de junio de 2023 Informe de valoraci\u00f3n a 31&hellip;","_links":{"self":[{"href":"https:\/\/hoteiproperties.es\/en\/wp-json\/wp\/v2\/pages\/586","targetHints":{"allow":["GET"]}}],"collection":[{"href":"https:\/\/hoteiproperties.es\/en\/wp-json\/wp\/v2\/pages"}],"about":[{"href":"https:\/\/hoteiproperties.es\/en\/wp-json\/wp\/v2\/types\/page"}],"author":[{"embeddable":true,"href":"https:\/\/hoteiproperties.es\/en\/wp-json\/wp\/v2\/users\/1"}],"replies":[{"embeddable":true,"href":"https:\/\/hoteiproperties.es\/en\/wp-json\/wp\/v2\/comments?post=586"}],"version-history":[{"count":19,"href":"https:\/\/hoteiproperties.es\/en\/wp-json\/wp\/v2\/pages\/586\/revisions"}],"predecessor-version":[{"id":8899,"href":"https:\/\/hoteiproperties.es\/en\/wp-json\/wp\/v2\/pages\/586\/revisions\/8899"}],"up":[{"embeddable":true,"href":"https:\/\/hoteiproperties.es\/en\/wp-json\/wp\/v2\/pages\/4007"}],"wp:attachment":[{"href":"https:\/\/hoteiproperties.es\/en\/wp-json\/wp\/v2\/media?parent=586"}],"curies":[{"name":"wp","href":"https:\/\/api.w.org\/{rel}","templated":true}]}}