{"id":3366,"date":"2022-03-07T08:34:06","date_gmt":"2022-03-07T08:34:06","guid":{"rendered":"https:\/\/hoteiproperties.es\/?page_id=3366"},"modified":"2025-04-21T14:47:01","modified_gmt":"2025-04-21T14:47:01","slug":"responsable-de-cumplimiento","status":"publish","type":"page","link":"https:\/\/hoteiproperties.es\/es\/compliance\/responsable-de-cumplimiento\/","title":{"rendered":"Responsable de cumplimiento"},"content":{"rendered":"\n<div class=\"wp-block-cover alignfull is-light has-parallax imagenSeccion\"><div class=\"wp-block-cover__image-background wp-image-5119 has-parallax\" style=\"background-position:50% 50%;background-image:url(https:\/\/hoteiproperties.es\/wp-content\/uploads\/2023\/05\/mhre-header-image04.jpg)\"><\/div><span aria-hidden=\"true\" class=\"wp-block-cover__background has-background-dim-10 has-background-dim\"><\/span><div class=\"wp-block-cover__inner-container is-layout-flow wp-block-cover-is-layout-flow\">\n<h1 class=\"wp-block-heading has-text-align-center has-large-font-size\">Responsable de cumplimiento<\/h1>\n<\/div><\/div>\n\n\n\n<div class=\"inherit-container-width wp-block-group infoSeccion is-layout-constrained wp-block-group-is-layout-constrained\">\n<p>El Responsable de Cumplimiento, dependiente de la Comisi\u00f3n de Auditor\u00eda y Control, est\u00e1 dotado con la suficiente autonom\u00eda y competencia para supervisar la correcta aplicaci\u00f3n del C\u00f3digo \u00c9tico y de Conducta, as\u00ed como para la vigilancia de un adecuado funcionamiento del Modelo de Prevenci\u00f3n de Delitos de la compa\u00f1\u00eda.<\/p>\n\n\n\n<p>Entre otras funciones, el Responsable de Cumplimiento, se encarga de realizar un seguimiento de las medidas adoptadas en el \u00e1mbito de la prevenci\u00f3n de delitos y de su suficiencia, de asesorar en materia de actualizaci\u00f3n normativa y, en definitiva, del cumplimiento de todas las directrices internas de la compa\u00f1\u00eda.<\/p>\n\n\n\n<p>Conjuntamente con el resto de \u00f3rganos de control, el Responsable de Cumplimiento, gestiona el canal \u00e9tico y de cumplimiento de Hotei Properties SOCIMI, a trav\u00e9s del cual pueden realizarse consultas o comunicar posibles incumplimientos del C\u00f3digo \u00c9tico y de Conducta y del Modelo de Prevenci\u00f3n de Delitos, de manera confidencial y sin temor a sufrir represalias por ello.<\/p>\n\n\n\n<p><a rel=\"noreferrer noopener\" href=\"https:\/\/hoteiproperties.es\/wp-content\/uploads\/2023\/06\/18.-politica-compliance-penal-.pdf\" target=\"_blank\">Ver Pol\u00edtica de Compliance Penal<\/a><\/p>\n<\/div>\n","protected":false},"excerpt":{"rendered":"<p>El Responsable de Cumplimiento, dependiente de la Comisi\u00f3n de Auditor\u00eda y Control, est\u00e1 dotado con la suficiente autonom\u00eda y competencia para supervisar la correcta aplicaci\u00f3n del C\u00f3digo \u00c9tico y de Conducta, as\u00ed como para la vigilancia de un adecuado funcionamiento del Modelo de Prevenci\u00f3n de Delitos de la compa\u00f1\u00eda. Entre otras funciones, el Responsable de &hellip;<\/p>\n<p class=\"read-more\"> <a class=\"\" href=\"https:\/\/hoteiproperties.es\/es\/compliance\/responsable-de-cumplimiento\/\"> <span class=\"screen-reader-text\">Responsable de cumplimiento<\/span> Leer m\u00e1s &raquo;<\/a><\/p>\n","protected":false},"author":1,"featured_media":5119,"parent":4151,"menu_order":0,"comment_status":"closed","ping_status":"closed","template":"","meta":{"_acf_changed":false,"_uag_custom_page_level_css":"","site-sidebar-layout":"default","site-content-layout":"plain-container","ast-site-content-layout":"normal-width-container","site-content-style":"unboxed","site-sidebar-style":"unboxed","ast-global-header-display":"","ast-banner-title-visibility":"","ast-main-header-display":"","ast-hfb-above-header-display":"","ast-hfb-below-header-display":"","ast-hfb-mobile-header-display":"","site-post-title":"disabled","ast-breadcrumbs-content":"","ast-featured-img":"disabled","footer-sml-layout":"","theme-transparent-header-meta":"","adv-header-id-meta":"","stick-header-meta":"","header-above-stick-meta":"","header-main-stick-meta":"","header-below-stick-meta":"","astra-migrate-meta-layouts":"set","footnotes":"","_links_to":"","_links_to_target":""},"class_list":["post-3366","page","type-page","status-publish","has-post-thumbnail","hentry"],"acf":[],"uagb_featured_image_src":{"full":["https:\/\/hoteiproperties.es\/wp-content\/uploads\/2023\/05\/mhre-header-image04.jpg",1920,1200,false],"thumbnail":["https:\/\/hoteiproperties.es\/wp-content\/uploads\/2023\/05\/mhre-header-image04-150x150.jpg",150,150,true],"medium":["https:\/\/hoteiproperties.es\/wp-content\/uploads\/2023\/05\/mhre-header-image04-300x188.jpg",300,188,true],"medium_large":["https:\/\/hoteiproperties.es\/wp-content\/uploads\/2023\/05\/mhre-header-image04-768x480.jpg",768,480,true],"large":["https:\/\/hoteiproperties.es\/wp-content\/uploads\/2023\/05\/mhre-header-image04-1024x640.jpg",800,500,true],"1536x1536":["https:\/\/hoteiproperties.es\/wp-content\/uploads\/2023\/05\/mhre-header-image04-1536x960.jpg",1536,960,true],"2048x2048":["https:\/\/hoteiproperties.es\/wp-content\/uploads\/2023\/05\/mhre-header-image04.jpg",1920,1200,false],"trp-custom-language-flag":["https:\/\/hoteiproperties.es\/wp-content\/uploads\/2023\/05\/mhre-header-image04.jpg",18,12,false]},"uagb_author_info":{"display_name":"Alex","author_link":"https:\/\/hoteiproperties.es\/es\/author\/alex\/"},"uagb_comment_info":0,"uagb_excerpt":"El Responsable de Cumplimiento, dependiente de la Comisi\u00f3n de Auditor\u00eda y Control, est\u00e1 dotado con la suficiente autonom\u00eda y competencia para supervisar la correcta aplicaci\u00f3n del C\u00f3digo \u00c9tico y de Conducta, as\u00ed como para la vigilancia de un adecuado funcionamiento del Modelo de Prevenci\u00f3n de Delitos de la compa\u00f1\u00eda. Entre otras funciones, el Responsable de&hellip;","_links":{"self":[{"href":"https:\/\/hoteiproperties.es\/es\/wp-json\/wp\/v2\/pages\/3366","targetHints":{"allow":["GET"]}}],"collection":[{"href":"https:\/\/hoteiproperties.es\/es\/wp-json\/wp\/v2\/pages"}],"about":[{"href":"https:\/\/hoteiproperties.es\/es\/wp-json\/wp\/v2\/types\/page"}],"author":[{"embeddable":true,"href":"https:\/\/hoteiproperties.es\/es\/wp-json\/wp\/v2\/users\/1"}],"replies":[{"embeddable":true,"href":"https:\/\/hoteiproperties.es\/es\/wp-json\/wp\/v2\/comments?post=3366"}],"version-history":[{"count":13,"href":"https:\/\/hoteiproperties.es\/es\/wp-json\/wp\/v2\/pages\/3366\/revisions"}],"predecessor-version":[{"id":8508,"href":"https:\/\/hoteiproperties.es\/es\/wp-json\/wp\/v2\/pages\/3366\/revisions\/8508"}],"up":[{"embeddable":true,"href":"https:\/\/hoteiproperties.es\/es\/wp-json\/wp\/v2\/pages\/4151"}],"wp:featuredmedia":[{"embeddable":true,"href":"https:\/\/hoteiproperties.es\/es\/wp-json\/wp\/v2\/media\/5119"}],"wp:attachment":[{"href":"https:\/\/hoteiproperties.es\/es\/wp-json\/wp\/v2\/media?parent=3366"}],"curies":[{"name":"wp","href":"https:\/\/api.w.org\/{rel}","templated":true}]}}