{"id":4015,"date":"2019-01-14T12:00:50","date_gmt":"2019-01-14T11:00:50","guid":{"rendered":"https:\/\/hoteiproperties.es\/?page_id=96"},"modified":"2026-01-13T13:46:02","modified_gmt":"2026-01-13T13:46:02","slug":"consejo-administracion","status":"publish","type":"page","link":"https:\/\/hoteiproperties.es\/es\/consejo-administracion\/","title":{"rendered":"Consejo de administraci\u00f3n"},"content":{"rendered":"\n<div class=\"wp-block-cover alignfull is-light imagenSeccion\"><img loading=\"lazy\" decoding=\"async\" width=\"1920\" height=\"1200\" class=\"wp-block-cover__image-background wp-image-5889\" alt=\"Accionistas\" src=\"https:\/\/hoteiproperties.es\/wp-content\/uploads\/2023\/06\/header-accionistas.jpg\" data-object-fit=\"cover\" srcset=\"https:\/\/hoteiproperties.es\/wp-content\/uploads\/2023\/06\/header-accionistas.jpg 1920w, https:\/\/hoteiproperties.es\/wp-content\/uploads\/2023\/06\/header-accionistas-300x188.jpg 300w, https:\/\/hoteiproperties.es\/wp-content\/uploads\/2023\/06\/header-accionistas-1024x640.jpg 1024w, https:\/\/hoteiproperties.es\/wp-content\/uploads\/2023\/06\/header-accionistas-768x480.jpg 768w, https:\/\/hoteiproperties.es\/wp-content\/uploads\/2023\/06\/header-accionistas-1536x960.jpg 1536w, https:\/\/hoteiproperties.es\/wp-content\/uploads\/2023\/06\/header-accionistas-18x12.jpg 18w\" sizes=\"auto, (max-width: 1920px) 100vw, 1920px\" \/><span aria-hidden=\"true\" class=\"wp-block-cover__background has-background-dim-20 has-background-dim\"><\/span><div class=\"wp-block-cover__inner-container is-layout-flow wp-block-cover-is-layout-flow\">\n<h1 class=\"wp-block-heading has-text-align-center has-large-font-size\">Consejo de administraci\u00f3n<\/h1>\n<\/div><\/div>\n\n\n\n<div class=\"wp-block-columns fichaConsejero is-layout-flex wp-container-core-columns-is-layout-28f84493 wp-block-columns-is-layout-flex\">\n<div class=\"wp-block-column is-layout-flow wp-block-column-is-layout-flow\">\n<h2 class=\"wp-block-heading\">Javier Mart\u00ednez-Piqueras<\/h2>\n\n\n\n<h3 class=\"wp-block-heading\">Presidente no Ejecutivo<\/h3>\n<\/div>\n\n\n\n<div class=\"wp-block-column is-layout-flow wp-block-column-is-layout-flow\">\n<p><span>Nombramiento:<\/span><br>28 de julio de 2020<\/p>\n\n\n\n<p><span>Finalizaci\u00f3n:<\/span><br>13 de noviembre de 2027<\/p>\n<\/div>\n<\/div>\n\n\n\n<p>Javier ha desempe\u00f1ado su carrera profesional en la banca de inversi\u00f3n internacional durante los \u00faltimos 22 a\u00f1os. Inicialmente en Bank of Am\u00e9rica Merrill Lynch como Managing Director, responsable del \u00e1rea de Equity Capital Markets y Corporate Equity Derivatives para Espa\u00f1a y Portugal. M\u00e1s tarde, en UBS ha ocupado varias posiciones de responsabilidad, siendo el jefe para Europa, \u00c1frica y Oriente Medio de Equity Capital Markets, miembro del Comit\u00e9 de Direcci\u00f3n y, del Comit\u00e9 Operativo del \u00c1rea de Banca de Inversi\u00f3n en Europa. Posteriormente,&nbsp;jefe Global de Equity Capital Markets, Convertibles y Soluciones Estrat\u00e9gicas para clientes de Renta Variable hasta diciembre de 2019. Durante estos a\u00f1os ha asesorado y liderado la ejecuci\u00f3n de m\u00e1s de 500 operaciones en los mercados de capitales de Europa, Asia, Am\u00e9rica, Oriente Medio y Australia, para compa\u00f1\u00edas cotizadas en transacciones por un importe superior a 500 mil millones de d\u00f3lares americanos en su conjunto.<\/p>\n\n\n\n<p>Javier Mart\u00ednez-Piqueras es Licenciado en Derecho y Licenciado en Ciencias Econ\u00f3micas y Empresariales por la Universidad Pontificia de Comillas, ICADE (E-3)<\/p>\n\n\n\n<div class=\"wp-block-columns fichaConsejero is-layout-flex wp-container-core-columns-is-layout-28f84493 wp-block-columns-is-layout-flex\">\n<div class=\"wp-block-column is-layout-flow wp-block-column-is-layout-flow\">\n<h2 class=\"wp-block-heading\">Borja Escalada Jim\u00e9nez<\/h2>\n\n\n\n<h3 class=\"wp-block-heading\">Consejero Ejecutivo<\/h3>\n<\/div>\n\n\n\n<div class=\"wp-block-column is-layout-flow wp-block-column-is-layout-flow\">\n<p><span>Nombramiento:<\/span><br>16 de diciembre de 2024<\/p>\n\n\n\n<p><span>Finalizaci\u00f3n:<\/span><br>16 de diciembre de 2028<\/p>\n<\/div>\n<\/div>\n\n\n\n<p>Borja Escalada Jim\u00e9nez es licenciado en Administraci\u00f3n y Direcci\u00f3n de Empresas por el Colegio Universitario de Estudios Financieros (CUNEF).<\/p>\n\n\n\n<p>Borja inici\u00f3 su carrera profesional en el \u00e1rea de Mercado de Capitales de Arthur Andersen (actualmente, Deloitte). En 2007 fund\u00f3 Vector Cuatro, firma especializada en la inversi\u00f3n y asset management de activos de energ\u00edas renovables por todo el 1&nbsp; mundo, habiendo liderado inversiones por valor de cuatro mil millones de d\u00f3lares estadounidenses y el asset management de m\u00e1s de 1.200 MW. Posteriormente, entre 2016 y 2023, ocup\u00f3 la posici\u00f3n de CEO de RLH Properties, sociedad cotizada mexicana dedicada al sector hotelero de lujo y ultralujo. Asimismo, ha ocupado distintos puestos directivos en diferentes fondos y entidades dedicadas a diferentes sectores, con un especial foco en el sector hotelero.<\/p>\n\n\n\n<p>Es socio director del fondo Sancus Capital, dedicado principalmente a invertir en el sector hotelero, real estate, private equity, energ\u00eda y venture capital tanto en Espa\u00f1a como en M\u00e9xico. Igualmente, es miembro del \u00f3rgano de gobierno de diversas entidades en dichos sectores, destacando que es administrador de las sociedades propietarias y explotadoras de los hoteles Rosewood Villa Magna y Bless Madrid.<\/p>\n\n\n\n<div class=\"wp-block-columns fichaConsejero is-layout-flex wp-container-core-columns-is-layout-28f84493 wp-block-columns-is-layout-flex\">\n<div class=\"wp-block-column is-layout-flow wp-block-column-is-layout-flow\">\n<h2 class=\"wp-block-heading\">Ricardo de Armas<\/h2>\n\n\n\n<h3 class=\"wp-block-heading\">Consejero Dominical<\/h3>\n<\/div>\n\n\n\n<div class=\"wp-block-column is-layout-flow wp-block-column-is-layout-flow\">\n<p><span>Nombramiento:<\/span><br>13 de noviembre de 2023<\/p>\n\n\n\n<p><span>Finalizaci\u00f3n:<\/span><br>13 de noviembre de 2027<\/p>\n<\/div>\n<\/div>\n\n\n\n<p>Ricardo de Armas es actualmente director general en Castlelake, donde dirige el Workouts team, tras formar parte en esta misma compa\u00f1\u00eda del equipo de pr\u00e9stamos directos respaldados por activos y del equipo de inversiones en situaciones especiales de mercados emergente. Previamente a unirse a Castlelake, el ocup\u00f3 el puesto de inversor senior en un family office, especializado en inversiones, reestructuraciones y asesoramiento financiero, asi como director de un privet equity, donde se centr\u00f3 en inversiones en situaciones especiales de mercados emergentes. Al principio de su carrera, Ricardo trabaj\u00f3 en banca de inversi\u00f3n en el grupo latinoamericano de Citigroup en Nueva York, donde asesor\u00f3 a empresas en una amplia gama de sectores industriales en asuntos financieros y estrat\u00e9gicos, y en la filial venezolana de Procter &amp; Gamble, como analista financiero y controler.<\/p>\n\n\n\n<p>Ricardo de Armas es licenciado en Administraci\u00f3n de Empresas por la Universidad Metropolitana y cuenta con un MBA en Harvard Business School. Es biling\u00fce en espa\u00f1ol e ingl\u00e9s.<\/p>\n\n\n\n<div class=\"wp-block-columns fichaConsejero is-layout-flex wp-container-core-columns-is-layout-28f84493 wp-block-columns-is-layout-flex\">\n<div class=\"wp-block-column is-layout-flow wp-block-column-is-layout-flow\">\n<h2 class=\"wp-block-heading\">Pablo Castellano<\/h2>\n\n\n\n<h3 class=\"wp-block-heading\">Consejero Dominical<\/h3>\n<\/div>\n\n\n\n<div class=\"wp-block-column is-layout-flow wp-block-column-is-layout-flow\">\n<p><span>Nombramiento:<\/span><br>22 de marzo de 2024<\/p>\n\n\n\n<p><span>Finalizaci\u00f3n:<\/span><br>27 de mayo de 2027<\/p>\n<\/div>\n<\/div>\n\n\n\n<p>Pablo Castellano V\u00e1zquez es Licenciado en Administraci\u00f3n de Empresas por la Universidad Pepperdine de Malib\u00fa, California (EE. UU.) y tiene un M\u00e1ster en Administraci\u00f3n de Empresas (E-Business) en el Instituto de Empresas (IE) de Madrid. Actualmente ejerce de asesor en las empresas Greenalia S.A. y Dolnai Technology. Adem\u00e1s, Pablo es presidente de la Family Office Nakadama Gorup, entidad que ofrece servicios de gesti\u00f3n de inversiones y activos financieros a sus clientes, siendo uno de sus pilares fundamentales el sector inmobiliario, donde realiza numerosas inversiones estrat\u00e9gicas en toda clase de propiedades. Pablo tambi\u00e9n es presidente de la empresa Alazady Espa\u00f1a S.L., sociedad especializada en el desarrollo de proyectos inmobiliarios residenciales, comerciales e industriales, as\u00ed como en la gesti\u00f3n de propiedades.<\/p>\n\n\n\n<p>Pablo habla ingl\u00e9s y espa\u00f1ol fluido, y cuenta con un nivel avanzado de franc\u00e9s y de portugu\u00e9s.<\/p>\n\n\n\n<div class=\"wp-block-columns fichaConsejero is-layout-flex wp-container-core-columns-is-layout-28f84493 wp-block-columns-is-layout-flex\">\n<div class=\"wp-block-column is-layout-flow wp-block-column-is-layout-flow\">\n<h2 class=\"wp-block-heading\">Isabel Dutilh<\/h2>\n\n\n\n<h3 class=\"wp-block-heading\">Consejera Independiente<\/h3>\n<\/div>\n\n\n\n<div class=\"wp-block-column is-layout-flow wp-block-column-is-layout-flow\">\n<p><span>Nombramiento:<\/span><br>10 de mayo de 2019<\/p>\n\n\n\n<p><span>Finalizaci\u00f3n:<\/span><br>30 de mayo de 2027<\/p>\n<\/div>\n<\/div>\n\n\n\n<p>Isabel Dutilh es socia fundadora del despacho de abogados especializado en fusiones y adquisiciones Argali Abogados y, es miembro del Consejo de Administraci\u00f3n de Elecnor en calidad de Independiente (miembro de la Comisi\u00f3n de Auditor\u00eda y de la Comisi\u00f3n de Nombramientos, Retribuciones y Sostenibilidad). Es miembro del Consejo de Administraci\u00f3n de Banco de Alcal\u00e1 S.A. en calidad de Independiente (Presidente de la Comisi\u00f3n de Nombramientos y Retribuciones y, miembro de la Comisi\u00f3n de Supervisi\u00f3n y Auditor\u00eda).<\/p>\n\n\n\n<p>Asimismo, preside el grupo de trabajo de Seguridad Jur\u00eddica del C\u00edrculo de Empresarios, organizaci\u00f3n de la que fue Vicepresidente entre marzo 2015 y marzo 2021.<\/p>\n\n\n\n<p>Isabel es Licenciada en Derecho por La Universidad San Pablo CEU, posee dos masters, uno en Negocio Mar\u00edtimo, en ICADE\/ Instituto Mar\u00edtimo Espa\u00f1ol y, el segundo, en Derecho Mar\u00edtimo por la Universidad de Gales. Realiz\u00f3 el programa Leadership in Law Firms de la Universidad de Harvard.<\/p>\n\n\n\n<div class=\"wp-block-columns fichaConsejero is-layout-flex wp-container-core-columns-is-layout-28f84493 wp-block-columns-is-layout-flex\">\n<div class=\"wp-block-column is-layout-flow wp-block-column-is-layout-flow\">\n<h2 class=\"wp-block-heading\">Pilar Mu\u00f1oz<\/h2>\n\n\n\n<h3 class=\"wp-block-heading\">Consejera Independiente<\/h3>\n<\/div>\n\n\n\n<div class=\"wp-block-column is-layout-flow wp-block-column-is-layout-flow\">\n<p><span>Nombramiento:<\/span><br>22 de junio de 2022<\/p>\n\n\n\n<p><span>Finalizaci\u00f3n:<\/span><br>21 de junio de 2026<\/p>\n<\/div>\n<\/div>\n\n\n\n<p>Pilar Mu\u00f1oz Sanz es Licenciada en Derecho y Ciencias Econ\u00f3micas y Empresariales por la Universidad Pontificia de Comillas (E3) y, Master en Tributaci\u00f3n en el Centro de Estudios Garrigues de Madrid. Actualmente, es la directora del \u00c1rea de Asesor\u00eda Fiscal Interna del Ur\u00eda y Men\u00e9ndez, despacho donde ha desempe\u00f1ado la pr\u00e1ctica totalidad de su carrera profesional. Pilar es tambi\u00e9n, profesora de la Universidad Francisco de Vitoria y de la Universidad Villanueva, ambas de Madrid.<\/p>\n\n\n\n<p>Pilar habla ingl\u00e9s y espa\u00f1ol fluido y, cuenta con nivel avanzado de franc\u00e9s y alem\u00e1n.<\/p>\n","protected":false},"excerpt":{"rendered":"<p>Javier Mart\u00ednez-Piqueras Presidente no Ejecutivo Nombramiento:28 de julio de 2020 Finalizaci\u00f3n:13 de noviembre de 2027 Javier ha desempe\u00f1ado su carrera profesional en la banca de inversi\u00f3n internacional durante los \u00faltimos 22 a\u00f1os. Inicialmente en Bank of Am\u00e9rica Merrill Lynch como Managing Director, responsable del \u00e1rea de Equity Capital Markets y Corporate Equity Derivatives para Espa\u00f1a &hellip;<\/p>\n<p class=\"read-more\"> <a class=\"\" href=\"https:\/\/hoteiproperties.es\/es\/consejo-administracion\/\"> <span class=\"screen-reader-text\">Consejo de administraci\u00f3n<\/span> Leer m\u00e1s &raquo;<\/a><\/p>\n","protected":false},"author":1,"featured_media":0,"parent":0,"menu_order":0,"comment_status":"closed","ping_status":"closed","template":"template-interior.php","meta":{"_acf_changed":false,"_uag_custom_page_level_css":"","site-sidebar-layout":"default","site-content-layout":"plain-container","ast-site-content-layout":"normal-width-container","site-content-style":"unboxed","site-sidebar-style":"unboxed","ast-global-header-display":"","ast-banner-title-visibility":"","ast-main-header-display":"","ast-hfb-above-header-display":"","ast-hfb-below-header-display":"","ast-hfb-mobile-header-display":"","site-post-title":"disabled","ast-breadcrumbs-content":"","ast-featured-img":"","footer-sml-layout":"","theme-transparent-header-meta":"","adv-header-id-meta":"","stick-header-meta":"","header-above-stick-meta":"","header-main-stick-meta":"","header-below-stick-meta":"","astra-migrate-meta-layouts":"set","footnotes":"","_links_to":"","_links_to_target":""},"class_list":["post-4015","page","type-page","status-publish","hentry"],"acf":[],"uagb_featured_image_src":{"full":false,"thumbnail":false,"medium":false,"medium_large":false,"large":false,"1536x1536":false,"2048x2048":false,"trp-custom-language-flag":false},"uagb_author_info":{"display_name":"Alex","author_link":"https:\/\/hoteiproperties.es\/es\/author\/alex\/"},"uagb_comment_info":0,"uagb_excerpt":"Javier Mart\u00ednez-Piqueras Presidente no Ejecutivo Nombramiento:28 de julio de 2020 Finalizaci\u00f3n:13 de noviembre de 2027 Javier ha desempe\u00f1ado su carrera profesional en la banca de inversi\u00f3n internacional durante los \u00faltimos 22 a\u00f1os. Inicialmente en Bank of Am\u00e9rica Merrill Lynch como Managing Director, responsable del \u00e1rea de Equity Capital Markets y Corporate Equity Derivatives para Espa\u00f1a&hellip;","_links":{"self":[{"href":"https:\/\/hoteiproperties.es\/es\/wp-json\/wp\/v2\/pages\/4015","targetHints":{"allow":["GET"]}}],"collection":[{"href":"https:\/\/hoteiproperties.es\/es\/wp-json\/wp\/v2\/pages"}],"about":[{"href":"https:\/\/hoteiproperties.es\/es\/wp-json\/wp\/v2\/types\/page"}],"author":[{"embeddable":true,"href":"https:\/\/hoteiproperties.es\/es\/wp-json\/wp\/v2\/users\/1"}],"replies":[{"embeddable":true,"href":"https:\/\/hoteiproperties.es\/es\/wp-json\/wp\/v2\/comments?post=4015"}],"version-history":[{"count":73,"href":"https:\/\/hoteiproperties.es\/es\/wp-json\/wp\/v2\/pages\/4015\/revisions"}],"predecessor-version":[{"id":8866,"href":"https:\/\/hoteiproperties.es\/es\/wp-json\/wp\/v2\/pages\/4015\/revisions\/8866"}],"wp:attachment":[{"href":"https:\/\/hoteiproperties.es\/es\/wp-json\/wp\/v2\/media?parent=4015"}],"curies":[{"name":"wp","href":"https:\/\/api.w.org\/{rel}","templated":true}]}}