{"id":4018,"date":"2019-01-17T12:05:59","date_gmt":"2019-01-17T11:05:59","guid":{"rendered":"https:\/\/hoteiproperties.es\/?page_id=128"},"modified":"2023-07-25T13:31:00","modified_gmt":"2023-07-25T13:31:00","slug":"radisson-collection-bilbao","status":"publish","type":"page","link":"https:\/\/hoteiproperties.es\/es\/activos-hoteles\/radisson-collection-bilbao\/","title":{"rendered":"Radisson Collection Bilbao"},"content":{"rendered":"\n<div class=\"wp-block-cover alignfull is-light has-parallax imagenSeccion\"><span aria-hidden=\"true\" class=\"wp-block-cover__background has-background-dim-0 has-background-dim\"><\/span><div role=\"img\" class=\"wp-block-cover__image-background wp-image-5898 has-parallax\" style=\"background-position:50% 50%;background-image:url(https:\/\/hoteiproperties.es\/wp-content\/uploads\/2023\/06\/header-radisson_bilbao.jpg)\"><\/div><div class=\"wp-block-cover__inner-container is-layout-flow wp-block-cover-is-layout-flow\">\n<h1 class=\"wp-block-heading has-text-align-center has-large-font-size\">Radisson Collection Bilbao<\/h1>\n<\/div><\/div>\n\n\n\n<div class=\"inherit-container-width wp-block-group alignfull fichaActivo radisson-bilbao is-layout-constrained wp-block-group-is-layout-constrained\">\n<div class=\"wp-block-columns is-layout-flex wp-container-core-columns-is-layout-28f84493 wp-block-columns-is-layout-flex\">\n<div class=\"wp-block-column is-layout-flow wp-block-column-is-layout-flow\"><\/div>\n\n\n\n<div class=\"wp-block-column colFicha is-layout-flow wp-block-column-is-layout-flow\">\n<h2 class=\"wp-block-heading\">Radisson Collection Bilbao<\/h2>\n\n\n\n<ul class=\"wp-block-list\">\n<li>Localizaci\u00f3n: Bilbao<\/li>\n\n\n\n<li>Categor\u00eda: 5*<\/li>\n\n\n\n<li>Tipolog\u00eda del hotel: Luxury<\/li>\n\n\n\n<li>N\u00famero de habitaciones: 137<\/li>\n\n\n\n<li>Estado: En operaci\u00f3n<\/li>\n\n\n\n<li>Operador: Radisson Collection<\/li>\n\n\n\n<li>Direcci\u00f3n: Calle Gran V\u00eda de Don Diego L\u00f3pez de Haro, 4. 48001 Bilbao<\/li>\n\n\n\n<li><a href=\"https:\/\/www.radissonhotels.com\/es-es\/hoteles\/radisson-collection-gran-via-bilbao?facilitatorId=RHGSEM&amp;cid=a:ps+b:ggl+c:emea+i:brand+e:rco+d:ukirwe+r:brt+f:es-ES+g:ho+h:ESBIO1+v:cf&amp;gclid=CjwKCAjwpuajBhBpEiwA_ZtfhcRYW06PA1b9qyRSbsiKeCrhgAykrgtNXRya8v20CeliuA5uOiVmgBoCFDgQAvD_BwE&amp;gclsrc=aw.ds\" target=\"_blank\" rel=\"noreferrer noopener\">Web Site<\/a><\/li>\n<\/ul>\n<\/div>\n<\/div>\n<\/div>\n\n\n\n<div class=\"inherit-container-width wp-block-group alignfull contGaleria is-layout-constrained wp-block-group-is-layout-constrained\">\n<figure class=\"wp-block-gallery has-nested-images columns-default uag-masonry uagb-block-b4c35ce5 wp-block-gallery-1 is-layout-flex wp-block-gallery-is-layout-flex\">\n<figure class=\"wp-block-image size-large\"><a href=\"https:\/\/hoteiproperties.es\/wp-content\/uploads\/2023\/06\/galeria-readisson_bilbao01.jpg\"><img loading=\"lazy\" decoding=\"async\" width=\"922\" height=\"1383\" data-id=\"5407\" src=\"https:\/\/hoteiproperties.es\/wp-content\/uploads\/2023\/06\/galeria-readisson_bilbao01.jpg\" alt=\"Radisson Collection Bilbao\" class=\"wp-image-5407\"\/><\/a><\/figure>\n\n\n\n<figure class=\"wp-block-image size-large\"><a href=\"https:\/\/hoteiproperties.es\/wp-content\/uploads\/2023\/06\/galeria-readisson_bilbao03.jpg\"><img loading=\"lazy\" decoding=\"async\" width=\"1024\" height=\"640\" data-id=\"5409\" src=\"https:\/\/hoteiproperties.es\/wp-content\/uploads\/2023\/06\/galeria-readisson_bilbao03.jpg\" alt=\"Radisson Collection Bilbao\" class=\"wp-image-5409\"\/><\/a><\/figure>\n\n\n\n<figure class=\"wp-block-image size-large\"><a href=\"https:\/\/hoteiproperties.es\/wp-content\/uploads\/2023\/06\/galeria-readisson_bilbao08.jpg\"><img loading=\"lazy\" decoding=\"async\" width=\"1024\" height=\"640\" data-id=\"5415\" src=\"https:\/\/hoteiproperties.es\/wp-content\/uploads\/2023\/06\/galeria-readisson_bilbao08.jpg\" alt=\"Radisson Collection Bilbao\" class=\"wp-image-5415\" srcset=\"https:\/\/hoteiproperties.es\/wp-content\/uploads\/2023\/06\/galeria-readisson_bilbao08.jpg 1024w, https:\/\/hoteiproperties.es\/wp-content\/uploads\/2023\/06\/galeria-readisson_bilbao08-300x188.jpg 300w, https:\/\/hoteiproperties.es\/wp-content\/uploads\/2023\/06\/galeria-readisson_bilbao08-768x480.jpg 768w\" sizes=\"auto, (max-width: 1024px) 100vw, 1024px\" \/><\/a><\/figure>\n\n\n\n<figure class=\"wp-block-image size-large\"><a href=\"https:\/\/hoteiproperties.es\/wp-content\/uploads\/2023\/06\/galeria-readisson_bilbao07.jpg\"><img loading=\"lazy\" decoding=\"async\" width=\"1024\" height=\"640\" data-id=\"5414\" src=\"https:\/\/hoteiproperties.es\/wp-content\/uploads\/2023\/06\/galeria-readisson_bilbao07.jpg\" alt=\"Radisson Collection Bilbao\" class=\"wp-image-5414\" srcset=\"https:\/\/hoteiproperties.es\/wp-content\/uploads\/2023\/06\/galeria-readisson_bilbao07.jpg 1024w, https:\/\/hoteiproperties.es\/wp-content\/uploads\/2023\/06\/galeria-readisson_bilbao07-300x188.jpg 300w, https:\/\/hoteiproperties.es\/wp-content\/uploads\/2023\/06\/galeria-readisson_bilbao07-768x480.jpg 768w\" sizes=\"auto, (max-width: 1024px) 100vw, 1024px\" \/><\/a><\/figure>\n\n\n\n<figure class=\"wp-block-image size-large\"><a href=\"https:\/\/hoteiproperties.es\/wp-content\/uploads\/2023\/06\/galeria-readisson_bilbao06.jpg\"><img loading=\"lazy\" decoding=\"async\" width=\"1024\" height=\"640\" data-id=\"5412\" src=\"https:\/\/hoteiproperties.es\/wp-content\/uploads\/2023\/06\/galeria-readisson_bilbao06.jpg\" alt=\"Radisson Collection Bilbao\" class=\"wp-image-5412\" srcset=\"https:\/\/hoteiproperties.es\/wp-content\/uploads\/2023\/06\/galeria-readisson_bilbao06.jpg 1024w, https:\/\/hoteiproperties.es\/wp-content\/uploads\/2023\/06\/galeria-readisson_bilbao06-300x188.jpg 300w, https:\/\/hoteiproperties.es\/wp-content\/uploads\/2023\/06\/galeria-readisson_bilbao06-768x480.jpg 768w\" sizes=\"auto, (max-width: 1024px) 100vw, 1024px\" \/><\/a><\/figure>\n\n\n\n<figure class=\"wp-block-image size-large\"><a href=\"https:\/\/hoteiproperties.es\/wp-content\/uploads\/2023\/06\/galeria-readisson_bilbao02.jpg\"><img loading=\"lazy\" decoding=\"async\" width=\"683\" height=\"1024\" data-id=\"5408\" src=\"https:\/\/hoteiproperties.es\/wp-content\/uploads\/2023\/06\/galeria-readisson_bilbao02-683x1024.jpg\" alt=\"Radisson Collection Bilbao\" class=\"wp-image-5408\" srcset=\"https:\/\/hoteiproperties.es\/wp-content\/uploads\/2023\/06\/galeria-readisson_bilbao02-683x1024.jpg 683w, https:\/\/hoteiproperties.es\/wp-content\/uploads\/2023\/06\/galeria-readisson_bilbao02-200x300.jpg 200w, https:\/\/hoteiproperties.es\/wp-content\/uploads\/2023\/06\/galeria-readisson_bilbao02-768x1152.jpg 768w, https:\/\/hoteiproperties.es\/wp-content\/uploads\/2023\/06\/galeria-readisson_bilbao02.jpg 922w\" sizes=\"auto, (max-width: 683px) 100vw, 683px\" \/><\/a><\/figure>\n\n\n\n<figure class=\"wp-block-image size-large\"><a href=\"https:\/\/hoteiproperties.es\/wp-content\/uploads\/2023\/06\/galeria-readisson_bilbao05.jpg\"><img loading=\"lazy\" decoding=\"async\" width=\"1024\" height=\"640\" data-id=\"5411\" src=\"https:\/\/hoteiproperties.es\/wp-content\/uploads\/2023\/06\/galeria-readisson_bilbao05.jpg\" alt=\"Radisson Collection Bilbao\" class=\"wp-image-5411\" srcset=\"https:\/\/hoteiproperties.es\/wp-content\/uploads\/2023\/06\/galeria-readisson_bilbao05.jpg 1024w, https:\/\/hoteiproperties.es\/wp-content\/uploads\/2023\/06\/galeria-readisson_bilbao05-300x188.jpg 300w, https:\/\/hoteiproperties.es\/wp-content\/uploads\/2023\/06\/galeria-readisson_bilbao05-768x480.jpg 768w\" sizes=\"auto, (max-width: 1024px) 100vw, 1024px\" \/><\/a><\/figure>\n\n\n\n<figure class=\"wp-block-image size-large\"><a href=\"https:\/\/hoteiproperties.es\/wp-content\/uploads\/2023\/06\/galeria-readisson_bilbao09.jpg\"><img loading=\"lazy\" decoding=\"async\" width=\"1024\" height=\"640\" data-id=\"5416\" src=\"https:\/\/hoteiproperties.es\/wp-content\/uploads\/2023\/06\/galeria-readisson_bilbao09.jpg\" alt=\"Radisson Collection Bilbao\" class=\"wp-image-5416\" srcset=\"https:\/\/hoteiproperties.es\/wp-content\/uploads\/2023\/06\/galeria-readisson_bilbao09.jpg 1024w, https:\/\/hoteiproperties.es\/wp-content\/uploads\/2023\/06\/galeria-readisson_bilbao09-300x188.jpg 300w, https:\/\/hoteiproperties.es\/wp-content\/uploads\/2023\/06\/galeria-readisson_bilbao09-768x480.jpg 768w\" sizes=\"auto, (max-width: 1024px) 100vw, 1024px\" \/><\/a><\/figure>\n\n\n\n<figure class=\"wp-block-image size-large\"><a href=\"https:\/\/hoteiproperties.es\/wp-content\/uploads\/2023\/06\/galeria-readisson_bilbao10.jpg\"><img loading=\"lazy\" decoding=\"async\" width=\"1024\" height=\"640\" data-id=\"5417\" src=\"https:\/\/hoteiproperties.es\/wp-content\/uploads\/2023\/06\/galeria-readisson_bilbao10.jpg\" alt=\"Radisson Collection Bilbao\" class=\"wp-image-5417\" srcset=\"https:\/\/hoteiproperties.es\/wp-content\/uploads\/2023\/06\/galeria-readisson_bilbao10.jpg 1024w, https:\/\/hoteiproperties.es\/wp-content\/uploads\/2023\/06\/galeria-readisson_bilbao10-300x188.jpg 300w, https:\/\/hoteiproperties.es\/wp-content\/uploads\/2023\/06\/galeria-readisson_bilbao10-768x480.jpg 768w\" sizes=\"auto, (max-width: 1024px) 100vw, 1024px\" \/><\/a><\/figure>\n\n\n\n<figure class=\"wp-block-image size-large\"><a href=\"https:\/\/hoteiproperties.es\/wp-content\/uploads\/2023\/06\/galeria-readisson_bilbao12.jpg\"><img loading=\"lazy\" decoding=\"async\" width=\"1024\" height=\"640\" data-id=\"5814\" src=\"https:\/\/hoteiproperties.es\/wp-content\/uploads\/2023\/06\/galeria-readisson_bilbao12.jpg\" alt=\"Radisson Collection Bilbao\" class=\"wp-image-5814\" srcset=\"https:\/\/hoteiproperties.es\/wp-content\/uploads\/2023\/06\/galeria-readisson_bilbao12.jpg 1024w, https:\/\/hoteiproperties.es\/wp-content\/uploads\/2023\/06\/galeria-readisson_bilbao12-300x188.jpg 300w, https:\/\/hoteiproperties.es\/wp-content\/uploads\/2023\/06\/galeria-readisson_bilbao12-768x480.jpg 768w, https:\/\/hoteiproperties.es\/wp-content\/uploads\/2023\/06\/galeria-readisson_bilbao12-18x12.jpg 18w\" sizes=\"auto, (max-width: 1024px) 100vw, 1024px\" \/><\/a><\/figure>\n\n\n\n<figure class=\"wp-block-image size-large\"><a href=\"https:\/\/hoteiproperties.es\/wp-content\/uploads\/2023\/06\/galeria-readisson_bilbao11.jpg\"><img loading=\"lazy\" decoding=\"async\" width=\"1024\" height=\"640\" data-id=\"5813\" src=\"https:\/\/hoteiproperties.es\/wp-content\/uploads\/2023\/06\/galeria-readisson_bilbao11.jpg\" alt=\"Radisson Collection Bilbao\" class=\"wp-image-5813\"\/><\/a><\/figure>\n\n\n\n<figure class=\"wp-block-image size-large\"><a href=\"https:\/\/hoteiproperties.es\/wp-content\/uploads\/2023\/06\/galeria-readisson_bilbao13.jpg\"><img loading=\"lazy\" decoding=\"async\" width=\"1024\" height=\"640\" data-id=\"5815\" src=\"https:\/\/hoteiproperties.es\/wp-content\/uploads\/2023\/06\/galeria-readisson_bilbao13.jpg\" alt=\"Radisson Collection Bilbao\" class=\"wp-image-5815\" srcset=\"https:\/\/hoteiproperties.es\/wp-content\/uploads\/2023\/06\/galeria-readisson_bilbao13.jpg 1024w, https:\/\/hoteiproperties.es\/wp-content\/uploads\/2023\/06\/galeria-readisson_bilbao13-300x188.jpg 300w, https:\/\/hoteiproperties.es\/wp-content\/uploads\/2023\/06\/galeria-readisson_bilbao13-768x480.jpg 768w, https:\/\/hoteiproperties.es\/wp-content\/uploads\/2023\/06\/galeria-readisson_bilbao13-18x12.jpg 18w\" sizes=\"auto, (max-width: 1024px) 100vw, 1024px\" \/><\/a><\/figure>\n\n\n\n<figure class=\"wp-block-image size-large\"><a href=\"https:\/\/hoteiproperties.es\/wp-content\/uploads\/2023\/06\/galeria-radisson_bilbao-14.jpg\"><img loading=\"lazy\" decoding=\"async\" width=\"1024\" height=\"800\" data-id=\"5902\" src=\"https:\/\/hoteiproperties.es\/wp-content\/uploads\/2023\/06\/galeria-radisson_bilbao-14-1024x800.jpg\" alt=\"Radisson Collection Bilbao\" class=\"wp-image-5902\" srcset=\"https:\/\/hoteiproperties.es\/wp-content\/uploads\/2023\/06\/galeria-radisson_bilbao-14-1024x800.jpg 1024w, https:\/\/hoteiproperties.es\/wp-content\/uploads\/2023\/06\/galeria-radisson_bilbao-14-300x234.jpg 300w, https:\/\/hoteiproperties.es\/wp-content\/uploads\/2023\/06\/galeria-radisson_bilbao-14-768x600.jpg 768w, https:\/\/hoteiproperties.es\/wp-content\/uploads\/2023\/06\/galeria-radisson_bilbao-14-15x12.jpg 15w, https:\/\/hoteiproperties.es\/wp-content\/uploads\/2023\/06\/galeria-radisson_bilbao-14.jpg 1383w\" sizes=\"auto, (max-width: 1024px) 100vw, 1024px\" \/><\/a><\/figure>\n<\/figure>\n<\/div>\n\n\n\n<div class=\"wp-block-buttons is-content-justification-center is-layout-flex wp-container-core-buttons-is-layout-a89b3969 wp-block-buttons-is-layout-flex\">\n<div class=\"wp-block-button\"><a class=\"wp-block-button__link wp-element-button\" href=\"https:\/\/hoteiproperties.es\/activos-hoteles\/\">HOTELES<\/a><\/div>\n<\/div>\n","protected":false},"excerpt":{"rendered":"<p>Radisson Collection Bilbao<\/p>\n","protected":false},"author":1,"featured_media":5898,"parent":12,"menu_order":0,"comment_status":"closed","ping_status":"closed","template":"template-interior.php","meta":{"_acf_changed":false,"_uag_custom_page_level_css":"","site-sidebar-layout":"default","site-content-layout":"","ast-site-content-layout":"","site-content-style":"default","site-sidebar-style":"default","ast-global-header-display":"","ast-banner-title-visibility":"","ast-main-header-display":"","ast-hfb-above-header-display":"","ast-hfb-below-header-display":"","ast-hfb-mobile-header-display":"","site-post-title":"disabled","ast-breadcrumbs-content":"","ast-featured-img":"disabled","footer-sml-layout":"","theme-transparent-header-meta":"","adv-header-id-meta":"","stick-header-meta":"","header-above-stick-meta":"","header-main-stick-meta":"","header-below-stick-meta":"","astra-migrate-meta-layouts":"","footnotes":"","_links_to":"","_links_to_target":""},"class_list":["post-4018","page","type-page","status-publish","has-post-thumbnail","hentry"],"acf":[],"uagb_featured_image_src":{"full":["https:\/\/hoteiproperties.es\/wp-content\/uploads\/2023\/06\/header-radisson_bilbao.jpg",1920,1200,false],"thumbnail":["https:\/\/hoteiproperties.es\/wp-content\/uploads\/2023\/06\/header-radisson_bilbao-150x150.jpg",150,150,true],"medium":["https:\/\/hoteiproperties.es\/wp-content\/uploads\/2023\/06\/header-radisson_bilbao-300x188.jpg",300,188,true],"medium_large":["https:\/\/hoteiproperties.es\/wp-content\/uploads\/2023\/06\/header-radisson_bilbao-768x480.jpg",768,480,true],"large":["https:\/\/hoteiproperties.es\/wp-content\/uploads\/2023\/06\/header-radisson_bilbao-1024x640.jpg",800,500,true],"1536x1536":["https:\/\/hoteiproperties.es\/wp-content\/uploads\/2023\/06\/header-radisson_bilbao-1536x960.jpg",1536,960,true],"2048x2048":["https:\/\/hoteiproperties.es\/wp-content\/uploads\/2023\/06\/header-radisson_bilbao.jpg",1920,1200,false],"trp-custom-language-flag":["https:\/\/hoteiproperties.es\/wp-content\/uploads\/2023\/06\/header-radisson_bilbao-18x12.jpg",18,12,true]},"uagb_author_info":{"display_name":"Alex","author_link":"https:\/\/hoteiproperties.es\/es\/author\/alex\/"},"uagb_comment_info":0,"uagb_excerpt":"Radisson Collection Bilbao","_links":{"self":[{"href":"https:\/\/hoteiproperties.es\/es\/wp-json\/wp\/v2\/pages\/4018","targetHints":{"allow":["GET"]}}],"collection":[{"href":"https:\/\/hoteiproperties.es\/es\/wp-json\/wp\/v2\/pages"}],"about":[{"href":"https:\/\/hoteiproperties.es\/es\/wp-json\/wp\/v2\/types\/page"}],"author":[{"embeddable":true,"href":"https:\/\/hoteiproperties.es\/es\/wp-json\/wp\/v2\/users\/1"}],"replies":[{"embeddable":true,"href":"https:\/\/hoteiproperties.es\/es\/wp-json\/wp\/v2\/comments?post=4018"}],"version-history":[{"count":15,"href":"https:\/\/hoteiproperties.es\/es\/wp-json\/wp\/v2\/pages\/4018\/revisions"}],"predecessor-version":[{"id":7018,"href":"https:\/\/hoteiproperties.es\/es\/wp-json\/wp\/v2\/pages\/4018\/revisions\/7018"}],"up":[{"embeddable":true,"href":"https:\/\/hoteiproperties.es\/es\/wp-json\/wp\/v2\/pages\/12"}],"wp:featuredmedia":[{"embeddable":true,"href":"https:\/\/hoteiproperties.es\/es\/wp-json\/wp\/v2\/media\/5898"}],"wp:attachment":[{"href":"https:\/\/hoteiproperties.es\/es\/wp-json\/wp\/v2\/media?parent=4018"}],"curies":[{"name":"wp","href":"https:\/\/api.w.org\/{rel}","templated":true}]}}