{"id":4019,"date":"2019-01-21T08:49:36","date_gmt":"2019-01-21T08:49:36","guid":{"rendered":"https:\/\/hoteiproperties.es\/?page_id=178"},"modified":"2023-06-09T08:53:36","modified_gmt":"2023-06-09T08:53:36","slug":"prensa","status":"publish","type":"page","link":"https:\/\/hoteiproperties.es\/es\/prensa\/prensa\/","title":{"rendered":"PRENSA (antiguo)"},"content":{"rendered":"<p>[vc_row el_class=\u00bbbreadcrumb-interior\u00bb][vc_column el_class=\u00bbcontainer\u00bb][vc_column_text]<a class=\"active\" href=\"https:\/\/hoteiproperties.es\/prensa\/prensa\/\">Prensa<\/a><a class=\"menu-en-los-medios\" href=\"https:\/\/hoteiproperties.es\/prensa\/en-los-medios\/\">En Medios<\/a>[\/vc_column_text][\/vc_column][\/vc_row][vc_row el_id=\u00bbprensa\u00bb el_class=\u00bbfirst-section\u00bb][vc_column][vc_column_text el_class=\u00bbtitulo-izquierda\u00bb][section_title_principal title=\u00bbNOTAS DE PRENSA\u00bb extra_class=\u00bb\u00bb][\/vc_column_text][\/vc_column][\/vc_row][vc_row el_class=\u00bbtabs-prensa\u00bb][vc_column][vc_tta_tabs style=\u00bbflat\u00bb color=\u00bbwhite\u00bb active_section=\u00bb1&#8243;][vc_tta_section title=\u00bb2022&#8243; tab_id=\u00bb2022&#8243;][vc_column_text]<\/p>\n<ul>\n<li><a href=\"https:\/\/hoteiproperties.es\/wp-content\/uploads\/2022\/09\/cp-fairmont-la-hacienda_sp_def.pdf\" target=\"_blank\" rel=\"noopener noreferrer\">Accor anuncia un Fairmont Hotel &amp; Residences en Espa\u00f1a <\/a><\/li>\n<li><a href=\"https:\/\/hoteiproperties.es\/wp-content\/uploads\/2022\/07\/millenium-adquiere-el-edificio-situado-en-zorrilla19-.pdf\" target=\"_blank\" rel=\"noopener noreferrer\"> Adquisici\u00f3n de Zorrilla 19 <\/a><\/li>\n<li><a href=\"https:\/\/hoteiproperties.es\/wp-content\/uploads\/2022\/05\/mhre-np-ampliacion-mayo-def-002.pdf\" target=\"_blank\" rel=\"noopener noreferrer\">Millenium Hospitality completa exitosamente su ampliaci\u00f3n de capital con un importe suscrito de 246 millones de euros, convirti\u00e9ndose en la mayor y m\u00e1s importante realizada en mercado espa\u00f1ol en el a\u00f1o 2022.<\/a><\/li>\n<\/ul>\n<p>[\/vc_column_text][\/vc_tta_section][vc_tta_section title=\u00bb2021&#8243; tab_id=\u00bb1653633810163-5c2c1aa3-5d2a\u00bb][vc_column_text]<\/p>\n<ul>\n<li><a href=\"https:\/\/hoteiproperties.es\/wp-content\/uploads\/2021\/12\/np-nobu-san-sebastian-13-dic-21-def.pdf\" target=\"_blank\" rel=\"noopener noreferrer\">Nota de prensa del 13 de Diciembre de 2021<\/a><\/li>\n<li><a href=\"https:\/\/hoteiproperties.es\/wp-content\/uploads\/2021\/10\/np-resultados-1s21.pdf\" target=\"_blank\" rel=\"noopener noreferrer\">Nota de prensa del 5 de Octubre de 2021<\/a><\/li>\n<li><a href=\"https:\/\/hoteiproperties.es\/wp-content\/uploads\/2021\/07\/np_millenium-hotels-ampliacion-de-capital-28-julio-2021.pdf\" target=\"_blank\" rel=\"noopener noreferrer\">Nota de prensa del 28 de julio de 2021<\/a><\/li>\n<\/ul>\n<p>[\/vc_column_text][\/vc_tta_section][vc_tta_section title=\u00bb2020&#8243; tab_id=\u00bb1582887437480-d47e5a1c-3d21&#8243;][vc_column_text]<\/p>\n<ul>\n<li><a href=\"https:\/\/hoteiproperties.es\/wp-content\/uploads\/2020\/10\/np_millenium-san-sebastian-oct-2020.pdf\" target=\"_blank\" rel=\"noopener noreferrer\">Adquisici\u00f3n del Palacio Vista Eder en San Sebastian 21-10-20<\/a><\/li>\n<li><a href=\"https:\/\/hoteiproperties.es\/wp-content\/uploads\/2020\/06\/np.-millenium-amplia-su-consejo-de-administracion-1-1.pdf\" target=\"_blank\" rel=\"noopener noreferrer\">MILLENIUM AMPL\u00cdA SU CONSEJO DE ADMINISTRACION CON LA INCORPORACI\u00d3N DE D. JAVIER MART\u00cdNEZ- PIQUERAS, D\u00d1A. MACARENA SAINZ DE VICU\u00d1A, D. JORGE SANZ GRAS E D. IGNACIO ARANGUREN<\/a><\/li>\n<li><a href=\"https:\/\/hoteiproperties.es\/wp-content\/uploads\/2020\/03\/np-04.03.2020-resultados-millenium-hotels-2019-beneficio-neto-x144-hasta-2278-m-vf.docx\">EL BENEFICIO NETO DE MILLENIUM HOTELS SE MULTIPLIC\u00d3 POR 14,4 VECES HASTA LOS 22,78 M\u20ac<\/a><\/li>\n<\/ul>\n<p>[\/vc_column_text][\/vc_tta_section][vc_tta_section title=\u00bb2019&#8243; tab_id=\u00bb1557136724658-84fe7e29-3248&#8243;][vc_column_text]<\/p>\n<ul>\n<li><a href=\"https:\/\/hoteiproperties.es\/wp-content\/uploads\/2019\/12\/np_millenium-alcaidesa-golf.pdf\"><strong>MILLENIUM ADQUIERE DOS PARECELAS HOTELERAS Y 14 HECT\u00c1REAS DE TERRENO EN PRIMER L\u00cdNEA DE PLAYA QUE INCLUYE DOS CAMPOS DE GOLF PR\u00d3XIMOS A SOTOGRANDE PARA DESARROLLAR EL QUE SER\u00c1 UNO DE LOS RESORTS M\u00c1S LUJOSOS Y EXCLUSIVOS DEL SUR DE EUROPA<\/strong><\/a><\/li>\n<li><a href=\"https:\/\/hoteiproperties.es\/wp-content\/uploads\/2019\/12\/np_millenium-hotels-jga-181219.pdf\">MILLENIUM HOTELS APRUEBA AMPLIAR CAPITAL POR UN IMPORTE DE HASTA 400 MILLONES CON EL FIN DE OBTENER RECURSOS NECESARIOS PARA ABORDAR LAS OPORTUNIDADES DE INVERSI\u00d3N DETECTADAS, MEJORAR EN T\u00c9RMINOS DE EFICIENCIA OPERATIVA Y AUMENTAR SU BASE ACCIONARIAL, CON EL OBJETIVO DE INCREMENTAR EL INTER\u00c9S DEL MERCADO Y MAXIMIZAR EL VALOR PARA EL ACCIONISTA<\/a><\/li>\n<li><a href=\"https:\/\/hoteiproperties.es\/wp-content\/uploads\/2019\/11\/np_millenium-hotels-asturias-m-bilbao-def.pdf\">MILLENIUM HOTELS INVIERTE 131 MILLONES DE EUROS EN LA ADQUISICI\u00d3N DE DOS EMBLEM\u00c1TICOS INMUEBLES, EN MADRID LOS IC\u00d3NICOS EDIFICIOS DE CARRERA DE SAN JER\u00d3NIMO 9 Y 11, ANTIGUO HOTEL ASTURIAS PARA SU RECONVERSI\u00d3N EN UN HOTEL DE 5 ESTRELLAS, Y EN BILBAO EL GRAN HOTEL MELI\u00c1 BILBAO DEL ARQUITECTO RICARDO LEGORRETA<\/a><\/li>\n<li><a href=\"https:\/\/hoteiproperties.es\/wp-content\/uploads\/2019\/10\/np_millenium-hotels-resultados-1s19-javier-r4.pdf\">MILLENIUM HOTELS PUBLICA RESULTADOS DE PRIMER SEMESTRE DE 2019 CUMPLIENDO AMPLIAMENTE LAS PREVISIONES.<\/a><\/li>\n<li><a href=\"https:\/\/hoteiproperties.es\/wp-content\/uploads\/2019\/07\/190704_np_millenium-hotels-_cotizacion-mab-web.pdf\">MILLENIUM EMPIEZA A COTIZAR EN EL MAB CON UNA SUBIDA DEL 2%<\/a><\/li>\n<li><a href=\"https:\/\/hoteiproperties.es\/wp-content\/uploads\/2019\/06\/np_millenium-hotels-ampliacion-de-capital-ok.pdf\">MILLENIUM HOTELS CIERRA EXITOSAMENTE SU AMPLIACI\u00d3N DE CAPITAL CON 250 MILLONES DE EUROS, Y SE SIT\u00daA EN ENTRE LAS 10 MAYORES SOCIMIS DEL MAB Y EN EL PUESTO N\u00daMERO 13 POR TAMA\u00d1O DEL MERCADO ESPA\u00d1OL<\/a><\/li>\n<li><a href=\"https:\/\/hoteiproperties.es\/wp-content\/uploads\/2019\/05\/np-3-de-mayo-2019-sevilla-vf.pdf\">MILLENIUM HOTELS PRESENTA SU PRIMER HOTEL EN SEVILLA \u201cRADISSON COLLECTION MAGDALENA PLAZA\u201d QUE ASPIRA A CONVERTIRSE EN UNO DE LOS HOTELES M\u00c1S LUJOSOS DE LA CAPITAL HISPALENSE<\/a><\/li>\n<\/ul>\n<p>[\/vc_column_text][\/vc_tta_section][vc_tta_section title=\u00bb2018&#8243; tab_id=\u00bb2018&#8243;][vc_column_text]<\/p>\n<ul>\n<li><a href=\"https:\/\/hoteiproperties.es\/wp-content\/uploads\/2019\/02\/millenium-adquiere-el-edificio-de-el-corte-ingles-para-convertirlo-en-el-hotel-mas-lujoso-de-sevilla.pdf\" target=\"_blank\" rel=\"noopener noreferrer\"> Millenium adquiere el edificio de El Corte Ingle\u0301s para convertirlo en el hotel ma\u0301s lujoso de Sevilla <\/a><\/li>\n<li><a href=\"https:\/\/hoteiproperties.es\/wp-content\/uploads\/2019\/02\/millenium-adquiere-el-hotel-lucentum.pdf\" target=\"_blank\" rel=\"noopener noreferrer\">Millenium adquiere el Hotel Lucentum <\/a><\/li>\n<\/ul>\n<p>[\/vc_column_text][\/vc_tta_section][vc_tta_section title=\u00bb2017&#8243; tab_id=\u00bb2017&#8243;][vc_column_text]<\/p>\n<ul>\n<li><a href=\"https:\/\/hoteiproperties.es\/wp-content\/uploads\/2019\/02\/millenium-incorpora-a-remigio-iglesias.pdf\" target=\"_blank\" rel=\"noopener noreferrer\">Millenium incorpora a Remigio Iglesias <\/a><\/li>\n<\/ul>\n<p>[\/vc_column_text][\/vc_tta_section][\/vc_tta_tabs][\/vc_column][\/vc_row]<\/p>\n","protected":false},"excerpt":{"rendered":"<p>[vc_row el_class=\u00bbbreadcrumb-interior\u00bb][vc_column el_class=\u00bbcontainer\u00bb][vc_column_text]PrensaEn Medios[\/vc_column_text][\/vc_column][\/vc_row][vc_row el_id=\u00bbprensa\u00bb el_class=\u00bbfirst-section\u00bb][vc_column][vc_column_text el_class=\u00bbtitulo-izquierda\u00bb][section_title_principal title=\u00bbNOTAS DE PRENSA\u00bb extra_class=\u00bb\u00bb][\/vc_column_text][\/vc_column][\/vc_row][vc_row el_class=\u00bbtabs-prensa\u00bb][vc_column][vc_tta_tabs style=\u00bbflat\u00bb color=\u00bbwhite\u00bb active_section=\u00bb1&#8243;][vc_tta_section title=\u00bb2022&#8243; tab_id=\u00bb2022&#8243;][vc_column_text] Accor anuncia un Fairmont Hotel &amp; Residences en Espa\u00f1a Adquisici\u00f3n de Zorrilla 19 Millenium Hospitality completa exitosamente su ampliaci\u00f3n de capital con un importe suscrito de 246 millones de euros, convirti\u00e9ndose en la mayor y m\u00e1s importante realizada &hellip;<\/p>\n<p class=\"read-more\"> <a class=\"\" href=\"https:\/\/hoteiproperties.es\/es\/prensa\/prensa\/\"> <span class=\"screen-reader-text\">PRENSA (antiguo)<\/span> Leer m\u00e1s &raquo;<\/a><\/p>\n","protected":false},"author":1,"featured_media":0,"parent":16,"menu_order":0,"comment_status":"closed","ping_status":"closed","template":"","meta":{"_acf_changed":false,"_uag_custom_page_level_css":"","site-sidebar-layout":"default","site-content-layout":"","ast-site-content-layout":"","site-content-style":"default","site-sidebar-style":"default","ast-global-header-display":"","ast-banner-title-visibility":"","ast-main-header-display":"","ast-hfb-above-header-display":"","ast-hfb-below-header-display":"","ast-hfb-mobile-header-display":"","site-post-title":"","ast-breadcrumbs-content":"","ast-featured-img":"","footer-sml-layout":"","theme-transparent-header-meta":"","adv-header-id-meta":"","stick-header-meta":"","header-above-stick-meta":"","header-main-stick-meta":"","header-below-stick-meta":"","astra-migrate-meta-layouts":"","footnotes":"","_links_to":"","_links_to_target":""},"class_list":["post-4019","page","type-page","status-publish","hentry"],"acf":[],"uagb_featured_image_src":{"full":false,"thumbnail":false,"medium":false,"medium_large":false,"large":false,"1536x1536":false,"2048x2048":false,"trp-custom-language-flag":false},"uagb_author_info":{"display_name":"Alex","author_link":"https:\/\/hoteiproperties.es\/es\/author\/alex\/"},"uagb_comment_info":0,"uagb_excerpt":"[vc_row el_class=\u00bbbreadcrumb-interior\u00bb][vc_column el_class=\u00bbcontainer\u00bb][vc_column_text]PrensaEn Medios[\/vc_column_text][\/vc_column][\/vc_row][vc_row el_id=\u00bbprensa\u00bb el_class=\u00bbfirst-section\u00bb][vc_column][vc_column_text el_class=\u00bbtitulo-izquierda\u00bb][section_title_principal title=\u00bbNOTAS DE PRENSA\u00bb extra_class=\u00bb\u00bb][\/vc_column_text][\/vc_column][\/vc_row][vc_row el_class=\u00bbtabs-prensa\u00bb][vc_column][vc_tta_tabs style=\u00bbflat\u00bb color=\u00bbwhite\u00bb active_section=\u00bb1&#8243;][vc_tta_section title=\u00bb2022&#8243; tab_id=\u00bb2022&#8243;][vc_column_text] Accor anuncia un Fairmont Hotel &amp; Residences en Espa\u00f1a Adquisici\u00f3n de Zorrilla 19 Millenium Hospitality completa exitosamente su ampliaci\u00f3n de capital con un importe suscrito de 246 millones de euros, convirti\u00e9ndose en la mayor y m\u00e1s importante realizada&hellip;","_links":{"self":[{"href":"https:\/\/hoteiproperties.es\/es\/wp-json\/wp\/v2\/pages\/4019","targetHints":{"allow":["GET"]}}],"collection":[{"href":"https:\/\/hoteiproperties.es\/es\/wp-json\/wp\/v2\/pages"}],"about":[{"href":"https:\/\/hoteiproperties.es\/es\/wp-json\/wp\/v2\/types\/page"}],"author":[{"embeddable":true,"href":"https:\/\/hoteiproperties.es\/es\/wp-json\/wp\/v2\/users\/1"}],"replies":[{"embeddable":true,"href":"https:\/\/hoteiproperties.es\/es\/wp-json\/wp\/v2\/comments?post=4019"}],"version-history":[{"count":2,"href":"https:\/\/hoteiproperties.es\/es\/wp-json\/wp\/v2\/pages\/4019\/revisions"}],"predecessor-version":[{"id":5624,"href":"https:\/\/hoteiproperties.es\/es\/wp-json\/wp\/v2\/pages\/4019\/revisions\/5624"}],"up":[{"embeddable":true,"href":"https:\/\/hoteiproperties.es\/es\/wp-json\/wp\/v2\/pages\/16"}],"wp:attachment":[{"href":"https:\/\/hoteiproperties.es\/es\/wp-json\/wp\/v2\/media?parent=4019"}],"curies":[{"name":"wp","href":"https:\/\/api.w.org\/{rel}","templated":true}]}}