{"id":582,"date":"2019-04-08T09:37:14","date_gmt":"2019-04-08T08:37:14","guid":{"rendered":"https:\/\/hoteiproperties.es\/?page_id=582"},"modified":"2025-05-06T09:53:19","modified_gmt":"2025-05-06T09:53:19","slug":"informes-anuales","status":"publish","type":"page","link":"https:\/\/hoteiproperties.es\/es\/accionistas-e-inversores\/informes-anuales\/","title":{"rendered":"Informes anuales"},"content":{"rendered":"\n<div class=\"wp-block-cover alignfull has-parallax imagenSeccion\"><div class=\"wp-block-cover__image-background wp-image-5122 has-parallax\" style=\"background-position:50% 50%;background-image:url(https:\/\/hoteiproperties.es\/wp-content\/uploads\/2023\/05\/mhre-header-image08.jpg)\"><\/div><span aria-hidden=\"true\" class=\"wp-block-cover__background has-background-dim-10 has-background-dim\"><\/span><div class=\"wp-block-cover__inner-container is-layout-flow wp-block-cover-is-layout-flow\">\n<h1 class=\"wp-block-heading has-text-align-center has-large-font-size\">Informes anuales<\/h1>\n<\/div><\/div>\n\n\n\n<div class=\"inherit-container-width wp-block-group infoSeccion is-layout-constrained wp-block-group-is-layout-constrained\">\n<h2 class=\"wp-block-heading\">2024<\/h2>\n\n\n\n<p><a href=\"https:\/\/hoteiproperties.es\/wp-content\/uploads\/2023\/03\/oip-cuentas-anuales-2022-1.pdf\" target=\"_blank\" rel=\"noreferrer noopener\"><\/a><a href=\"https:\/\/hoteiproperties.es\/wp-content\/uploads\/2025\/03\/OIR-EEFF-Espanol-completo-31.12.2024.pdf\" data-type=\"link\" data-id=\"https:\/\/hoteiproperties.es\/wp-content\/uploads\/2024\/04\/OIR-completo-31.12.2023.pdf\" target=\"_blank\" rel=\"noreferrer noopener\">Cuentas Anuales Consolidadas e Individuales e Informe de Auditor\u00eda 2024<\/a><\/p>\n\n\n\n<h2 class=\"wp-block-heading\">2023<\/h2>\n\n\n\n<p><a href=\"https:\/\/hoteiproperties.es\/wp-content\/uploads\/2023\/03\/oip-cuentas-anuales-2022-1.pdf\" target=\"_blank\" rel=\"noreferrer noopener\"><\/a><a href=\"https:\/\/hoteiproperties.es\/wp-content\/uploads\/2024\/04\/OIR-completo-31.12.2023.pdf\" data-type=\"link\" data-id=\"https:\/\/hoteiproperties.es\/wp-content\/uploads\/2024\/04\/OIR-completo-31.12.2023.pdf\" target=\"_blank\" rel=\"noreferrer noopener nofollow\">Cuentas Anuales Consolidadas e Individuales e Informe de Auditor\u00eda 2023<\/a><\/p>\n\n\n\n<h2 class=\"wp-block-heading\">2022<\/h2>\n\n\n\n<p><a rel=\"noreferrer noopener\" href=\"https:\/\/hoteiproperties.es\/wp-content\/uploads\/2023\/03\/oip-cuentas-anuales-2022-1.pdf\" target=\"_blank\"><\/a><a rel=\"noreferrer noopener\" href=\"https:\/\/hoteiproperties.es\/wp-content\/uploads\/2023\/03\/oip-cuentas-anuales-2022-1.pdf\" target=\"_blank\">Cuentas Anuales Consolidadas e Individuales e Informe de Auditor\u00eda 2022<\/a><\/p>\n\n\n\n<h2 class=\"wp-block-heading\">2021<\/h2>\n\n\n\n<p><a rel=\"noopener noreferrer\" href=\"https:\/\/hoteiproperties.es\/wp-content\/uploads\/2022\/03\/2022-03-21-hecho-relevante-resultados-2021_esp.pdf\" target=\"_blank\"><a rel=\"noreferrer noopener\" href=\"https:\/\/hoteiproperties.es\/wp-content\/uploads\/2022\/03\/2022-03-21-hecho-relevante-resultados-2021_esp.pdf\" target=\"_blank\">Cuentas Anuales Consolidadas e Individuales e Informe de Auditor\u00eda 2021<\/a><\/a><\/p>\n\n\n\n<h2 class=\"wp-block-heading\">2020<\/h2>\n\n\n\n<p><a rel=\"noopener noreferrer\" href=\"https:\/\/hoteiproperties.es\/wp-content\/uploads\/2021\/03\/hecho-relevante-resultados-2020-completo.pdf\" target=\"_blank\"><a rel=\"noreferrer noopener\" href=\"https:\/\/hoteiproperties.es\/wp-content\/uploads\/2021\/03\/hecho-relevante-resultados-2020-completo.pdf\" target=\"_blank\">Cuentas Anuales Individuales y Consolidadas e Informe de Auditor\u00eda 2020<\/a><\/a><\/p>\n\n\n\n<h2 class=\"wp-block-heading\">2019<\/h2>\n\n\n\n<p><a rel=\"noopener noreferrer\" href=\"https:\/\/hoteiproperties.es\/wp-content\/uploads\/2020\/03\/20200304-millenium-ccaa-individuales-e-informe-auditoria.pdf\" target=\"_blank\"><a rel=\"noreferrer noopener\" href=\"https:\/\/hoteiproperties.es\/wp-content\/uploads\/2020\/03\/20200304-millenium-ccaa-individuales-e-informe-auditoria.pdf\" target=\"_blank\">Cuentas Anuales Individuales e Informe de Auditor\u00eda 2019<\/a><\/a><\/p>\n\n\n\n<p><a rel=\"noopener noreferrer\" href=\"https:\/\/hoteiproperties.es\/wp-content\/uploads\/2020\/03\/20200304-millenium-ccaa-consolidadas-e-informe-auditoria.pdf\" target=\"_blank\"><a rel=\"noreferrer noopener\" href=\"https:\/\/hoteiproperties.es\/wp-content\/uploads\/2020\/03\/20200304-millenium-ccaa-consolidadas-e-informe-auditoria.pdf\" target=\"_blank\">Cuentas Anuales Consolidadas e Informe de Auditor\u00eda 2019<\/a><\/a><\/p>\n\n\n\n<h2 class=\"wp-block-heading\">2018<\/h2>\n\n\n\n<p><a rel=\"noreferrer noopener\" href=\"https:\/\/hoteiproperties.es\/wp-content\/uploads\/2019\/06\/ccaa-informe-de-auditoria-millenium-individual-comprimido.pdf\" target=\"_blank\"><a rel=\"noreferrer noopener\" href=\"https:\/\/hoteiproperties.es\/wp-content\/uploads\/2019\/06\/ccaa-informe-de-auditoria-millenium-individual-comprimido.pdf\" target=\"_blank\">Cuentas Anuales Individuales e Informe de Auditor\u00eda 2018<\/a><\/a><\/p>\n\n\n\n<p><a rel=\"noreferrer noopener\" href=\"https:\/\/hoteiproperties.es\/wp-content\/uploads\/2019\/06\/ccaa-informe-de-auditoria-millenium-conso-compressed.pdf\" target=\"_blank\"><a rel=\"noreferrer noopener\" href=\"https:\/\/hoteiproperties.es\/wp-content\/uploads\/2019\/06\/ccaa-informe-de-auditoria-millenium-conso-compressed.pdf\" target=\"_blank\">Cuentas Anuales Consolidadas e Informe de Auditor\u00eda 2018<\/a><\/a><\/p>\n\n\n\n<h2 class=\"wp-block-heading\">2017<\/h2>\n\n\n\n<p><a href=\"https:\/\/hoteiproperties.es\/wp-content\/uploads\/2020\/02\/ccaa-millenium-2017-individuales.pdf\"><a href=\"https:\/\/hoteiproperties.es\/wp-content\/uploads\/2020\/02\/ccaa-millenium-2017-individuales.pdf\">Cuentas Anuales Individuales e Informe de Auditor\u00eda 2017<\/a><\/a><\/p>\n<\/div>\n","protected":false},"excerpt":{"rendered":"<p>2024 Cuentas Anuales Consolidadas e Individuales e Informe de Auditor\u00eda 2024 2023 Cuentas Anuales Consolidadas e Individuales e Informe de Auditor\u00eda 2023 2022 Cuentas Anuales Consolidadas e Individuales e Informe de Auditor\u00eda 2022 2021 Cuentas Anuales Consolidadas e Individuales e Informe de Auditor\u00eda 2021 2020 Cuentas Anuales Individuales y Consolidadas e Informe de Auditor\u00eda 2020 &hellip;<\/p>\n<p class=\"read-more\"> <a class=\"\" href=\"https:\/\/hoteiproperties.es\/es\/accionistas-e-inversores\/informes-anuales\/\"> <span class=\"screen-reader-text\">Informes anuales<\/span> Leer m\u00e1s &raquo;<\/a><\/p>\n","protected":false},"author":1,"featured_media":0,"parent":4007,"menu_order":0,"comment_status":"closed","ping_status":"closed","template":"","meta":{"_acf_changed":false,"_uag_custom_page_level_css":"","site-sidebar-layout":"no-sidebar","site-content-layout":"plain-container","ast-site-content-layout":"normal-width-container","site-content-style":"unboxed","site-sidebar-style":"unboxed","ast-global-header-display":"","ast-banner-title-visibility":"","ast-main-header-display":"","ast-hfb-above-header-display":"","ast-hfb-below-header-display":"","ast-hfb-mobile-header-display":"","site-post-title":"disabled","ast-breadcrumbs-content":"","ast-featured-img":"","footer-sml-layout":"","theme-transparent-header-meta":"","adv-header-id-meta":"","stick-header-meta":"","header-above-stick-meta":"","header-main-stick-meta":"","header-below-stick-meta":"","astra-migrate-meta-layouts":"set","footnotes":"","_links_to":"","_links_to_target":""},"class_list":["post-582","page","type-page","status-publish","hentry"],"acf":[],"uagb_featured_image_src":{"full":false,"thumbnail":false,"medium":false,"medium_large":false,"large":false,"1536x1536":false,"2048x2048":false,"trp-custom-language-flag":false},"uagb_author_info":{"display_name":"Alex","author_link":"https:\/\/hoteiproperties.es\/es\/author\/alex\/"},"uagb_comment_info":0,"uagb_excerpt":"2024 Cuentas Anuales Consolidadas e Individuales e Informe de Auditor\u00eda 2024 2023 Cuentas Anuales Consolidadas e Individuales e Informe de Auditor\u00eda 2023 2022 Cuentas Anuales Consolidadas e Individuales e Informe de Auditor\u00eda 2022 2021 Cuentas Anuales Consolidadas e Individuales e Informe de Auditor\u00eda 2021 2020 Cuentas Anuales Individuales y Consolidadas e Informe de Auditor\u00eda 2020&hellip;","_links":{"self":[{"href":"https:\/\/hoteiproperties.es\/es\/wp-json\/wp\/v2\/pages\/582","targetHints":{"allow":["GET"]}}],"collection":[{"href":"https:\/\/hoteiproperties.es\/es\/wp-json\/wp\/v2\/pages"}],"about":[{"href":"https:\/\/hoteiproperties.es\/es\/wp-json\/wp\/v2\/types\/page"}],"author":[{"embeddable":true,"href":"https:\/\/hoteiproperties.es\/es\/wp-json\/wp\/v2\/users\/1"}],"replies":[{"embeddable":true,"href":"https:\/\/hoteiproperties.es\/es\/wp-json\/wp\/v2\/comments?post=582"}],"version-history":[{"count":19,"href":"https:\/\/hoteiproperties.es\/es\/wp-json\/wp\/v2\/pages\/582\/revisions"}],"predecessor-version":[{"id":8631,"href":"https:\/\/hoteiproperties.es\/es\/wp-json\/wp\/v2\/pages\/582\/revisions\/8631"}],"up":[{"embeddable":true,"href":"https:\/\/hoteiproperties.es\/es\/wp-json\/wp\/v2\/pages\/4007"}],"wp:attachment":[{"href":"https:\/\/hoteiproperties.es\/es\/wp-json\/wp\/v2\/media?parent=582"}],"curies":[{"name":"wp","href":"https:\/\/api.w.org\/{rel}","templated":true}]}}