{"id":590,"date":"2019-04-08T09:42:47","date_gmt":"2019-04-08T08:42:47","guid":{"rendered":"https:\/\/hoteiproperties.es\/?page_id=590"},"modified":"2026-03-18T17:09:46","modified_gmt":"2026-03-18T17:09:46","slug":"periodo-medio-de-pago","status":"publish","type":"page","link":"https:\/\/hoteiproperties.es\/es\/accionistas-e-inversores\/periodo-medio-de-pago\/","title":{"rendered":"Periodo medio de pago"},"content":{"rendered":"\n<div class=\"wp-block-cover alignfull is-light has-parallax imagenSeccion\"><div class=\"wp-block-cover__image-background wp-image-5126 has-parallax\" style=\"background-position:50% 50%;background-image:url(https:\/\/hoteiproperties.es\/wp-content\/uploads\/2023\/05\/mhre-header-image12.jpg)\"><\/div><span aria-hidden=\"true\" class=\"wp-block-cover__background has-background-dim-10 has-background-dim\"><\/span><div class=\"wp-block-cover__inner-container is-layout-flow wp-block-cover-is-layout-flow\">\n<h1 class=\"wp-block-heading has-text-align-center has-large-font-size\">Periodo medio de pago<\/h1>\n<\/div><\/div>\n\n\n\n<div class=\"inherit-container-width wp-block-group infoSeccion is-layout-constrained wp-block-group-is-layout-constrained\">\n<p>El plazo m\u00e1ximo legal de pago aplicacble a la Sociedad seg\u00fan la Ley 3\/2014, de 29 de diciembre, por la que se establecen medidas de lucha contra la morosidad en las operaciones comerciales y conforme a las disposiciones transitorias establecidas en la Ley 15\/2010, de 5 de julio, es de 60 d\u00edas hasta la publicaci\u00f3n de la Ley 11\/2013 de 26 de julio y de 30 d\u00edas a partir de la publicaci\u00f3n de la mencionada Ley ya hasta la actualidad (a menos que se cumplan las condiciones establecidas en la misma, que permitir\u00edan elevar dicho plazo m\u00e1ximo de pago hasta los 60 d\u00edas).<\/p>\n\n\n\n<p>El periodo de medio de pago de HOTEI en 2025 ha sido de 23,9 d\u00edas.<\/p>\n<\/div>\n","protected":false},"excerpt":{"rendered":"<p>El plazo m\u00e1ximo legal de pago aplicacble a la Sociedad seg\u00fan la Ley 3\/2014, de 29 de diciembre, por la que se establecen medidas de lucha contra la morosidad en las operaciones comerciales y conforme a las disposiciones transitorias establecidas en la Ley 15\/2010, de 5 de julio, es de 60 d\u00edas hasta la publicaci\u00f3n &hellip;<\/p>\n<p class=\"read-more\"> <a class=\"\" href=\"https:\/\/hoteiproperties.es\/es\/accionistas-e-inversores\/periodo-medio-de-pago\/\"> <span class=\"screen-reader-text\">Periodo medio de pago<\/span> Leer m\u00e1s &raquo;<\/a><\/p>\n","protected":false},"author":1,"featured_media":0,"parent":4007,"menu_order":0,"comment_status":"closed","ping_status":"closed","template":"template-interior.php","meta":{"_acf_changed":false,"_uag_custom_page_level_css":"","site-sidebar-layout":"no-sidebar","site-content-layout":"plain-container","ast-site-content-layout":"normal-width-container","site-content-style":"unboxed","site-sidebar-style":"unboxed","ast-global-header-display":"","ast-banner-title-visibility":"","ast-main-header-display":"","ast-hfb-above-header-display":"","ast-hfb-below-header-display":"","ast-hfb-mobile-header-display":"","site-post-title":"disabled","ast-breadcrumbs-content":"","ast-featured-img":"","footer-sml-layout":"","theme-transparent-header-meta":"","adv-header-id-meta":"","stick-header-meta":"","header-above-stick-meta":"","header-main-stick-meta":"","header-below-stick-meta":"","astra-migrate-meta-layouts":"set","footnotes":"","_links_to":"","_links_to_target":""},"class_list":["post-590","page","type-page","status-publish","hentry"],"acf":[],"uagb_featured_image_src":{"full":false,"thumbnail":false,"medium":false,"medium_large":false,"large":false,"1536x1536":false,"2048x2048":false,"trp-custom-language-flag":false},"uagb_author_info":{"display_name":"Alex","author_link":"https:\/\/hoteiproperties.es\/es\/author\/alex\/"},"uagb_comment_info":0,"uagb_excerpt":"El plazo m\u00e1ximo legal de pago aplicacble a la Sociedad seg\u00fan la Ley 3\/2014, de 29 de diciembre, por la que se establecen medidas de lucha contra la morosidad en las operaciones comerciales y conforme a las disposiciones transitorias establecidas en la Ley 15\/2010, de 5 de julio, es de 60 d\u00edas hasta la publicaci\u00f3n&hellip;","_links":{"self":[{"href":"https:\/\/hoteiproperties.es\/es\/wp-json\/wp\/v2\/pages\/590","targetHints":{"allow":["GET"]}}],"collection":[{"href":"https:\/\/hoteiproperties.es\/es\/wp-json\/wp\/v2\/pages"}],"about":[{"href":"https:\/\/hoteiproperties.es\/es\/wp-json\/wp\/v2\/types\/page"}],"author":[{"embeddable":true,"href":"https:\/\/hoteiproperties.es\/es\/wp-json\/wp\/v2\/users\/1"}],"replies":[{"embeddable":true,"href":"https:\/\/hoteiproperties.es\/es\/wp-json\/wp\/v2\/comments?post=590"}],"version-history":[{"count":14,"href":"https:\/\/hoteiproperties.es\/es\/wp-json\/wp\/v2\/pages\/590\/revisions"}],"predecessor-version":[{"id":8885,"href":"https:\/\/hoteiproperties.es\/es\/wp-json\/wp\/v2\/pages\/590\/revisions\/8885"}],"up":[{"embeddable":true,"href":"https:\/\/hoteiproperties.es\/es\/wp-json\/wp\/v2\/pages\/4007"}],"wp:attachment":[{"href":"https:\/\/hoteiproperties.es\/es\/wp-json\/wp\/v2\/media?parent=590"}],"curies":[{"name":"wp","href":"https:\/\/api.w.org\/{rel}","templated":true}]}}