{"id":90,"date":"2019-01-14T11:58:36","date_gmt":"2019-01-14T10:58:36","guid":{"rendered":"https:\/\/hoteiproperties.es\/?page_id=90"},"modified":"2025-10-30T09:18:38","modified_gmt":"2025-10-30T09:18:38","slug":"quienes-somos","status":"publish","type":"page","link":"https:\/\/hoteiproperties.es\/es\/quienes-somos\/","title":{"rendered":"Qui\u00e9nes somos"},"content":{"rendered":"\n<div class=\"wp-block-cover alignfull is-light has-parallax imagenSeccion\" style=\"padding-top:0;padding-right:0;padding-bottom:0;padding-left:0\"><div class=\"wp-block-cover__image-background wp-image-4157 has-parallax\" style=\"background-position:50% 50%;background-image:url(https:\/\/hoteiproperties.es\/wp-content\/uploads\/2023\/01\/header-image.jpg)\"><\/div><span aria-hidden=\"true\" class=\"wp-block-cover__background has-background-dim-10 has-background-dim\"><\/span><div class=\"wp-block-cover__inner-container is-layout-flow wp-block-cover-is-layout-flow\">\n<h1 class=\"wp-block-heading has-text-align-center has-large-font-size\">Qui\u00e9nes somos<\/h1>\n<\/div><\/div>\n\n\n\n<div class=\"inherit-container-width wp-block-group infoSeccion is-layout-constrained wp-block-group-is-layout-constrained\">\n<p><strong>Hotei Properties SOCIMI<\/strong> (\u201cHOTEI\u201d), es un veh\u00edculo inmobiliario fiscalmente eficiente especializado en el desarrollo e inversi\u00f3n en hoteles de calidad diferenciada en ubicaciones excelentes, que ofrece la posibilidad de participar en el constante crecimiento del mercado tur\u00edstico de Espa\u00f1a y Portugal, especialmente en el segmento de alta calidad.<\/p>\n\n\n\n<p>HOTEI cuenta con una importante cartera de activos en explotaci\u00f3n y en proceso de reposicionamiento, y est\u00e1 gestionada por un equipo multidisciplinar de profesionales de reconocido prestigio y trayectoria, con amplia experiencia en los diferentes campos que afectan a la industria de inversi\u00f3n hotelera: segmento inmobiliario, financiero, hotelero y de desarrollo de proyectos, as\u00ed como en mercados financieros.<\/p>\n\n\n\n<p>La estrategia de HOTEI se fundamenta en la generaci\u00f3n de valor a trav\u00e9s de la adquisici\u00f3n y reposicionamiento de activos hoteleros en operaci\u00f3n o con posibilidad de reconversi\u00f3n, primando la cuidada selecci\u00f3n de los inmuebles y su localizaci\u00f3n tanto en \u00e1reas de \u00e1mbito urbano como en polos tur\u00edsticos consolidados, y con un claro enfoque hacia el turismo de calidad, apostando por el crecimiento de las tarifas (\u201cADR\u201d) mediante la creaci\u00f3n y el desarrollo de proyectos emblem\u00e1ticos gestionados por grandes cadenas internacionales de lujo y operadores de m\u00e1xima calidad.<\/p>\n\n\n\n<p>HOTEI cotiza en el <strong>BME Growth<\/strong> desde el 4 julio de 2019.<\/p>\n<\/div>\n\n\n\n<h2 class=\"wp-block-heading has-text-align-center\">HOTELES EN HOTEI<\/h2>\n\n\n\n<div class=\"wp-block-columns alignfull contActivos is-layout-flex wp-container-core-columns-is-layout-28f84493 wp-block-columns-is-layout-flex\">\n<div class=\"wp-block-column is-layout-flow wp-block-column-is-layout-flow\">\n<figure class=\"wp-block-image size-large\"><a href=\"https:\/\/hoteiproperties.es\/activos-hoteles\/jw-marriott-madrid\/\"><img loading=\"lazy\" decoding=\"async\" width=\"1024\" height=\"640\" src=\"https:\/\/hoteiproperties.es\/wp-content\/uploads\/2023\/06\/header-jw_marriott_madrid-1024x640.jpg\" alt=\"JW Marriott - Madrid\" class=\"wp-image-5867\" srcset=\"https:\/\/hoteiproperties.es\/wp-content\/uploads\/2023\/06\/header-jw_marriott_madrid-1024x640.jpg 1024w, https:\/\/hoteiproperties.es\/wp-content\/uploads\/2023\/06\/header-jw_marriott_madrid-300x188.jpg 300w, https:\/\/hoteiproperties.es\/wp-content\/uploads\/2023\/06\/header-jw_marriott_madrid-768x480.jpg 768w, https:\/\/hoteiproperties.es\/wp-content\/uploads\/2023\/06\/header-jw_marriott_madrid-1536x960.jpg 1536w, https:\/\/hoteiproperties.es\/wp-content\/uploads\/2023\/06\/header-jw_marriott_madrid-18x12.jpg 18w, https:\/\/hoteiproperties.es\/wp-content\/uploads\/2023\/06\/header-jw_marriott_madrid.jpg 1920w\" sizes=\"auto, (max-width: 1024px) 100vw, 1024px\" \/><\/a><\/figure>\n\n\n\n<p>Madrid<\/p>\n\n\n\n<h3 class=\"wp-block-heading\"><a href=\"https:\/\/hoteiproperties.es\/activos-hoteles\/jw-marriott-madrid\/\" data-type=\"page\" data-id=\"1830\">JW Marriott<\/a><\/h3>\n<\/div>\n\n\n\n<div class=\"wp-block-column is-layout-flow wp-block-column-is-layout-flow\">\n<figure class=\"wp-block-image size-large\"><a href=\"https:\/\/hoteiproperties.es\/es\/activos-hoteles\/hotel-nomade-madrid\/\"><img loading=\"lazy\" decoding=\"async\" width=\"1024\" height=\"640\" src=\"https:\/\/hoteiproperties.es\/wp-content\/uploads\/2023\/06\/header-iberostar_lasletras-1024x640.jpg\" alt=\"Iberostar Las Letras\" class=\"wp-image-5294\" srcset=\"https:\/\/hoteiproperties.es\/wp-content\/uploads\/2023\/06\/header-iberostar_lasletras-1024x640.jpg 1024w, https:\/\/hoteiproperties.es\/wp-content\/uploads\/2023\/06\/header-iberostar_lasletras-300x188.jpg 300w, https:\/\/hoteiproperties.es\/wp-content\/uploads\/2023\/06\/header-iberostar_lasletras-768x480.jpg 768w, https:\/\/hoteiproperties.es\/wp-content\/uploads\/2023\/06\/header-iberostar_lasletras-1536x960.jpg 1536w, https:\/\/hoteiproperties.es\/wp-content\/uploads\/2023\/06\/header-iberostar_lasletras.jpg 1920w\" sizes=\"auto, (max-width: 1024px) 100vw, 1024px\" \/><\/a><\/figure>\n\n\n\n<p>Madrid<\/p>\n\n\n\n<h3 class=\"wp-block-heading\"><a href=\"https:\/\/hoteiproperties.es\/activos-hoteles\/hotel-nomade-madrid\/\" data-type=\"page\" data-id=\"3958\">Hotel Nomade Madrid<\/a><\/h3>\n<\/div>\n\n\n\n<div class=\"wp-block-column is-layout-flow wp-block-column-is-layout-flow\">\n<figure class=\"wp-block-image size-large\"><a href=\"https:\/\/hoteiproperties.es\/activos-hoteles\/nobu-madrid\/\"><img loading=\"lazy\" decoding=\"async\" width=\"1024\" height=\"640\" src=\"https:\/\/hoteiproperties.es\/wp-content\/uploads\/2023\/06\/header-nobu_madrid-1024x640.jpg\" alt=\"Nobu Madrid\" class=\"wp-image-5343\" srcset=\"https:\/\/hoteiproperties.es\/wp-content\/uploads\/2023\/06\/header-nobu_madrid-1024x640.jpg 1024w, https:\/\/hoteiproperties.es\/wp-content\/uploads\/2023\/06\/header-nobu_madrid-300x188.jpg 300w, https:\/\/hoteiproperties.es\/wp-content\/uploads\/2023\/06\/header-nobu_madrid-768x480.jpg 768w, https:\/\/hoteiproperties.es\/wp-content\/uploads\/2023\/06\/header-nobu_madrid-1536x960.jpg 1536w, https:\/\/hoteiproperties.es\/wp-content\/uploads\/2023\/06\/header-nobu_madrid.jpg 1920w\" sizes=\"auto, (max-width: 1024px) 100vw, 1024px\" \/><\/a><\/figure>\n\n\n\n<p>Madrid<\/p>\n\n\n\n<h3 class=\"wp-block-heading\"><a href=\"https:\/\/hoteiproperties.es\/activos-hoteles\/nobu-madrid\/\" data-type=\"page\" data-id=\"3233\">Nobu<\/a><\/h3>\n<\/div>\n<\/div>\n\n\n\n<div class=\"wp-block-columns alignfull contActivos is-layout-flex wp-container-core-columns-is-layout-28f84493 wp-block-columns-is-layout-flex\">\n<div class=\"wp-block-column is-layout-flow wp-block-column-is-layout-flow\">\n<figure class=\"wp-block-image size-large\"><a href=\"https:\/\/hoteiproperties.es\/es\/activos-hoteles\/autograph-collection-marriott\/\"><img decoding=\"async\" src=\"https:\/\/hoteiproperties.es\/wp-content\/uploads\/2023\/07\/header-zorrilla19.jpg\" alt=\"Hotel Zorrilla 19\"\/><\/a><\/figure>\n\n\n\n<p>Madrid<\/p>\n\n\n\n<h3 class=\"wp-block-heading\"><a href=\"https:\/\/hoteiproperties.es\/es\/activos-hoteles\/autograph-collection-marriott\/\">Autograph Collection by Marriott<\/a><\/h3>\n<\/div>\n\n\n\n<div class=\"wp-block-column is-layout-flow wp-block-column-is-layout-flow\">\n<figure class=\"wp-block-image size-large\"><a href=\"https:\/\/hoteiproperties.es\/activos-hoteles\/radisson-collection-sevilla\/\"><img decoding=\"async\" src=\"https:\/\/hoteiproperties.es\/wp-content\/uploads\/2023\/07\/header-readisson_sevilla-1024x640.jpg\" alt=\"Radisson Collection Sevilla\"\/><\/a><\/figure>\n\n\n\n<p>Sevilla<\/p>\n\n\n\n<h3 class=\"wp-block-heading\"><a href=\"https:\/\/hoteiproperties.es\/activos-hoteles\/radisson-collection-sevilla\/\" data-type=\"page\" data-id=\"126\">Radisson Collection<\/a><\/h3>\n<\/div>\n\n\n\n<div class=\"wp-block-column is-layout-flow wp-block-column-is-layout-flow\">\n<figure class=\"wp-block-image size-full\"><a href=\"https:\/\/hoteiproperties.es\/es\/activos-hoteles\/mercer-plaza-sevilla\/\"><img loading=\"lazy\" decoding=\"async\" width=\"1920\" height=\"1200\" src=\"https:\/\/hoteiproperties.es\/wp-content\/uploads\/2023\/07\/header-nobu_sevilla.jpg\" alt=\"Nobu Sevilla\" class=\"wp-image-6959\"\/><\/a><\/figure>\n\n\n\n<p>Sevilla<\/p>\n\n\n\n<h3 class=\"wp-block-heading\"><a href=\"https:\/\/hoteiproperties.es\/es\/activos-hoteles\/mercer-plaza-sevilla\/\">Mercer Plaza<\/a><\/h3>\n<\/div>\n<\/div>\n\n\n\n<div class=\"wp-block-columns alignfull contActivos is-layout-flex wp-container-core-columns-is-layout-28f84493 wp-block-columns-is-layout-flex\">\n<div class=\"wp-block-column is-layout-flow wp-block-column-is-layout-flow\">\n<figure class=\"wp-block-image size-large\"><a href=\"https:\/\/hoteiproperties.es\/activos-hoteles\/radisson-collection-bilbao\/\"><img loading=\"lazy\" decoding=\"async\" width=\"1024\" height=\"640\" src=\"https:\/\/hoteiproperties.es\/wp-content\/uploads\/2023\/06\/header-radisson_bilbao-1024x640.jpg\" alt=\"Radisson Collection Bilbao\" class=\"wp-image-5898\" srcset=\"https:\/\/hoteiproperties.es\/wp-content\/uploads\/2023\/06\/header-radisson_bilbao-1024x640.jpg 1024w, https:\/\/hoteiproperties.es\/wp-content\/uploads\/2023\/06\/header-radisson_bilbao-300x188.jpg 300w, https:\/\/hoteiproperties.es\/wp-content\/uploads\/2023\/06\/header-radisson_bilbao-768x480.jpg 768w, https:\/\/hoteiproperties.es\/wp-content\/uploads\/2023\/06\/header-radisson_bilbao-1536x960.jpg 1536w, https:\/\/hoteiproperties.es\/wp-content\/uploads\/2023\/06\/header-radisson_bilbao-18x12.jpg 18w, https:\/\/hoteiproperties.es\/wp-content\/uploads\/2023\/06\/header-radisson_bilbao.jpg 1920w\" sizes=\"auto, (max-width: 1024px) 100vw, 1024px\" \/><\/a><\/figure>\n\n\n\n<p>Bilbao<\/p>\n\n\n\n<h3 class=\"wp-block-heading\"><a href=\"https:\/\/hoteiproperties.es\/activos-hoteles\/radisson-collection-bilbao\/\" data-type=\"page\" data-id=\"4018\">Radisson Collection<\/a><\/h3>\n<\/div>\n\n\n\n<div class=\"wp-block-column is-layout-flow wp-block-column-is-layout-flow\">\n<figure class=\"wp-block-image size-full\"><a href=\"https:\/\/hoteiproperties.es\/activos-hoteles\/melia-bilbao\/\"><img loading=\"lazy\" decoding=\"async\" width=\"1920\" height=\"1200\" src=\"https:\/\/hoteiproperties.es\/wp-content\/uploads\/2023\/05\/header-melia_bilbao.jpg\" alt=\"Meli\u00e1 Bilbao\" class=\"wp-image-5097\"\/><\/a><\/figure>\n\n\n\n<p>Bilbao<\/p>\n\n\n\n<h3 class=\"wp-block-heading\"><a href=\"https:\/\/hoteiproperties.es\/activos-hoteles\/melia-bilbao\/\" data-type=\"page\" data-id=\"1891\">Meli\u00e1<\/a><\/h3>\n<\/div>\n\n\n\n<div class=\"wp-block-column is-layout-flow wp-block-column-is-layout-flow\">\n<figure class=\"wp-block-image size-large\"><a href=\"https:\/\/hoteiproperties.es\/activos-hoteles\/nobu-san-sebastian\/\"><img loading=\"lazy\" decoding=\"async\" width=\"1024\" height=\"640\" src=\"https:\/\/hoteiproperties.es\/wp-content\/uploads\/2023\/06\/header-nobu_sansebastian-1024x640.jpg\" alt=\"Nobu San Sebasti\u00e1n\" class=\"wp-image-5236\" srcset=\"https:\/\/hoteiproperties.es\/wp-content\/uploads\/2023\/06\/header-nobu_sansebastian-1024x640.jpg 1024w, https:\/\/hoteiproperties.es\/wp-content\/uploads\/2023\/06\/header-nobu_sansebastian-300x188.jpg 300w, https:\/\/hoteiproperties.es\/wp-content\/uploads\/2023\/06\/header-nobu_sansebastian-768x480.jpg 768w, https:\/\/hoteiproperties.es\/wp-content\/uploads\/2023\/06\/header-nobu_sansebastian-1536x960.jpg 1536w, https:\/\/hoteiproperties.es\/wp-content\/uploads\/2023\/06\/header-nobu_sansebastian.jpg 1920w\" sizes=\"auto, (max-width: 1024px) 100vw, 1024px\" \/><\/a><\/figure>\n\n\n\n<p>San Sebasti\u00e1n<\/p>\n\n\n\n<h3 class=\"wp-block-heading\"><a href=\"https:\/\/hoteiproperties.es\/activos-hoteles\/nobu-san-sebastian\/\" data-type=\"page\" data-id=\"2652\">Nobu<\/a><\/h3>\n<\/div>\n<\/div>\n","protected":false},"excerpt":{"rendered":"<p>Hotei Properties SOCIMI (\u201cHOTEI\u201d), es un veh\u00edculo inmobiliario fiscalmente eficiente especializado en el desarrollo e inversi\u00f3n en hoteles de calidad diferenciada en ubicaciones excelentes, que ofrece la posibilidad de participar en el constante crecimiento del mercado tur\u00edstico de Espa\u00f1a y Portugal, especialmente en el segmento de alta calidad. HOTEI cuenta con una importante cartera de &hellip;<\/p>\n<p class=\"read-more\"> <a class=\"\" href=\"https:\/\/hoteiproperties.es\/es\/quienes-somos\/\"> <span class=\"screen-reader-text\">Qui\u00e9nes somos<\/span> Leer m\u00e1s &raquo;<\/a><\/p>\n","protected":false},"author":1,"featured_media":0,"parent":0,"menu_order":0,"comment_status":"closed","ping_status":"closed","template":"template-interior.php","meta":{"_acf_changed":false,"_uag_custom_page_level_css":"","site-sidebar-layout":"default","site-content-layout":"plain-container","ast-site-content-layout":"normal-width-container","site-content-style":"unboxed","site-sidebar-style":"unboxed","ast-global-header-display":"","ast-banner-title-visibility":"","ast-main-header-display":"","ast-hfb-above-header-display":"","ast-hfb-below-header-display":"","ast-hfb-mobile-header-display":"","site-post-title":"disabled","ast-breadcrumbs-content":"","ast-featured-img":"","footer-sml-layout":"","theme-transparent-header-meta":"","adv-header-id-meta":"","stick-header-meta":"","header-above-stick-meta":"","header-main-stick-meta":"","header-below-stick-meta":"","astra-migrate-meta-layouts":"set","footnotes":"","_links_to":"","_links_to_target":""},"class_list":["post-90","page","type-page","status-publish","hentry"],"acf":[],"uagb_featured_image_src":{"full":false,"thumbnail":false,"medium":false,"medium_large":false,"large":false,"1536x1536":false,"2048x2048":false,"trp-custom-language-flag":false},"uagb_author_info":{"display_name":"Alex","author_link":"https:\/\/hoteiproperties.es\/es\/author\/alex\/"},"uagb_comment_info":0,"uagb_excerpt":"Hotei Properties SOCIMI (\u201cHOTEI\u201d), es un veh\u00edculo inmobiliario fiscalmente eficiente especializado en el desarrollo e inversi\u00f3n en hoteles de calidad diferenciada en ubicaciones excelentes, que ofrece la posibilidad de participar en el constante crecimiento del mercado tur\u00edstico de Espa\u00f1a y Portugal, especialmente en el segmento de alta calidad. HOTEI cuenta con una importante cartera de&hellip;","_links":{"self":[{"href":"https:\/\/hoteiproperties.es\/es\/wp-json\/wp\/v2\/pages\/90","targetHints":{"allow":["GET"]}}],"collection":[{"href":"https:\/\/hoteiproperties.es\/es\/wp-json\/wp\/v2\/pages"}],"about":[{"href":"https:\/\/hoteiproperties.es\/es\/wp-json\/wp\/v2\/types\/page"}],"author":[{"embeddable":true,"href":"https:\/\/hoteiproperties.es\/es\/wp-json\/wp\/v2\/users\/1"}],"replies":[{"embeddable":true,"href":"https:\/\/hoteiproperties.es\/es\/wp-json\/wp\/v2\/comments?post=90"}],"version-history":[{"count":53,"href":"https:\/\/hoteiproperties.es\/es\/wp-json\/wp\/v2\/pages\/90\/revisions"}],"predecessor-version":[{"id":8791,"href":"https:\/\/hoteiproperties.es\/es\/wp-json\/wp\/v2\/pages\/90\/revisions\/8791"}],"wp:attachment":[{"href":"https:\/\/hoteiproperties.es\/es\/wp-json\/wp\/v2\/media?parent=90"}],"curies":[{"name":"wp","href":"https:\/\/api.w.org\/{rel}","templated":true}]}}